{"id":111706,"date":"2024-02-12T00:00:00","date_gmt":"2024-02-11T23:00:00","guid":{"rendered":"http:\/\/gpl-love.com\/fr\/produit\/listdo-directory-listing-wordpress-theme\/"},"modified":"2026-03-20T23:22:33","modified_gmt":"2026-03-20T22:22:33","slug":"listdo-directory-listing-wordpress-theme","status":"publish","type":"product","link":"https:\/\/gpl-love.com\/fr\/produit\/listdo-directory-listing-wordpress-theme\/","title":{"rendered":"Listdo Directory Listing WordPress Theme 1.0.27"},"content":{"rendered":"<h3>Listdo Directory Listing WordPress Theme Traits<\/h3>\n<p>Liste de r\u00e9pertoire ListDO Le th\u00e8me WordPress offre une solution optimale pour les personnes cherchant \u00e0 \u00e9tablir un site Web de r\u00e9pertoire complet. Ce th\u00e8me poss\u00e8de des fonctionnalit\u00e9s et des fonctionnalit\u00e9s avanc\u00e9es qui simplifient le processus de cr\u00e9ation et de gestion des listes, des critiques et des notes. De plus, sa conception \u00e9l\u00e9gante et discr\u00e8te permet aux utilisateurs de concentrer leur attention sur le contenu lui-m\u00eame, tandis que l&rsquo;interface conviviale assure une navigation sans effort. En outre, ce th\u00e8me est enti\u00e8rement r\u00e9actif et personnalisable, offrant aux utilisateurs la possibilit\u00e9 de fa\u00e7onner un site Web d&rsquo;annuaire unique et personnalis\u00e9. Avec le th\u00e8me WordPress de r\u00e9pertoire ListDO \u00e0 leur disposition, les utilisateurs peuvent construire un site Web d&rsquo;annuaire qui est \u00e0 la fois intuitif et convivial, s&rsquo;adressant \u00e0 diverses fins, telles que les r\u00e9pertoires d&rsquo;entreprise, les panneaux d&#8217;emploi ou les listes immobili\u00e8res.<\/p>\n<ul>\n<li>Un th\u00e8me WordPress visuellement magnifique et moderne con\u00e7u pour les annonces de r\u00e9pertoires<\/li>\n<li>Enti\u00e8rement personnalisable avec un panneau d&rsquo;options de th\u00e8me puissant<\/li>\n<li>Fonctionnalit\u00e9 de recherche int\u00e9gr\u00e9e pour permettre aux visiteurs de trouver exactement ce qu&rsquo;ils recherchent<\/li>\n<li>Int\u00e9gration avec Google Maps pour afficher les emplacements et les directions<\/li>\n<li>Plusieurs fa\u00e7ons d&rsquo;afficher les listes, y compris la vue de liste, la vue de grille et la vue de cartes<\/li>\n<li>Un syst\u00e8me d&rsquo;examen et de notation int\u00e9gr\u00e9 aux utilisateurs pour \u00e9valuer et examiner les entreprises<\/li>\n<li>SEO optimis\u00e9 pour am\u00e9liorer le classement des moteurs de recherche<\/li>\n<li>Conception r\u00e9active mobile pour assurer une visualisation optimale sur tous les appareils<\/li>\n<li>Int\u00e9gration avec des plugins populaires comme WooCommerce et le formulaire de contact 7<\/li>\n<li>Construit en utilisant du code propre et organis\u00e9 pour les temps de chargement rapide et des performances optimales.<\/li>\n<\/ul>\n","protected":false},"excerpt":{"rendered":"<p>Le th\u00e8me WordPress r\u00e9pertori\u00e9 ListDO est une solution extr\u00eamement compl\u00e8te qui r\u00e9pond aux besoins des personnes cherchant \u00e0 cr\u00e9er un site Web d&rsquo;annuaire robuste et captivant. Gr\u00e2ce \u00e0 ses fonctionnalit\u00e9s conviviales et \u00e0 sa conception intuitive, ce th\u00e8me garantit que le processus de cr\u00e9ation et de supervision des listes pour diverses entit\u00e9s, y compris les entreprises et les \u00e9v\u00e9nements, devient une entreprise sans tracas. Compos\u00e9 avec les derni\u00e8res avanc\u00e9es des technologies Web, Listdo pr\u00e9sente une esth\u00e9tique visuellement frappante et des fonctionnalit\u00e9s in\u00e9gal\u00e9es, permettant ainsi \u00e0 votre site Web de surpasser sans effort ses concurrents. Que vous poss\u00e9diez une expertise profonde dans le d\u00e9veloppement Web ou que vous vous lanciez dans ce voyage en tant que novice, le th\u00e8me de Listdo \u00e9merge sans \u00e9quivoque comme le choix par excellence pour construire un site Web d&rsquo;annuaire sophistiqu\u00e9 et professionnel.<\/p>\n","protected":false},"featured_media":144382,"comment_status":"open","ping_status":"open","template":"","meta":[],"product_brand":[2433],"product_cat":[1516,1212,1213],"product_tag":[1366],"class_list":{"0":"post-111706","1":"product","2":"type-product","3":"status-publish","4":"has-post-thumbnail","6":"product_brand-themeforest","7":"product_cat-entreprise","8":"product_cat-themes","9":"product_cat-wordpress-themes","10":"product_tag-themeforest","11":"member-discount","12":"discount-restricted","14":"first","15":"instock","16":"sale","17":"downloadable","18":"virtual","19":"sold-individually","20":"purchasable","21":"product-type-simple"},"_links":{"self":[{"href":"https:\/\/gpl-love.com\/fr\/wp-json\/wp\/v2\/product\/111706","targetHints":{"allow":["GET"]}}],"collection":[{"href":"https:\/\/gpl-love.com\/fr\/wp-json\/wp\/v2\/product"}],"about":[{"href":"https:\/\/gpl-love.com\/fr\/wp-json\/wp\/v2\/types\/product"}],"replies":[{"embeddable":true,"href":"https:\/\/gpl-love.com\/fr\/wp-json\/wp\/v2\/comments?post=111706"}],"wp:featuredmedia":[{"embeddable":true,"href":"https:\/\/gpl-love.com\/fr\/wp-json\/wp\/v2\/media\/144382"}],"wp:attachment":[{"href":"https:\/\/gpl-love.com\/fr\/wp-json\/wp\/v2\/media?parent=111706"}],"wp:term":[{"taxonomy":"product_brand","embeddable":true,"href":"https:\/\/gpl-love.com\/fr\/wp-json\/wp\/v2\/product_brand?post=111706"},{"taxonomy":"product_cat","embeddable":true,"href":"https:\/\/gpl-love.com\/fr\/wp-json\/wp\/v2\/product_cat?post=111706"},{"taxonomy":"product_tag","embeddable":true,"href":"https:\/\/gpl-love.com\/fr\/wp-json\/wp\/v2\/product_tag?post=111706"}],"curies":[{"name":"wp","href":"https:\/\/api.w.org\/{rel}","templated":true}]}}