{"id":111704,"date":"2025-12-12T00:00:00","date_gmt":"2025-12-11T23:00:00","guid":{"rendered":"http:\/\/gpl-love.com\/fr\/produit\/gravity-forms-stripe-addon\/"},"modified":"2026-03-20T23:18:10","modified_gmt":"2026-03-20T22:18:10","slug":"gravity-forms-stripe-addon","status":"publish","type":"product","link":"https:\/\/gpl-love.com\/fr\/produit\/gravity-forms-stripe-addon\/","title":{"rendered":"Gravity Forms Stripe Addon 6.0.2"},"content":{"rendered":"<h3>Gravity Forms Stripe Addon Traits<\/h3>\n<p>Les formulaires Gravity Stripe Addon, un outil exceptionnel \u00e0 part enti\u00e8re, offrent aux utilisateurs l&rsquo;occasion transparente d&rsquo;incorporer de mani\u00e8re transparente la plate-forme de traitement de paiement tr\u00e8s recherch\u00e9e, Stripe, dans leurs formulaires en ligne. Non seulement cet addon avanc\u00e9 offre une m\u00e9thodologie directe et fortifi\u00e9e pour que les entreprises compilent avec pr\u00e9cision les paiements, les dons et les transactions budg\u00e9taires diverses de mani\u00e8re directe gr\u00e2ce \u00e0 leurs formulaires, mais il offre \u00e9galement aux utilisateurs la capacit\u00e9 in\u00e9gal\u00e9e de personnaliser leurs formulaires et leurs pr\u00e9f\u00e9rences de paie aligner avec leurs exigences pr\u00e9cises. Par cons\u00e9quent, avec les fonctionnalit\u00e9s in\u00e9gal\u00e9es accord\u00e9es aux entreprises par les formulaires de gravit\u00e9 Stripe Addon, non seulement ils peuvent augmenter leurs sources de revenus, mais ils peuvent \u00e9galement optimiser leurs proc\u00e9dures de paiement, le tout sans stress ni inconv\u00e9nient indus.<\/p>\n<ul>\n<li>Int\u00e8gre le syst\u00e8me de paiement Stripe de mani\u00e8re transparente avec les formulaires de gravit\u00e9 WordPress<\/li>\n<li>Rend les paiements en ligne faciles et s\u00e9curis\u00e9s pour les clients<\/li>\n<li>Prend en charge plusieurs types de paiement, y compris les cartes de cr\u00e9dit et Apple Pay<\/li>\n<li>Les utilisateurs peuvent configurer des paiements et des abonnements r\u00e9currents<\/li>\n<li>Propose des formulaires de paiement adaptatifs pour les appareils mobiles<\/li>\n<li>Fournit une interface de glisser-d\u00e9poser intuitive pour une personnalisation facile des formulaires de paiement<\/li>\n<li>Offre des mesures de s\u00e9curit\u00e9 et de pr\u00e9vention de la fraude robustes<\/li>\n<li>Documentation compl\u00e8te et soutien disponibles<\/li>\n<li>Mises \u00e0 jour r\u00e9guli\u00e8res et am\u00e9liorations pour assurer la compatibilit\u00e9 et les performances<\/li>\n<li>Options de tarification abordables pour r\u00e9pondre \u00e0 divers besoins commerciaux<\/li>\n<\/ul>\n","protected":false},"excerpt":{"rendered":"<p>Les formulaires de gravit\u00e9 Stripe Addon servent d&rsquo;outil d&rsquo;int\u00e9gration tr\u00e8s efficace qui relie impeccablement votre plugin de formulaires de gravit\u00e9 \u00e0 votre passerelle de paiement Stripe, vous permettant ainsi de rassembler et de g\u00e9rer sans effort les paiements de vos visiteurs ou clients estim\u00e9s. Cet addon ing\u00e9nieux rationalise la proc\u00e9dure autrement complexe d&rsquo;accepter les paiements en ligne en offrant une exp\u00e9rience de paiement conviviale et infaillible, remplit la capacit\u00e9 d&rsquo;adopter toutes les cartes de cr\u00e9dit et devises de premier plan. Gr\u00e2ce aux capacit\u00e9s remarquables offertes par l&rsquo;addon Stripe Forms de Gravity Forms, vous pouvez superviser et surveiller sans effort chaque transaction, vente et revenus g\u00e9n\u00e9r\u00e9s, tous facilement accessibles \u00e0 partir des limites de votre tableau de bord WordPress.<\/p>\n","protected":false},"featured_media":144093,"comment_status":"open","ping_status":"open","template":"","meta":[],"product_brand":[2565],"product_cat":[1253,1181,1186],"product_tag":[1275],"class_list":{"0":"post-111704","1":"product","2":"type-product","3":"status-publish","4":"has-post-thumbnail","6":"product_brand-gravityforms","7":"product_cat-paiement","8":"product_cat-plugins","9":"product_cat-wordpress-plugins","10":"product_tag-gravityforms","11":"member-discount","12":"discount-restricted","14":"first","15":"instock","16":"sale","17":"downloadable","18":"virtual","19":"sold-individually","20":"purchasable","21":"product-type-simple"},"_links":{"self":[{"href":"https:\/\/gpl-love.com\/fr\/wp-json\/wp\/v2\/product\/111704","targetHints":{"allow":["GET"]}}],"collection":[{"href":"https:\/\/gpl-love.com\/fr\/wp-json\/wp\/v2\/product"}],"about":[{"href":"https:\/\/gpl-love.com\/fr\/wp-json\/wp\/v2\/types\/product"}],"replies":[{"embeddable":true,"href":"https:\/\/gpl-love.com\/fr\/wp-json\/wp\/v2\/comments?post=111704"}],"wp:featuredmedia":[{"embeddable":true,"href":"https:\/\/gpl-love.com\/fr\/wp-json\/wp\/v2\/media\/144093"}],"wp:attachment":[{"href":"https:\/\/gpl-love.com\/fr\/wp-json\/wp\/v2\/media?parent=111704"}],"wp:term":[{"taxonomy":"product_brand","embeddable":true,"href":"https:\/\/gpl-love.com\/fr\/wp-json\/wp\/v2\/product_brand?post=111704"},{"taxonomy":"product_cat","embeddable":true,"href":"https:\/\/gpl-love.com\/fr\/wp-json\/wp\/v2\/product_cat?post=111704"},{"taxonomy":"product_tag","embeddable":true,"href":"https:\/\/gpl-love.com\/fr\/wp-json\/wp\/v2\/product_tag?post=111704"}],"curies":[{"name":"wp","href":"https:\/\/api.w.org\/{rel}","templated":true}]}}