{"id":111702,"date":"2026-04-18T00:00:00","date_gmt":"2026-04-17T22:00:00","guid":{"rendered":"http:\/\/gpl-love.com\/fr\/produit\/gravity-forms-coupons-addon\/"},"modified":"2026-04-19T00:30:36","modified_gmt":"2026-04-18T22:30:36","slug":"gravity-forms-coupons-addon","status":"publish","type":"product","link":"https:\/\/gpl-love.com\/fr\/produit\/gravity-forms-coupons-addon\/","title":{"rendered":"Gravity Forms Coupons Addon 3.5.0.1"},"content":{"rendered":"<h3>Gravity Forms Coupons Addon Traits<\/h3>\n<p>L&rsquo;addon de coupons de formes de gravit\u00e9, un outil incroyablement puissant, vous permet de modeler et de superviser sans effort les coupons sur votre site Web qui est aliment\u00e9 par des formes de gravit\u00e9. En tirant parti de cet addon, vous pouvez facilement \u00e9tendre les remises et les promotions \u00e0 votre client\u00e8le estim\u00e9e, stimulant ainsi les ventes et favorisant la fid\u00e9lisation in\u00e9branlable de la client\u00e8le. Emball\u00e9 avec une myriade de fonctionnalit\u00e9s, cet addon vous offre la capacit\u00e9 d&rsquo;\u00e9tablir des dates d&rsquo;expiration, de r\u00e9guler l&rsquo;utilisation des coupons et de surveiller m\u00e9ticuleusement l&rsquo;utilisation des coupons. De plus, vous poss\u00e9dez la libert\u00e9 de personnaliser l&rsquo;apparence de vos coupons d&rsquo;une mani\u00e8re qui s&rsquo;aligne impeccablement avec l&rsquo;essence de votre marque tout en les incorporant de mani\u00e8re transparente avec d&rsquo;autres formes de gravit\u00e9 addons \u00e0 forger des formes qui d\u00e9gagent une immense puissance et captivent l&rsquo;attention de votre public. Whether you are operating an e-commerce emporium, a membership-based platform, or executing a campaign to generate leads, the Gravity Forms Coupons Addon is truly an indispensable resource for any discerning website proprietor hankering to ameliorate their sales figures and augment their conversion rates .<\/p>\n<ul>\n<li>Cr\u00e9er et g\u00e9rer facilement les coupons pour les soumissions de formulaires de gravit\u00e9<\/li>\n<li>Appliquer des r\u00e9ductions aux soumissions de formulaires en fonction de l&rsquo;utilisation des coupons<\/li>\n<li>Personnaliser les codes de r\u00e9duction et les dates d&rsquo;expiration<\/li>\n<li>Limiter l&rsquo;utilisation du coupon \u00e0 des formulaires ou des champs de formulaires sp\u00e9cifiques<\/li>\n<li>Suivre les statistiques d&rsquo;utilisation des coupons pour \u00e9clairer les strat\u00e9gies de marketing<\/li>\n<li>Augmenter les ventes et la fid\u00e9lit\u00e9 des clients en offrant des remises et des promotions<\/li>\n<li>Int\u00e9gration transparente avec les formulaires de gravit\u00e9 pour une exp\u00e9rience conviviale.<\/li>\n<\/ul>\n","protected":false},"excerpt":{"rendered":"<p>L&rsquo;addon de coupons de formes de gravit\u00e9 se pr\u00e9sente comme une solution impeccable con\u00e7ue sp\u00e9cifiquement pour les personnes cherchant \u00e0 ex\u00e9cuter des promotions et des remises sur leurs formulaires. Sa capacit\u00e9 in\u00e9gal\u00e9e permet aux utilisateurs d&rsquo;incorporer sans effort les codes de coupon sur leurs formulaires de gravit\u00e9, facilitant ainsi les clients \u00e0 les \u00e9changer pendant le processus de paiement. En tirant parti de l&rsquo;addon de coupons, les entreprises peuvent ex\u00e9cuter sans effort des campagnes de marketing hautement cibl\u00e9es, favorisant ainsi une augmentation exponentielle des ventes et renfor\u00e7ant la fid\u00e9lit\u00e9 des clients. De plus, l&rsquo;int\u00e9gration transparente de cet addon s&rsquo;assimile de mani\u00e8re transparente dans n&rsquo;importe quel site Web ou boutique en ligne, ce qui le rend un outil indispensable pour les propri\u00e9taires de petites entreprises et les sp\u00e9cialistes du marketing cherchant \u00e0 \u00e9lever leurs campagnes \u00e0 des hauteurs sans pr\u00e9c\u00e9dent.<\/p>\n","protected":false},"featured_media":144064,"comment_status":"open","ping_status":"open","template":"","meta":[],"product_brand":[2565],"product_cat":[1207,1181,1186],"product_tag":[1275],"class_list":{"0":"post-111702","1":"product","2":"type-product","3":"status-publish","4":"has-post-thumbnail","6":"product_brand-gravityforms","7":"product_cat-commercialisation-wordpress-plugins","8":"product_cat-plugins","9":"product_cat-wordpress-plugins","10":"product_tag-gravityforms","11":"member-discount","12":"discount-restricted","14":"first","15":"instock","16":"sale","17":"downloadable","18":"virtual","19":"sold-individually","20":"purchasable","21":"product-type-simple"},"_links":{"self":[{"href":"https:\/\/gpl-love.com\/fr\/wp-json\/wp\/v2\/product\/111702","targetHints":{"allow":["GET"]}}],"collection":[{"href":"https:\/\/gpl-love.com\/fr\/wp-json\/wp\/v2\/product"}],"about":[{"href":"https:\/\/gpl-love.com\/fr\/wp-json\/wp\/v2\/types\/product"}],"replies":[{"embeddable":true,"href":"https:\/\/gpl-love.com\/fr\/wp-json\/wp\/v2\/comments?post=111702"}],"wp:featuredmedia":[{"embeddable":true,"href":"https:\/\/gpl-love.com\/fr\/wp-json\/wp\/v2\/media\/144064"}],"wp:attachment":[{"href":"https:\/\/gpl-love.com\/fr\/wp-json\/wp\/v2\/media?parent=111702"}],"wp:term":[{"taxonomy":"product_brand","embeddable":true,"href":"https:\/\/gpl-love.com\/fr\/wp-json\/wp\/v2\/product_brand?post=111702"},{"taxonomy":"product_cat","embeddable":true,"href":"https:\/\/gpl-love.com\/fr\/wp-json\/wp\/v2\/product_cat?post=111702"},{"taxonomy":"product_tag","embeddable":true,"href":"https:\/\/gpl-love.com\/fr\/wp-json\/wp\/v2\/product_tag?post=111702"}],"curies":[{"name":"wp","href":"https:\/\/api.w.org\/{rel}","templated":true}]}}