{"id":111700,"date":"2021-06-17T00:00:00","date_gmt":"2021-06-16T22:00:00","guid":{"rendered":"http:\/\/gpl-love.com\/fr\/produit\/filebase-wordpress-media-library-folders\/"},"modified":"2026-03-20T23:05:49","modified_gmt":"2026-03-20T22:05:49","slug":"filebase-wordpress-media-library-folders","status":"publish","type":"product","link":"https:\/\/gpl-love.com\/fr\/produit\/filebase-wordpress-media-library-folders\/","title":{"rendered":"FileBase WordPress Media Library Folders 2.0.5"},"content":{"rendered":"<h3>FileBase WordPress Media Library Folders Traits<\/h3>\n<p>FileBase, un plugin WordPress, offre aux utilisateurs la possibilit\u00e9 d&rsquo;am\u00e9liorer les fonctionnalit\u00e9s de leur biblioth\u00e8que de m\u00e9dias via l&rsquo;organisation des fichiers dans des dossiers. Ce plugin permet la cr\u00e9ation d&rsquo;un nombre illimit\u00e9 de dossiers et de sous-dossiers, ce qui simplifie consid\u00e9rablement la gestion et la r\u00e9cup\u00e9ration des fichiers multim\u00e9dias. Notamment, FileBase poss\u00e8de une interface conviviale \u00e0 la fois intuitive et facile \u00e0 naviguer. De plus, il est important de souligner que ce plugin est compatible avec un large \u00e9ventail de formats de fichiers, englobant des images, des vid\u00e9os et des fichiers audio. En outre, les utilisateurs peuvent \u00e9galement profiter des capacit\u00e9s de FileBase pour t\u00e9l\u00e9charger, supprimer et modifier des fichiers directement dans les dossiers, cimentant ainsi son statut d&rsquo;outil inestimable pour les cr\u00e9ateurs de contenu et les administrateurs de sites. De plus, le processus d&rsquo;installation de ce plugin est sans tracas, et il offre en outre de nombreuses options de personnalisation pour r\u00e9pondre aux divers besoins et pr\u00e9f\u00e9rences des utilisateurs de WordPress cherchant \u00e0 optimiser leurs flux de travail de gestion des m\u00e9dias.<\/p>\n<ul>\n<li>Organisez facilement votre biblioth\u00e8que de m\u00e9dias WordPress en utilisant des dossiers de biblioth\u00e8que de m\u00e9dias<\/li>\n<li>Cr\u00e9ez des dossiers et des sous-reprendurs illimit\u00e9s pour mieux classer vos fichiers multim\u00e9dias<\/li>\n<li>Fichiers de t\u00e9l\u00e9chargement en vrac directement dans les dossiers d\u00e9sign\u00e9s<\/li>\n<li>Renommer, d\u00e9placer ou supprimer facilement les fichiers dans vos dossiers<\/li>\n<li>Recherchez rapidement des fichiers par nom ou emplacement du dossier<\/li>\n<li>Prot\u00e9gez votre biblioth\u00e8que de m\u00e9dias en d\u00e9finissant des autorisations de dossier pour des groupes d&rsquo;utilisateurs sp\u00e9cifiques<\/li>\n<li>Compatible avec les th\u00e8mes WordPress les plus populaires et les constructeurs de pages<\/li>\n<li>R\u00e9duisez l&rsquo;encombrement et am\u00e9liorez le flux de travail en rationalisant votre processus d&rsquo;organisation des m\u00e9dias<\/li>\n<li>Cr\u00e9ation automatique des dossiers pour chaque publication et page que vous cr\u00e9ez<\/li>\n<li>Profitez d&rsquo;une exp\u00e9rience plus conviviale en priorisant la gestion du contenu des m\u00e9dias.<\/li>\n<\/ul>\n","protected":false},"excerpt":{"rendered":"<p>FileBase, un plugin WordPress hautement fonctionnel et convivial, sert \u00e0 amplifier les capacit\u00e9s de la biblioth\u00e8que multim\u00e9dia via la facilitation de l&rsquo;organisation de fichiers dans des dossiers coh\u00e9sifs. Cet outil innovant rationalise et optimise consid\u00e9rablement le processus autrement lourd et long de la gestion des m\u00e9dias pour les utilisateurs, entra\u00eenant finalement une navigation et une utilisation sans effort et sans effort de leurs pr\u00e9cieux actifs m\u00e9diatiques. En raison de son interface con\u00e7ue intuitivement, FileBase simplifie efficacement les t\u00e2ches complexes du t\u00e9l\u00e9chargement, de l&rsquo;organisation et de la pr\u00e9sentation des supports dans le cadre des sites Web WordPress. Offrez des adieux \u00e0 la nature chaotique et d\u00e9sordonn\u00e9e des biblioth\u00e8ques des m\u00e9dias et adoptez l&rsquo;efficacit\u00e9 et l&rsquo;efficacit\u00e9 extraordinaires de la gestion du contenu que Filebase a \u00e0 offrir.<\/p>\n","protected":false},"featured_media":143864,"comment_status":"open","ping_status":"open","template":"","meta":[],"product_brand":[2435],"product_cat":[1187,1181,1186],"product_tag":[1231],"class_list":{"0":"post-111700","1":"product","2":"type-product","3":"status-publish","4":"has-post-thumbnail","6":"product_brand-codecanyon","7":"product_cat-administration-wordpress-plugins","8":"product_cat-plugins","9":"product_cat-wordpress-plugins","10":"product_tag-codecanyon","11":"member-discount","12":"discount-restricted","14":"first","15":"instock","16":"sale","17":"downloadable","18":"virtual","19":"sold-individually","20":"purchasable","21":"product-type-simple"},"_links":{"self":[{"href":"https:\/\/gpl-love.com\/fr\/wp-json\/wp\/v2\/product\/111700","targetHints":{"allow":["GET"]}}],"collection":[{"href":"https:\/\/gpl-love.com\/fr\/wp-json\/wp\/v2\/product"}],"about":[{"href":"https:\/\/gpl-love.com\/fr\/wp-json\/wp\/v2\/types\/product"}],"replies":[{"embeddable":true,"href":"https:\/\/gpl-love.com\/fr\/wp-json\/wp\/v2\/comments?post=111700"}],"wp:featuredmedia":[{"embeddable":true,"href":"https:\/\/gpl-love.com\/fr\/wp-json\/wp\/v2\/media\/143864"}],"wp:attachment":[{"href":"https:\/\/gpl-love.com\/fr\/wp-json\/wp\/v2\/media?parent=111700"}],"wp:term":[{"taxonomy":"product_brand","embeddable":true,"href":"https:\/\/gpl-love.com\/fr\/wp-json\/wp\/v2\/product_brand?post=111700"},{"taxonomy":"product_cat","embeddable":true,"href":"https:\/\/gpl-love.com\/fr\/wp-json\/wp\/v2\/product_cat?post=111700"},{"taxonomy":"product_tag","embeddable":true,"href":"https:\/\/gpl-love.com\/fr\/wp-json\/wp\/v2\/product_tag?post=111700"}],"curies":[{"name":"wp","href":"https:\/\/api.w.org\/{rel}","templated":true}]}}