{"id":111698,"date":"2025-11-06T00:00:00","date_gmt":"2025-11-05T23:00:00","guid":{"rendered":"http:\/\/gpl-love.com\/fr\/produit\/elite-video-player-wordpress-plugin\/"},"modified":"2026-03-20T23:03:28","modified_gmt":"2026-03-20T22:03:28","slug":"elite-video-player-wordpress-plugin","status":"publish","type":"product","link":"https:\/\/gpl-love.com\/fr\/produit\/elite-video-player-wordpress-plugin\/","title":{"rendered":"Elite Video Player WordPress Plugin 11.0.1"},"content":{"rendered":"<h3>Elite Video Player WordPress Plugin Traits<\/h3>\n<p>Le plugin Elite Video Player WordPress poss\u00e8de un \u00e9ventail de fonctionnalit\u00e9s puissantes, ce qui en fait un outil inestimable pour ceux qui cherchent \u00e0 \u00e9lever leur site Web avec du contenu vid\u00e9o de premier ordre. Ce plugin exceptionnel va au-del\u00e0 des bases, offrant une vaste s\u00e9lection de skins personnalisables, de listes de lecture et d&rsquo;options de conception r\u00e9actives, permettant aux utilisateurs de cr\u00e9er sans effort un lecteur vid\u00e9o visuellement magnifique qui s&rsquo;int\u00e8gre de mani\u00e8re transparente \u00e0 l&rsquo;esth\u00e9tique de leur site Web. De plus, sa compatibilit\u00e9 avec plusieurs formats vid\u00e9o garantit qu&rsquo;elle peut \u00eatre accessible sur un large \u00e9ventail d&rsquo;appareils et de plates-formes, maximisant sa port\u00e9e et son impact. De plus, le lecteur vid\u00e9o Elite ne s&rsquo;arr\u00eate pas \u00e0 fournir simplement une interface visuellement attrayante; Il propose \u00e9galement des capacit\u00e9s avanc\u00e9es d&rsquo;analyse et de suivi, permettant aux utilisateurs de pr\u00e9cieux informations sur leurs performances vid\u00e9o. En tirant parti de cette approche bas\u00e9e sur les donn\u00e9es, les utilisateurs peuvent prendre des d\u00e9cisions \u00e9clair\u00e9es pour am\u00e9liorer l&rsquo;engagement et les conversions. Dans l&rsquo;ensemble, avec son interface conviviale et ses fonctionnalit\u00e9s robustes, le plugin WordPress du lecteur vid\u00e9o Elite appara\u00eet comme le choix ultime pour ceux qui visent \u00e0 porter leur contenu vid\u00e9o sur de nouveaux sommets et \u00e0 captiver leur public comme jamais auparavant.<\/p>\n<ul>\n<li>Playage vid\u00e9o de haute qualit\u00e9 avec des fonctionnalit\u00e9s de lecteur vid\u00e9o avanc\u00e9.<\/li>\n<li>Prend en charge tous les formats de fichiers vid\u00e9o populaires et s&rsquo;int\u00e8gre parfaitement \u00e0 votre site WordPress.<\/li>\n<li>Skins et conceptions personnalisables pour correspondre \u00e0 votre marque et \u00e0 votre th\u00e8me de site Web.<\/li>\n<li>Mode plein \u00e9cran, place automatique et multiples options de vitesse de lecture pour une exp\u00e9rience utilisateur transparente.<\/li>\n<li>Galerie vid\u00e9o et options de playlist pour l&rsquo;organisation et la gestion faciles de vos vid\u00e9os.<\/li>\n<li>Conception r\u00e9active qui fonctionne sur toutes les tailles d&rsquo;appareils pour une exp\u00e9rience vraiment adapt\u00e9e aux mobiles.<\/li>\n<li>Facile \u00e0 installer et \u00e0 configurer sans codage requis.<\/li>\n<li>Analyse avanc\u00e9e et options de suivi pour surveiller les performances vid\u00e9o et l&rsquo;engagement.<\/li>\n<li>S\u00e9curis\u00e9 et fiable avec des mises \u00e0 jour r\u00e9guli\u00e8res et un support d\u00e9di\u00e9.<\/li>\n<\/ul>\n","protected":false},"excerpt":{"rendered":"<p>Le lecteur vid\u00e9o Elite, un plugin WordPress incroyablement robuste, pr\u00e9sente un tableau de capacit\u00e9s sans pr\u00e9c\u00e9dent concernant les performances de lecture vid\u00e9o et une interface utilisateur flexible. \u00c9quip\u00e9e de fonctionnalit\u00e9s de pointe telles que la commutation de qualit\u00e9 vid\u00e9o, le r\u00e9glage de la vitesse de lecture et le support de sous-titrage ferm\u00e9, ce plugin poss\u00e8de la capacit\u00e9 de r\u00e9pondre sans effort aux exigences vid\u00e9o les plus rigoureuses. De plus, son interface navigable sans effort facilite la personnalisation transparente de la conception et des fonctionnalit\u00e9s du joueur, ce qui en fait un choix id\u00e9al pour les entreprises, les blogueurs et les cr\u00e9ateurs de contenu. Que l&rsquo;objectif \u00e0 port\u00e9e de main implique d&rsquo;augmenter le contenu vid\u00e9o pr\u00e9sent\u00e9 sur votre site Web ou de affiner votre exp\u00e9rience utilisateur globale, la s\u00e9lection du plugin Elite Video Player se r\u00e9v\u00e9lerait sans aucun doute une d\u00e9cision astucieuse.<\/p>\n","protected":false},"featured_media":143712,"comment_status":"open","ping_status":"open","template":"","meta":[],"product_brand":[2435],"product_cat":[1189,1181,1186],"product_tag":[1231],"class_list":{"0":"post-111698","1":"product","2":"type-product","3":"status-publish","4":"has-post-thumbnail","6":"product_brand-codecanyon","7":"product_cat-personnalisation","8":"product_cat-plugins","9":"product_cat-wordpress-plugins","10":"product_tag-codecanyon","11":"member-discount","12":"discount-restricted","14":"first","15":"instock","16":"sale","17":"downloadable","18":"virtual","19":"sold-individually","20":"purchasable","21":"product-type-simple"},"_links":{"self":[{"href":"https:\/\/gpl-love.com\/fr\/wp-json\/wp\/v2\/product\/111698","targetHints":{"allow":["GET"]}}],"collection":[{"href":"https:\/\/gpl-love.com\/fr\/wp-json\/wp\/v2\/product"}],"about":[{"href":"https:\/\/gpl-love.com\/fr\/wp-json\/wp\/v2\/types\/product"}],"replies":[{"embeddable":true,"href":"https:\/\/gpl-love.com\/fr\/wp-json\/wp\/v2\/comments?post=111698"}],"wp:featuredmedia":[{"embeddable":true,"href":"https:\/\/gpl-love.com\/fr\/wp-json\/wp\/v2\/media\/143712"}],"wp:attachment":[{"href":"https:\/\/gpl-love.com\/fr\/wp-json\/wp\/v2\/media?parent=111698"}],"wp:term":[{"taxonomy":"product_brand","embeddable":true,"href":"https:\/\/gpl-love.com\/fr\/wp-json\/wp\/v2\/product_brand?post=111698"},{"taxonomy":"product_cat","embeddable":true,"href":"https:\/\/gpl-love.com\/fr\/wp-json\/wp\/v2\/product_cat?post=111698"},{"taxonomy":"product_tag","embeddable":true,"href":"https:\/\/gpl-love.com\/fr\/wp-json\/wp\/v2\/product_tag?post=111698"}],"curies":[{"name":"wp","href":"https:\/\/api.w.org\/{rel}","templated":true}]}}