{"id":111696,"date":"2024-06-29T00:00:00","date_gmt":"2024-06-28T22:00:00","guid":{"rendered":"http:\/\/gpl-love.com\/fr\/produit\/edumy-lms-online-education-course-wordpress-theme\/"},"modified":"2026-03-20T23:02:59","modified_gmt":"2026-03-20T22:02:59","slug":"edumy-lms-online-education-course-wordpress-theme","status":"publish","type":"product","link":"https:\/\/gpl-love.com\/fr\/produit\/edumy-lms-online-education-course-wordpress-theme\/","title":{"rendered":"Edumy Education Course Theme 1.2.23"},"content":{"rendered":"<h3>Edumy Education Course Theme Traits<\/h3>\n<p>Le th\u00e8me du cours d&rsquo;\u00e9ducation Edumy est un th\u00e8me extr\u00eamement efficace et convivial qui a \u00e9t\u00e9 sp\u00e9cialement con\u00e7u pour les sites Web d&rsquo;\u00e9ducation qui s&rsquo;adressent aux \u00e9tudiants, aux enseignants et aux \u00e9tablissements d&rsquo;enseignement. Avec son design \u00e9l\u00e9gant et contemporain, le th\u00e8me propose un large \u00e9ventail de fonctionnalit\u00e9s, telles que des dispositions personnalisables, des pages pr\u00e9d\u00e9finies et des widgets facilement navigables, qui permettent aux utilisateurs de cr\u00e9er sans effort un site Web tr\u00e8s professionnel et esth\u00e9tique . En plus de cela, le th\u00e8me est enti\u00e8rement r\u00e9actif et m\u00e9ticuleusement optimis\u00e9 pour les moteurs de recherche, garantissant ainsi une exp\u00e9rience utilisateur transparente et captivante sur tous les types d&rsquo;appareils. En outre, le th\u00e8me poss\u00e8de un panneau d&rsquo;administration robuste et flexible qui permet aux utilisateurs d&rsquo;exercer un contr\u00f4le complet sur la personnalisation et la gestion de leur site Web, ce qui en fait un choix id\u00e9al non seulement pour les d\u00e9butants mais \u00e9galement les d\u00e9veloppeurs chevronn\u00e9s. Prenant tout en consid\u00e9ration, il est \u00e9vident que le th\u00e8me du cours d&rsquo;\u00e9ducation Edumy sert de solution compl\u00e8te pour la cr\u00e9ation de sites Web d&rsquo;\u00e9ducation dynamiques et captivants qui r\u00e9pondent \u00e0 bien aux besoins des apprenants contemporains.<\/p>\n<ul>\n<li>Un th\u00e8me de cours d&rsquo;\u00e9ducation convial con\u00e7u par des professionnels pour les sites Web et les plateformes en ligne<\/li>\n<li>Hautement personnalisable pour r\u00e9pondre aux besoins sp\u00e9cifiques et \u00e0 la marque des utilisateurs individuels<\/li>\n<li>Comprend des mod\u00e8les pr\u00e9-con\u00e7us pour divers types de contenu \u00e9ducatif, tels que les pages de cours, les profils d&rsquo;instructeurs et les horaires de classe<\/li>\n<li>Construit avec une conception r\u00e9active, assurant une visualisation optimale sur tous les appareils, y compris les ordinateurs de bureau, les tablettes et les smartphones<\/li>\n<li>Int\u00e9gr\u00e9 aux syst\u00e8mes de gestion de l&rsquo;apprentissage populaires pour une cr\u00e9ation et une gestion faciles de cours<\/li>\n<li>Propose des \u00e9l\u00e9ments interactifs tels que des quiz, des \u00e9valuations et des forums de discussion pour engager et motiver les apprenants<\/li>\n<li>Comprend des outils int\u00e9gr\u00e9s pour le traitement des paiements, l&rsquo;inscription des \u00e9tudiants et le suivi des cours<\/li>\n<li>Optimis\u00e9 pour les moteurs de recherche pour augmenter la visibilit\u00e9 et attirer de nouveaux \u00e9tudiants<\/li>\n<li>RECLUG\u00c9 MISE \u00c0 JOUR AVEC DE LA NOUVELLES FONCTIONNELLES ET DE LA FONCTIONNES POUR ALUMER LA PERTINE ET LES PERFORMANCES.<\/li>\n<li>Support technique 24\/7 et service client pour tous les utilisateurs.<\/li>\n<\/ul>\n","protected":false},"excerpt":{"rendered":"<p>Le th\u00e8me du cours d&rsquo;\u00e9ducation Edumy est une solution tr\u00e8s efficace et efficace qui r\u00e9pond aux besoins des \u00e9tablissements d&rsquo;enseignement et des prestataires de cours en ligne. Sa conception m\u00e9ticuleusement con\u00e7ue et son interface conviviale rendent exceptionnellement facile \u00e0 cr\u00e9er des cours captivants et dynamiques qui ne captivent pas et engagent les \u00e9tudiants. Ce th\u00e8me a \u00e9t\u00e9 consid\u00e9rablement d\u00e9velopp\u00e9 et int\u00e8gre tous les \u00e9l\u00e9ments essentiels n\u00e9cessaires pour am\u00e9liorer l&rsquo;exp\u00e9rience d&rsquo;enseignement. Il s&rsquo;agit notamment de l&rsquo;inscription des cours en ligne pratique, de l&rsquo;inscription sans couture des \u00e9tudiants, de la conception r\u00e9active adaptable et de la possibilit\u00e9 de personnaliser le contenu du cours en fonction des exigences individuelles. Que vous vous lanciez dans le parcours passionnant de lancer une plate-forme d&rsquo;apprentissage en ligne ou que vous cherchiez \u00e0 am\u00e9liorer votre site Web \u00e9ducatif existant, le th\u00e8me du cours Edumy Education est la t\u00eate et les \u00e9paules au-dessus du reste comme le choix optimal pour l&rsquo;\u00e9ducation contemporaine.<\/p>\n","protected":false},"featured_media":143681,"comment_status":"open","ping_status":"open","template":"","meta":[],"product_brand":[2433],"product_cat":[1516,1212,1213],"product_tag":[1366],"class_list":{"0":"post-111696","1":"product","2":"type-product","3":"status-publish","4":"has-post-thumbnail","6":"product_brand-themeforest","7":"product_cat-entreprise","8":"product_cat-themes","9":"product_cat-wordpress-themes","10":"product_tag-themeforest","11":"member-discount","12":"discount-restricted","14":"first","15":"instock","16":"sale","17":"downloadable","18":"virtual","19":"sold-individually","20":"purchasable","21":"product-type-simple"},"_links":{"self":[{"href":"https:\/\/gpl-love.com\/fr\/wp-json\/wp\/v2\/product\/111696","targetHints":{"allow":["GET"]}}],"collection":[{"href":"https:\/\/gpl-love.com\/fr\/wp-json\/wp\/v2\/product"}],"about":[{"href":"https:\/\/gpl-love.com\/fr\/wp-json\/wp\/v2\/types\/product"}],"replies":[{"embeddable":true,"href":"https:\/\/gpl-love.com\/fr\/wp-json\/wp\/v2\/comments?post=111696"}],"wp:featuredmedia":[{"embeddable":true,"href":"https:\/\/gpl-love.com\/fr\/wp-json\/wp\/v2\/media\/143681"}],"wp:attachment":[{"href":"https:\/\/gpl-love.com\/fr\/wp-json\/wp\/v2\/media?parent=111696"}],"wp:term":[{"taxonomy":"product_brand","embeddable":true,"href":"https:\/\/gpl-love.com\/fr\/wp-json\/wp\/v2\/product_brand?post=111696"},{"taxonomy":"product_cat","embeddable":true,"href":"https:\/\/gpl-love.com\/fr\/wp-json\/wp\/v2\/product_cat?post=111696"},{"taxonomy":"product_tag","embeddable":true,"href":"https:\/\/gpl-love.com\/fr\/wp-json\/wp\/v2\/product_tag?post=111696"}],"curies":[{"name":"wp","href":"https:\/\/api.w.org\/{rel}","templated":true}]}}