{"id":111694,"date":"2021-09-26T00:00:00","date_gmt":"2021-09-25T22:00:00","guid":{"rendered":"http:\/\/gpl-love.com\/fr\/produit\/coinflip-casino-affiliate-gambling-wordpress-theme\/"},"modified":"2026-03-20T22:58:47","modified_gmt":"2026-03-20T21:58:47","slug":"coinflip-casino-affiliate-gambling-wordpress-theme","status":"publish","type":"product","link":"https:\/\/gpl-love.com\/fr\/produit\/coinflip-casino-affiliate-gambling-wordpress-theme\/","title":{"rendered":"Coinflip Casino Affiliate et Gambling WordPress Theme 2.1"},"content":{"rendered":"<h3>Coinflip Casino Affiliate et Gambling WordPress Theme Traits<\/h3>\n<p>Si vous \u00eates \u00e0 la recherche d&rsquo;une solution id\u00e9ale pour lancer votre casino en ligne ou votre site Web de jeu, ne cherchez pas plus loin que le remarquable th\u00e8me affili\u00e9 de Coinflip Casino et le th\u00e8me WordPress. B\u00e9n\u00e9ficiant d&rsquo;un design \u00e9l\u00e9gant et moderne, ce th\u00e8me poss\u00e8de la capacit\u00e9 de captiver les visiteurs et d&rsquo;assurer leur engagement. En plus de son esth\u00e9tique visuellement attrayante, ce th\u00e8me est \u00e9galement \u00e9quip\u00e9 d&rsquo;une myriade de fonctionnalit\u00e9s de pointe, y compris une page d&rsquo;accueil enti\u00e8rement personnalisable, un assortiment de pages pr\u00e9d\u00e9finies et une conception parfaitement r\u00e9active. De plus, Coinflip propose une vaste gamme d&rsquo;options de personnalisation, vous permettant d&rsquo;adapter votre site Web pr\u00e9cis\u00e9ment \u00e0 votre go\u00fbt. Gr\u00e2ce \u00e0 son interface conviviale et intuitive, ce th\u00e8me convient \u00e9galement aux d\u00e9veloppeurs et aux novices chevronn\u00e9s. Que vous vous efforcez d&rsquo;\u00e9tablir un site Web pour votre casino ou votre entreprise de jeu, le Coinflip Casino Affiliate et le th\u00e8me WordPress de jeu appara\u00eet comme le choix incontestable pour vous.<\/p>\n<ul>\n<li>Th\u00e8me WordPress de haute qualit\u00e9 et con\u00e7u par des professionnels pour les sites Web d&rsquo;affiliation et de jeu de casino<\/li>\n<li>Fournit une page d&rsquo;accueil personnalisable avec une vari\u00e9t\u00e9 de dispositions et d&rsquo;options diff\u00e9rentes<\/li>\n<li>Comprend un logo unique et accrocheur \u00e0 des fins de marque<\/li>\n<li>Offre une prise en charge int\u00e9gr\u00e9e pour les constructeurs de pages populaires comme Elementor et WPBakery<\/li>\n<li>Propose une gamme de widgets personnalis\u00e9s con\u00e7us sp\u00e9cifiquement pour les sites de jeu, y compris les critiques de casino, les classements, et plus encore<\/li>\n<li>Comprend un panneau d&rsquo;options de th\u00e8me puissant et convivial pour une personnalisation facile<\/li>\n<li>Livr\u00e9 avec des pages pr\u00e9-construites pour des aspects importants d&rsquo;un site Web de jeu comme nous, contactez-nous et termes et conditions<\/li>\n<li>Offre une compatibilit\u00e9 avec des plugins de jeu populaires comme WooCommerce, BetPress et plus<\/li>\n<li>Fournit une conception r\u00e9active qui a fi\u00e8re allure sur tous les appareils, assurer une accessibilit\u00e9 maximale pour les utilisateurs<\/li>\n<li>Offre une documentation compl\u00e8te et des mises \u00e0 jour fr\u00e9quentes pour le support et la maintenance continus.<\/li>\n<\/ul>\n","protected":false},"excerpt":{"rendered":"<p>D\u00e9vribuez le monde des paris en ligne avec Coinflip, un th\u00e8me WordPress d&rsquo;affiliation de casino et de jeu con\u00e7u pour les passionn\u00e9s de jeu. Coinflip est un outil puissant pour cr\u00e9er votre propre site Web d&rsquo;affiliation de casino, offrant une multitude de fonctionnalit\u00e9s pour augmenter votre pr\u00e9sence en ligne. Avec ce th\u00e8me, les utilisateurs peuvent promouvoir sans effort les affili\u00e9s de casino, les sites de paris sportifs, le poker, etc. Le th\u00e8me est construit en pensant au r\u00e9f\u00e9rencement, garantissant une am\u00e9lioration de la visibilit\u00e9 de votre site dans les r\u00e9sultats de recherche.<\/p>\n<p>Coinflip est livr\u00e9 avec des widgets et des shortcodes sp\u00e9cialement con\u00e7us pour l&rsquo;industrie du jeu, vous permettant de cr\u00e9er une disposition unique et engageante. Il dispose \u00e9galement d&rsquo;une conception enti\u00e8rement r\u00e9active, ce qui signifie que votre site Web sera parfait sur n&rsquo;importe quel appareil, du bureau au mobile.<\/p>\n<p>Le th\u00e8me est facile \u00e0 personnaliser, vous permettant de changer de couleurs, de polices et de dispositions en fonction de votre style. Il comprend \u00e9galement du contenu de d\u00e9monstration pour une configuration rapide et une interface conviviale qui rend la gestion de votre site Web un jeu d&rsquo;enfant. De plus, Coinflip est compatible avec la derni\u00e8re version de WordPress et optimis\u00e9 pour la vitesse<\/p>\n","protected":false},"featured_media":143404,"comment_status":"open","ping_status":"open","template":"","meta":[],"product_brand":[2433],"product_cat":[1242,1212,1213],"product_tag":[1366],"class_list":{"0":"post-111694","1":"product","2":"type-product","3":"status-publish","4":"has-post-thumbnail","6":"product_brand-themeforest","7":"product_cat-creatif","8":"product_cat-themes","9":"product_cat-wordpress-themes","10":"product_tag-themeforest","11":"member-discount","12":"discount-restricted","14":"first","15":"instock","16":"sale","17":"downloadable","18":"virtual","19":"sold-individually","20":"purchasable","21":"product-type-simple"},"_links":{"self":[{"href":"https:\/\/gpl-love.com\/fr\/wp-json\/wp\/v2\/product\/111694","targetHints":{"allow":["GET"]}}],"collection":[{"href":"https:\/\/gpl-love.com\/fr\/wp-json\/wp\/v2\/product"}],"about":[{"href":"https:\/\/gpl-love.com\/fr\/wp-json\/wp\/v2\/types\/product"}],"replies":[{"embeddable":true,"href":"https:\/\/gpl-love.com\/fr\/wp-json\/wp\/v2\/comments?post=111694"}],"wp:featuredmedia":[{"embeddable":true,"href":"https:\/\/gpl-love.com\/fr\/wp-json\/wp\/v2\/media\/143404"}],"wp:attachment":[{"href":"https:\/\/gpl-love.com\/fr\/wp-json\/wp\/v2\/media?parent=111694"}],"wp:term":[{"taxonomy":"product_brand","embeddable":true,"href":"https:\/\/gpl-love.com\/fr\/wp-json\/wp\/v2\/product_brand?post=111694"},{"taxonomy":"product_cat","embeddable":true,"href":"https:\/\/gpl-love.com\/fr\/wp-json\/wp\/v2\/product_cat?post=111694"},{"taxonomy":"product_tag","embeddable":true,"href":"https:\/\/gpl-love.com\/fr\/wp-json\/wp\/v2\/product_tag?post=111694"}],"curies":[{"name":"wp","href":"https:\/\/api.w.org\/{rel}","templated":true}]}}