{"id":111693,"date":"2025-08-11T00:00:00","date_gmt":"2025-08-10T22:00:00","guid":{"rendered":"http:\/\/gpl-love.com\/fr\/produit\/adsanity-weighted-ads\/"},"modified":"2026-03-20T22:53:22","modified_gmt":"2026-03-20T21:53:22","slug":"adsanity-weighted-ads","status":"publish","type":"product","link":"https:\/\/gpl-love.com\/fr\/produit\/adsanity-weighted-ads\/","title":{"rendered":"AdSanity Weighted Ads 1.2"},"content":{"rendered":"<h3>AdSanity Weighted Ads Traits<\/h3>\n<p>Les annonces pond\u00e9r\u00e9es par adsanit\u00e9 sont un outil publicitaire exceptionnellement robuste qui vous accorde la capacit\u00e9 de cibler et de captiver efficacement votre public \u00e0 travers une approche distinctive. Tirant parti d&rsquo;un syst\u00e8me pond\u00e9r\u00e9 sophistiqu\u00e9, cette plate-forme dispense habilement des annonces pertinentes qui sont adapt\u00e9es aux comportements des utilisateurs individuels, garantissant ainsi un niveau d&rsquo;impact et de conversion in\u00e9gal\u00e9. Avec les capacit\u00e9s remarquables d&rsquo;annonces pond\u00e9r\u00e9es par adsanit\u00e9, vous pouvez concevoir et administrer sans effort des campagnes publicitaires sur une vaste gamme de canaux, englobant des plateformes importantes telles que les m\u00e9dias sociaux, afficher la publicit\u00e9, le courrier \u00e9lectronique et au-del\u00e0. L&rsquo;interface conviviale facilite de mani\u00e8re transparente la surveillance des mesures de performance, vous permettant d&rsquo;optimiser facilement vos campagnes, ce qui conduit finalement \u00e0 des r\u00e9sultats triomphants. Que vous soyez un propri\u00e9taire florissant de petites entreprises ou une entreprise substantielle, les annonces pond\u00e9r\u00e9es par adsanit\u00e9 sont dot\u00e9es de la plus grande flexibilit\u00e9 et de l&rsquo;\u00e9volutivit\u00e9, vous permettant ainsi de conqu\u00e9rir vos objectifs publicitaires avec une efficacit\u00e9 in\u00e9gal\u00e9e.<\/p>\n<ul>\n<li>Adsanity Ponded Ads est un outil publicitaire avanc\u00e9 con\u00e7u pour aider les \u00e9diteurs et les sp\u00e9cialistes du marketing \u00e0 augmenter leurs revenus publicitaires et leur engagement d&rsquo;audience.<\/li>\n<li>Ce puissant module compl\u00e9mentaire pour le plugin d&rsquo;adsanit\u00e9 vous permet de cr\u00e9er et de g\u00e9rer des annonces pond\u00e9r\u00e9es, ce qui signifie que vous pouvez afficher plusieurs annonces dans le m\u00eame espace publicitaire et donner \u00e0 chaque annonce un pourcentage de poids de la fr\u00e9quence \u00e0 laquelle il appara\u00eetra.<\/li>\n<li>Avec les publicit\u00e9s pond\u00e9r\u00e9es par adsanit\u00e9, vous pouvez faire pivoter vos annonces uniform\u00e9ment, ou vous pouvez donner plus d&rsquo;exposition \u00e0 vos annonces plus performantes en leur attribuant un poids plus \u00e9lev\u00e9.<\/li>\n<li>Cette fonctionnalit\u00e9 est particuli\u00e8rement utile pour les tests A \/ B et l&rsquo;optimisation de votre strat\u00e9gie de publicit\u00e9, car vous pouvez facilement comparer les performances de diff\u00e9rentes annonces et ajuster leurs poids en cons\u00e9quence.<\/li>\n<li>Les annonces pond\u00e9r\u00e9es par adsanit\u00e9 sont \u00e9galement enti\u00e8rement personnalisables, vous permettant de choisir le nombre d&rsquo;annonces \u00e0 afficher, la taille et le style de l&rsquo;unit\u00e9 publicitaire, et plus encore.<\/li>\n<li>Il fonctionne de mani\u00e8re transparente avec les outils de rapport et d&rsquo;analyse de l&rsquo;adsanit\u00e9, vous donnant des donn\u00e9es en temps r\u00e9el sur la fa\u00e7on dont vos annonces fonctionnent afin que vous puissiez prendre des d\u00e9cisions \u00e9clair\u00e9es.<\/li>\n<li>Les annonces pond\u00e9r\u00e9es par adsanit\u00e9 sont faciles \u00e0 configurer et \u00e0 utiliser, m\u00eame pour ceux qui n&rsquo;ont aucun arri\u00e8re-plan technique. C&rsquo;est une solution rentable et efficace pour augmenter vos revenus publicitaires et am\u00e9liorer votre exp\u00e9rience utilisateur.<\/li>\n<\/ul>\n","protected":false},"excerpt":{"rendered":"<p>Tirez parti des annonces pond\u00e9r\u00e9es par adsanit\u00e9 pour exploiter l&rsquo;immense potentiel de la publicit\u00e9. Cet outil publicitaire sophistiqu\u00e9, \u00e9quip\u00e9 d&rsquo;algorithmes publicitaires avanc\u00e9s, fournit un m\u00e9lange unique de dispersion publicitaire intelligente pour une visibilit\u00e9 maximale. L&rsquo;utilisation de l&rsquo;adsanit\u00e9 vous offre des prouesses publicitaires de pointe, permettant des strat\u00e9gies publicitaires efficaces visant \u00e0 cibler le ciblage d\u00e9mographique interactif.<\/p>\n<p>Les avantages des annonces pond\u00e9r\u00e9es par adsanit\u00e9 vont au-del\u00e0 de la simple visibilit\u00e9. Il fournit des mesures publicitaires instantan\u00e9es et des param\u00e8tres publicitaires ajust\u00e9s qui vous permettent de prendre le contr\u00f4le et de propulser vos objectifs marketing. Ce parcours publicitaire transformateur est con\u00e7u pour avoir un impact significatif sur vos efforts publicitaires.<\/p>\n<p>Donc, utilisez aujourd&rsquo;hui ces outils publicitaires maximaux de visibilit\u00e9 et ressentez le pouvoir transformateur des outils publicitaires sophistiqu\u00e9s. Avec les publicit\u00e9s pond\u00e9r\u00e9es par adsanit\u00e9, vous n&rsquo;\u00eates pas seulement de la publicit\u00e9, mais vous vous lancez \u00e9galement dans un voyage qui garantit des r\u00e9sultats percutants.<\/p>\n","protected":false},"featured_media":143047,"comment_status":"open","ping_status":"open","template":"","meta":[],"product_brand":[2445],"product_cat":[1207,1181,1186],"product_tag":[1557],"class_list":{"0":"post-111693","1":"product","2":"type-product","3":"status-publish","4":"has-post-thumbnail","6":"product_brand-adsanity","7":"product_cat-commercialisation-wordpress-plugins","8":"product_cat-plugins","9":"product_cat-wordpress-plugins","10":"product_tag-adsanity","11":"member-discount","12":"discount-restricted","14":"first","15":"instock","16":"sale","17":"downloadable","18":"virtual","19":"sold-individually","20":"purchasable","21":"product-type-simple"},"_links":{"self":[{"href":"https:\/\/gpl-love.com\/fr\/wp-json\/wp\/v2\/product\/111693","targetHints":{"allow":["GET"]}}],"collection":[{"href":"https:\/\/gpl-love.com\/fr\/wp-json\/wp\/v2\/product"}],"about":[{"href":"https:\/\/gpl-love.com\/fr\/wp-json\/wp\/v2\/types\/product"}],"replies":[{"embeddable":true,"href":"https:\/\/gpl-love.com\/fr\/wp-json\/wp\/v2\/comments?post=111693"}],"wp:featuredmedia":[{"embeddable":true,"href":"https:\/\/gpl-love.com\/fr\/wp-json\/wp\/v2\/media\/143047"}],"wp:attachment":[{"href":"https:\/\/gpl-love.com\/fr\/wp-json\/wp\/v2\/media?parent=111693"}],"wp:term":[{"taxonomy":"product_brand","embeddable":true,"href":"https:\/\/gpl-love.com\/fr\/wp-json\/wp\/v2\/product_brand?post=111693"},{"taxonomy":"product_cat","embeddable":true,"href":"https:\/\/gpl-love.com\/fr\/wp-json\/wp\/v2\/product_cat?post=111693"},{"taxonomy":"product_tag","embeddable":true,"href":"https:\/\/gpl-love.com\/fr\/wp-json\/wp\/v2\/product_tag?post=111693"}],"curies":[{"name":"wp","href":"https:\/\/api.w.org\/{rel}","templated":true}]}}