{"id":111692,"date":"2021-02-09T00:00:00","date_gmt":"2021-02-08T23:00:00","guid":{"rendered":"http:\/\/gpl-love.com\/fr\/produit\/adsanity-user-role-ad\/"},"modified":"2026-03-20T22:53:22","modified_gmt":"2026-03-20T21:53:22","slug":"adsanity-user-role-ad","status":"publish","type":"product","link":"https:\/\/gpl-love.com\/fr\/produit\/adsanity-user-role-ad\/","title":{"rendered":"AdSanity User Role Ad 1.1"},"content":{"rendered":"<h3>AdSanity User Role Ad Traits<\/h3>\n<p>Adsanity User R\u00f4le R\u00f4le AD est un outil publicitaire exceptionnellement efficace et tr\u00e8s efficace qui accorde aux utilisateurs le pouvoir inestimable pour saisir de mani\u00e8re transparente la commande sur leurs campagnes publicitaires. Ce produit extraordinaire pr\u00e9sente aux utilisateurs une capacit\u00e9 in\u00e9gal\u00e9e pour administrer sans effort des publicit\u00e9s et des r\u00f4les, garantissant ainsi que leurs campagnes publicitaires sont astucieusement destin\u00e9es au public le plus appropri\u00e9. L&rsquo;interface remarquablement conviviale simplifie sensiblement les t\u00e2ches autrement ardues de l&rsquo;artisanat, de la gestion et de la surveillance m\u00e9ticuleusement de surveillance, tandis que les options de ciblage remarquablement sophistiqu\u00e9es permettent aux utilisateurs de d\u00e9terminer impeccablement leurs efforts publicitaires. B\u00e9n\u00e9ficiant d&rsquo;une fusion in\u00e9gal\u00e9e de fonctionnalit\u00e9s de pointe et de conception centr\u00e9e sur l&rsquo;utilisateur, Adsanity User Role AD appara\u00eet comme la solution incontournable sans \u00e9quivoque pour les entreprises et les individus cherchant \u00e0 propulser leurs campagnes publicitaires \u00e0 des hauteurs sans pr\u00e9c\u00e9dent. En exploitant les capacit\u00e9s ph\u00e9nom\u00e9nales de ce produit remarquable, les utilisateurs peuvent naviguer sans effort dans le paysage complexe de la gestion des publicit\u00e9s, \u00e9valuer astucieusement les m\u00e9triques de performance et optimiser adroitement les campagnes, d\u00e9clenchant ainsi une avalanche in\u00e9branlable du succ\u00e8s retentissant.<\/p>\n<ul>\n<li>Accorder les r\u00f4les des utilisateurs personnalis\u00e9s pour les utilisateurs d&rsquo;adsanit\u00e9<\/li>\n<li>Attribuer des autorisations sp\u00e9cifiques aux r\u00f4les utilisateur personnalis\u00e9s<\/li>\n<li>Am\u00e9liorez la s\u00e9curit\u00e9 de votre syst\u00e8me de gestion de contenu en limitant l&rsquo;acc\u00e8s \u00e0 certaines fonctions<\/li>\n<li>Contr\u00f4lez qui peut afficher, modifier et publier des annonces sur votre site Web<\/li>\n<li>Cr\u00e9ez un flux de travail plus efficace en personnalisant des r\u00f4les d&rsquo;utilisateurs pour faire correspondre les responsabilit\u00e9s des membres de l&rsquo;\u00e9quipe<\/li>\n<li>G\u00e9rer facilement les autorisations des utilisateurs en utilisant l&rsquo;adsanit\u00e9<\/li>\n<li>Rationalisez le processus de cr\u00e9ation et de publication d&rsquo;annonces sur votre site Web<\/li>\n<\/ul>\n","protected":false},"excerpt":{"rendered":"<p>L&rsquo;adsanity l&rsquo;utilisateur R\u00f4le AD est un outil publicitaire influent con\u00e7u pour rationaliser efficacement les campagnes publicitaires. Cet outil de gestion des annonces permet une r\u00e9glementation sans effort des r\u00f4les utilisateur dans la publicit\u00e9, permettant aux propri\u00e9taires de sites Web de restreindre l&rsquo;acc\u00e8s \u00e0 la publicit\u00e9 en fonction des autorisations des utilisateurs. Cet outil puissant permet aux propri\u00e9taires de sites Web en leur donnant l&rsquo;autorit\u00e9 sur le placement des annonces, garantissant ainsi l&rsquo;affichage des publicit\u00e9s pertinentes \u00e0 leurs visiteurs.<\/p>\n<p>L&rsquo;installation facile de l&rsquo;annonce du r\u00f4le utilisateur de l&rsquo;adsanit\u00e9, coupl\u00e9e \u00e0 son interface publicitaire conviviale, permet aux propri\u00e9taires de sites Web de g\u00e9rer efficacement les publicit\u00e9s. Cela favorise une synergie harmonieuse entre les publicit\u00e9s et le site Web, cr\u00e9ant un environnement lucratif pour les visiteurs.<\/p>\n<p>En incorporant l&rsquo;annonce du r\u00f4le d&rsquo;utilisateur de l&rsquo;adsanit\u00e9 dans leurs sites Web, les propri\u00e9taires peuvent augmenter les revenus du site Web et maximiser l&rsquo;efficacit\u00e9 des publicit\u00e9s. L&rsquo;outil aide \u00e0 am\u00e9liorer l&rsquo;exp\u00e9rience des utilisateurs avec les annonces cibl\u00e9es et peut augmenter consid\u00e9rablement le trafic du site Web. L&rsquo;adsanity User Role AD est l&rsquo;outil parfait pour am\u00e9liorer la strat\u00e9gie publicitaire globale et la rentabilit\u00e9 de votre site Web.<\/p>\n","protected":false},"featured_media":143046,"comment_status":"open","ping_status":"open","template":"","meta":[],"product_brand":[2445],"product_cat":[1207,1181,1186],"product_tag":[1557],"class_list":{"0":"post-111692","1":"product","2":"type-product","3":"status-publish","4":"has-post-thumbnail","6":"product_brand-adsanity","7":"product_cat-commercialisation-wordpress-plugins","8":"product_cat-plugins","9":"product_cat-wordpress-plugins","10":"product_tag-adsanity","11":"member-discount","12":"discount-restricted","14":"first","15":"instock","16":"sale","17":"downloadable","18":"virtual","19":"sold-individually","20":"purchasable","21":"product-type-simple"},"_links":{"self":[{"href":"https:\/\/gpl-love.com\/fr\/wp-json\/wp\/v2\/product\/111692","targetHints":{"allow":["GET"]}}],"collection":[{"href":"https:\/\/gpl-love.com\/fr\/wp-json\/wp\/v2\/product"}],"about":[{"href":"https:\/\/gpl-love.com\/fr\/wp-json\/wp\/v2\/types\/product"}],"replies":[{"embeddable":true,"href":"https:\/\/gpl-love.com\/fr\/wp-json\/wp\/v2\/comments?post=111692"}],"wp:featuredmedia":[{"embeddable":true,"href":"https:\/\/gpl-love.com\/fr\/wp-json\/wp\/v2\/media\/143046"}],"wp:attachment":[{"href":"https:\/\/gpl-love.com\/fr\/wp-json\/wp\/v2\/media?parent=111692"}],"wp:term":[{"taxonomy":"product_brand","embeddable":true,"href":"https:\/\/gpl-love.com\/fr\/wp-json\/wp\/v2\/product_brand?post=111692"},{"taxonomy":"product_cat","embeddable":true,"href":"https:\/\/gpl-love.com\/fr\/wp-json\/wp\/v2\/product_cat?post=111692"},{"taxonomy":"product_tag","embeddable":true,"href":"https:\/\/gpl-love.com\/fr\/wp-json\/wp\/v2\/product_tag?post=111692"}],"curies":[{"name":"wp","href":"https:\/\/api.w.org\/{rel}","templated":true}]}}