{"id":111689,"date":"2021-02-09T00:00:00","date_gmt":"2021-02-08T23:00:00","guid":{"rendered":"http:\/\/gpl-love.com\/fr\/produit\/adsanity-impressions\/"},"modified":"2026-03-20T22:53:18","modified_gmt":"2026-03-20T21:53:18","slug":"adsanity-impressions","status":"publish","type":"product","link":"https:\/\/gpl-love.com\/fr\/produit\/adsanity-impressions\/","title":{"rendered":"AdSanity Impressions 1.0"},"content":{"rendered":"<h3>AdSanity Impressions Traits<\/h3>\n<p>Les impressions d&rsquo;adsanit\u00e9 sont un outil publicitaire robuste et tr\u00e8s efficace qui vous permet de suivre et de g\u00e9rer efficacement vos impressions d&rsquo;annonces. En utilisant les capacit\u00e9s remarquables des impressions d&rsquo;adsanit\u00e9, vous gagnerez la possibilit\u00e9 de surveiller avec diligence la fr\u00e9quence avec laquelle vos annonces sont pr\u00e9sent\u00e9es sur votre site Web, d&rsquo;\u00e9valuer leur efficacit\u00e9 et d&rsquo;optimiser par la suite votre approche publicitaire d&rsquo;une mani\u00e8re qui est faite sur mesure pour rendre optimal optimal r\u00e9sultats. Cet outil extraordinaire vous offre une gamme compl\u00e8te de connaissances inestimables sur les performances de vos annonces, englobant des mesures cruciales telles que les clics, les vues et les conversions, vous offrant ainsi l&rsquo;occasion inestimable de prendre des d\u00e9cisions bien inform\u00e9es concernant la trajectoire future de vos campagnes publicitaires publicitaires . Avec les impressions d&rsquo;adsanit\u00e9 \u00e0 votre disposition, vous pourrez rationaliser votre processus de gestion des annonces avec une facilit\u00e9 remarquable, d\u00e9bloquant ainsi tout le potentiel de votre retour sur investissement. Que vous soyez un propri\u00e9taire de site Web ou un annonceur, vous ne pouvez tout simplement pas vous permettre de n\u00e9gliger la pr\u00e9sence indispensable d&rsquo;impressions d&rsquo;adsanit\u00e9 dans votre arsenal publicitaire.<\/p>\n<ul>\n<li>Suivi et mesure avec pr\u00e9cision les impressions publicitaires sur votre site Web<\/li>\n<li>Fournit des statistiques d\u00e9taill\u00e9es sur les performances de l&rsquo;annonce pour chaque annonce individuelle<\/li>\n<li>Vous donne la possibilit\u00e9 de fixer des limites sur le nombre d&rsquo;annonces affich\u00e9es pour chaque zone publicitaire<\/li>\n<li>Offre une int\u00e9gration facile avec des plateformes publicitaires populaires telles que Google Adsense et DoubleClick<\/li>\n<li>Vous permet de personnaliser l&rsquo;apparence de vos annonces pour vous m\u00e9langer de mani\u00e8re transparente dans la conception de votre site Web<\/li>\n<li>Tourne automatiquement entre diff\u00e9rentes annonces pour \u00e9viter la fatigue de la publicit\u00e9 et maintenir l&rsquo;engagement<\/li>\n<li>Fournit des mises \u00e0 jour en temps r\u00e9el sur les performances de l&rsquo;annonce afin que vous puissiez effectuer des ajustements rapidement et efficacement<\/li>\n<li>Comprend des options de ciblage avanc\u00e9es pour s&rsquo;assurer que vos annonces sont vues par le public le plus pertinent<\/li>\n<li>Offre une interface simple et conviviale pour une gestion et une surveillance faciles.<\/li>\n<\/ul>\n","protected":false},"excerpt":{"rendered":"<p>L&rsquo;outil d&rsquo;impressions d&rsquo;adsanit\u00e9 est une solution robuste pour le suivi des annonces, fournissant un service essentiel aux \u00e9diteurs et aux annonceurs. En tant que logiciel complet de suivi des publicit\u00e9s num\u00e9riques, il offre une surveillance des publicit\u00e9s transparente, permettant aux utilisateurs de suivre les impressions publicitaires sur diverses plateformes, y compris les sites Web et les m\u00e9dias sociaux.<\/p>\n<p>Pour les annonceurs, les impressions d&rsquo;adsanit\u00e9 sont particuli\u00e8rement b\u00e9n\u00e9fiques, fournissant des informations d\u00e9taill\u00e9es sur l&rsquo;exposition et le t\u00e9l\u00e9spectateur des publicit\u00e9s. En comprenant comment et quand vos annonces sont vues, vous pouvez mieux \u00e9valuer leur efficacit\u00e9 et optimiser vos strat\u00e9gies en cons\u00e9quence.<\/p>\n<p>Les \u00e9diteurs trouvent \u00e9galement une grande valeur dans le suivi d&rsquo;annonces pr\u00e9cises fournie par les impressions d&rsquo;adsanit\u00e9. En surveillant les impressions de leurs annonces sur diff\u00e9rentes plateformes, ils peuvent mieux comprendre leur public et adapter leur contenu pour augmenter l&rsquo;engagement du spectateur.<\/p>\n<p>Le pouvoir du suivi des publicit\u00e9s sur les r\u00e9seaux sociaux avec les impressions d&rsquo;adsanit\u00e9 ne peut pas \u00eatre surestim\u00e9. Il permet une compr\u00e9hension compl\u00e8te de la fa\u00e7on dont vos annonces fonctionnent sur ces plates-formes, conduisant directement \u00e0 g\u00e9n\u00e9rer plus de clics et de conversions.<\/p>\n<p>La valeur de l&rsquo;adsanit\u00e9<\/p>\n","protected":false},"featured_media":143043,"comment_status":"open","ping_status":"open","template":"","meta":[],"product_brand":[2445],"product_cat":[1207,1181,1186],"product_tag":[1557],"class_list":{"0":"post-111689","1":"product","2":"type-product","3":"status-publish","4":"has-post-thumbnail","6":"product_brand-adsanity","7":"product_cat-commercialisation-wordpress-plugins","8":"product_cat-plugins","9":"product_cat-wordpress-plugins","10":"product_tag-adsanity","11":"member-discount","12":"discount-restricted","14":"first","15":"instock","16":"sale","17":"downloadable","18":"virtual","19":"sold-individually","20":"purchasable","21":"product-type-simple"},"_links":{"self":[{"href":"https:\/\/gpl-love.com\/fr\/wp-json\/wp\/v2\/product\/111689","targetHints":{"allow":["GET"]}}],"collection":[{"href":"https:\/\/gpl-love.com\/fr\/wp-json\/wp\/v2\/product"}],"about":[{"href":"https:\/\/gpl-love.com\/fr\/wp-json\/wp\/v2\/types\/product"}],"replies":[{"embeddable":true,"href":"https:\/\/gpl-love.com\/fr\/wp-json\/wp\/v2\/comments?post=111689"}],"wp:featuredmedia":[{"embeddable":true,"href":"https:\/\/gpl-love.com\/fr\/wp-json\/wp\/v2\/media\/143043"}],"wp:attachment":[{"href":"https:\/\/gpl-love.com\/fr\/wp-json\/wp\/v2\/media?parent=111689"}],"wp:term":[{"taxonomy":"product_brand","embeddable":true,"href":"https:\/\/gpl-love.com\/fr\/wp-json\/wp\/v2\/product_brand?post=111689"},{"taxonomy":"product_cat","embeddable":true,"href":"https:\/\/gpl-love.com\/fr\/wp-json\/wp\/v2\/product_cat?post=111689"},{"taxonomy":"product_tag","embeddable":true,"href":"https:\/\/gpl-love.com\/fr\/wp-json\/wp\/v2\/product_tag?post=111689"}],"curies":[{"name":"wp","href":"https:\/\/api.w.org\/{rel}","templated":true}]}}