{"id":111688,"date":"2025-08-11T00:00:00","date_gmt":"2025-08-10T22:00:00","guid":{"rendered":"http:\/\/gpl-love.com\/fr\/produit\/adsanity-google-analytics-tracking\/"},"modified":"2026-03-20T22:53:17","modified_gmt":"2026-03-20T21:53:17","slug":"adsanity-google-analytics-tracking","status":"publish","type":"product","link":"https:\/\/gpl-love.com\/fr\/produit\/adsanity-google-analytics-tracking\/","title":{"rendered":"AdSanity Google Analytics Tracking 1.5.9"},"content":{"rendered":"<h3>AdSanity Google Analytics Tracking Traits<\/h3>\n<p>Adsanity Google Analytics Le suivi est un instrument exceptionnellement puissant et efficace con\u00e7u dans le but sp\u00e9cifique d&rsquo;aider les entreprises dans le suivi m\u00e9ticuleux et l&rsquo;analyse compl\u00e8te de leurs campagnes publicitaires en ligne \u00e0 multiples facettes. Ce logiciel r\u00e9volutionnaire fusionne et fusionne sans effort avec la plate-forme estim\u00e9e Google Analytics, accordant ainsi aux entreprises la capacit\u00e9 inestimable \u00e0 suivre et \u00e0 reporter de mani\u00e8re approfondie les co\u00fbts de performance pivots tels que les taux de clic, les taux de conversion, les co\u00fbts d&rsquo;acquisition de clients et les revenus. En vertu de l&rsquo;adsanit\u00e9 Google Analytics suivi, les entreprises sont autoris\u00e9es \u00e0 glaner des informations inestimables sur l&rsquo;efficacit\u00e9 globale et les performances de leurs campagnes publicitaires, leur permettant ainsi de prendre des d\u00e9cisions judicieuses et bas\u00e9es sur les donn\u00e9es et de r\u00e9diger de mani\u00e8re optimale leurs efforts afin d&rsquo;atteindre le maximum et de faire en sorte que Retour d&rsquo;investissement possible. L&rsquo;interface conviviale et les options de rapports personnalisables inh\u00e9rentes \u00e0 ce logiciel exemplaire le rendent sans effort navigable et propice \u00e0 la surveillance facile et \u00e0 l&rsquo;analyse approfondie des donn\u00e9es pertinentes. En outre, les capacit\u00e9s de suivi robustes selon lesquelles le suivi de l&rsquo;adsanit\u00e9 Google Analytics poss\u00e8de garantit la plus grande pr\u00e9cision et pr\u00e9cision dans la mesure de l&rsquo;impact profond que les campagnes publicitaires exercent. Que votre entreprise soit une petite entreprise intime ou une soci\u00e9t\u00e9 gigantesque, cet outil indispensable connu sous le nom de suivi de l&rsquo;adsanit\u00e9 Google Analytics est une n\u00e9cessit\u00e9 absolue pour la maximisation fructueuse et triomphante de vos triomphes publicitaires en ligne.<\/p>\n<ul>\n<li>Suivez sans effort vos performances publicitaires et vos analyses<\/li>\n<li>Synchroniser facilement l&rsquo;adsanit\u00e9 avec votre compte Google Analytics<\/li>\n<li>Obtenez des mesures importantes telles que les vues totales, cliquez sur les tarifs et les conversions dans un tableau de bord convivial<\/li>\n<li>Surveillez vos campagnes publicitaires en temps r\u00e9el et effectuez les ajustements n\u00e9cessaires pour des r\u00e9sultats optimaux<\/li>\n<li>G\u00e9n\u00e9rez des rapports personnalis\u00e9s pour mieux comprendre votre public et les performances publicitaires<\/li>\n<li>Utilisez les informations compl\u00e8tes sur les donn\u00e9es pour prendre des d\u00e9cisions \u00e9clair\u00e9es sur les futures strat\u00e9gies publicitaires<\/li>\n<li>Rationalisez vos efforts publicitaires et am\u00e9liorez le retour sur investissement avec l&rsquo;adsanit\u00e9 Google Analytics Tracking<\/li>\n<\/ul>\n","protected":false},"excerpt":{"rendered":"<p>Adsanity Google Analytics Le suivi est un outil exceptionnellement robuste, vous permettant de surveiller le trafic du site Web avec l&rsquo;adsanit\u00e9 sans effort. Il offre une m\u00e9thode compl\u00e8te pour \u00e9valuer le trafic du site Web avec l&rsquo;adsanit\u00e9, fournissant une analyse approfondie des visiteurs de votre site. L&rsquo;outil est r\u00e9put\u00e9 pour suivre les performances du site Web, garantissant que votre site fonctionne \u00e0 son meilleur.<\/p>\n<p>De plus, il offre des donn\u00e9es en temps r\u00e9el avec adsanit\u00e9, vous donnant acc\u00e8s \u00e0 des informations cruciales qui peuvent guider votre processus de prise de d\u00e9cision. Cet outil est \u00e9galement id\u00e9al pour l&rsquo;optimisation du site Web, contribuant \u00e0 am\u00e9liorer la fonctionnalit\u00e9 et l&rsquo;exp\u00e9rience utilisateur de votre site.<\/p>\n<p>L&rsquo;outil Google Analytics convivial est facile \u00e0 naviguer, ce qui le rend accessible m\u00eame pour les nouveaux sites Web Analytics. Les caract\u00e9ristiques puissantes de l&rsquo;adsanit\u00e9 le distinguent, offrant une gamme de fonctionnalit\u00e9s qui peuvent aider \u00e0 am\u00e9liorer les performances de votre site.<\/p>\n<p>Si vous cherchez \u00e0 augmenter le trafic du site Web avec l&rsquo;adsanit\u00e9, cet outil est id\u00e9al. Il est \u00e9galement con\u00e7u pour accro\u00eetre la rentabilit\u00e9 du site Web avec l&rsquo;adsanit\u00e9, garantissant que votre site est un atout pr\u00e9cieux pour<\/p>\n","protected":false},"featured_media":143042,"comment_status":"open","ping_status":"open","template":"","meta":[],"product_brand":[2445],"product_cat":[1207,1181,1186],"product_tag":[1557],"class_list":{"0":"post-111688","1":"product","2":"type-product","3":"status-publish","4":"has-post-thumbnail","6":"product_brand-adsanity","7":"product_cat-commercialisation-wordpress-plugins","8":"product_cat-plugins","9":"product_cat-wordpress-plugins","10":"product_tag-adsanity","11":"member-discount","12":"discount-restricted","14":"first","15":"instock","16":"sale","17":"downloadable","18":"virtual","19":"sold-individually","20":"purchasable","21":"product-type-simple"},"_links":{"self":[{"href":"https:\/\/gpl-love.com\/fr\/wp-json\/wp\/v2\/product\/111688","targetHints":{"allow":["GET"]}}],"collection":[{"href":"https:\/\/gpl-love.com\/fr\/wp-json\/wp\/v2\/product"}],"about":[{"href":"https:\/\/gpl-love.com\/fr\/wp-json\/wp\/v2\/types\/product"}],"replies":[{"embeddable":true,"href":"https:\/\/gpl-love.com\/fr\/wp-json\/wp\/v2\/comments?post=111688"}],"wp:featuredmedia":[{"embeddable":true,"href":"https:\/\/gpl-love.com\/fr\/wp-json\/wp\/v2\/media\/143042"}],"wp:attachment":[{"href":"https:\/\/gpl-love.com\/fr\/wp-json\/wp\/v2\/media?parent=111688"}],"wp:term":[{"taxonomy":"product_brand","embeddable":true,"href":"https:\/\/gpl-love.com\/fr\/wp-json\/wp\/v2\/product_brand?post=111688"},{"taxonomy":"product_cat","embeddable":true,"href":"https:\/\/gpl-love.com\/fr\/wp-json\/wp\/v2\/product_cat?post=111688"},{"taxonomy":"product_tag","embeddable":true,"href":"https:\/\/gpl-love.com\/fr\/wp-json\/wp\/v2\/product_tag?post=111688"}],"curies":[{"name":"wp","href":"https:\/\/api.w.org\/{rel}","templated":true}]}}