{"id":111687,"date":"2025-08-11T00:00:00","date_gmt":"2025-08-10T22:00:00","guid":{"rendered":"http:\/\/gpl-love.com\/fr\/produit\/adsanity-conditional-ad-appearance\/"},"modified":"2026-03-20T22:53:16","modified_gmt":"2026-03-20T21:53:16","slug":"adsanity-conditional-ad-appearance","status":"publish","type":"product","link":"https:\/\/gpl-love.com\/fr\/produit\/adsanity-conditional-ad-appearance\/","title":{"rendered":"AdSanity Conditional Ad Appearance 1.7"},"content":{"rendered":"<h3>AdSanity Conditional Ad Appearance Traits<\/h3>\n<p>L&rsquo;apparence de publicit\u00e9 conditionnelle de l&rsquo;adsanit\u00e9 est un outil tr\u00e8s efficace qui permet aux propri\u00e9taires de sites Web en leur accordant la capacit\u00e9 de construire sans effort des campagnes publicitaires sur mesure. Ce logiciel poss\u00e8de une interface \u00e0 la fois adaptable et conviviale, permettant aux utilisateurs de fabriquer des publicit\u00e9s cibl\u00e9es qui se manifestent uniquement dans des conditions pr\u00e9d\u00e9termin\u00e9es. Ces conditions peuvent englober l&#8217;emplacement g\u00e9ographique du visiteur, l&rsquo;heure sp\u00e9cifique de la journ\u00e9e, ou m\u00eame le contenu qu&rsquo;ils parcouraient actuellement. Par cons\u00e9quent, l&rsquo;apparence de l&rsquo;annonce conditionnelle de l&rsquo;adsanit\u00e9 permet aux propri\u00e9taires de sites de cr\u00e9er des campagnes publicitaires personnalis\u00e9es qui poss\u00e8dent une plus grande probabilit\u00e9 de r\u00e9sonner avec leur public cible et finalement de favoriser les conversions. En outre, ce logiciel est \u00e9quip\u00e9 d&rsquo;un \u00e9ventail de fonctionnalit\u00e9s avanc\u00e9es qui englobent les tests A \/ B, la planification des annonces et l&rsquo;analyse compl\u00e8te. Ces fonctionnalit\u00e9s, \u00e0 leur tour, facilitent la surveillance transparente des performances publicitaires et permettent aux sp\u00e9cialistes du marketing d&rsquo;affiner instantan\u00e9ment leurs strat\u00e9gies. En exploitant la puissance de l&rsquo;apparence de l&rsquo;annonce conditionnelle de l&rsquo;adsanit\u00e9, les propri\u00e9taires de sites Web peuvent augmenter consid\u00e9rablement leurs revenus, engager avec succ\u00e8s leur public et interdire sans effort leurs concurrents.<\/p>\n<ul>\n<li>Permet aux utilisateurs de contr\u00f4ler l&rsquo;apparence de leurs annonces en fonction de crit\u00e8res sp\u00e9cifiques<\/li>\n<li>Gave le temps et les efforts en automatisant le processus d&rsquo;apparence publicitaire<\/li>\n<li>Augmente la pertinence et l&rsquo;efficacit\u00e9 de la publicit\u00e9 en les adaptant \u00e0 un public sp\u00e9cifique<\/li>\n<li>Fonctionne parfaitement avec Adsanity, un plugin WordPress populaire pour la gestion des publicit\u00e9s<\/li>\n<li>Facile \u00e0 utiliser et \u00e0 personnaliser, avec une interface conviviale<\/li>\n<li>Fournit des analyses et des informations d\u00e9taill\u00e9es pour suivre les performances de l&rsquo;annonce et ajuster les param\u00e8tres au besoin<\/li>\n<li>Stimule les revenus globaux en optimisant le ciblage et le placement des annonces.<\/li>\n<\/ul>\n","protected":false},"excerpt":{"rendered":"<p>Adsanity Conditional Ad l&rsquo;apparence est un plugin d&rsquo;annonce efficace et influent qui vous offre la possibilit\u00e9 de personnaliser votre exposition d&rsquo;annonces. Cet outil publicitaire polyvalent vous permet d&rsquo;\u00e9tablir des r\u00e9glementations de placement des annonces, en veillant \u00e0 ce que vos publicit\u00e9s atteignent le public pertinent au bon moment. Que vous mettiez en \u0153uvre des vitrines d&rsquo;annonces temporelles ou que vous lanciez des stimuli d&rsquo;annonces bas\u00e9s sur le comportement, ce plugin d&rsquo;adsanit\u00e9 pour la publicit\u00e9 vous permet d&rsquo;optimiser efficacement votre strat\u00e9gie.<\/p>\n<p>L&rsquo;outil d&rsquo;apparence de publicit\u00e9 conditionnelle amplifie non seulement votre retour sur investissement (ROI), mais il permet \u00e9galement une personnalisation de l&rsquo;affichage des annonces, ce qui rend vos efforts promotionnels plus efficaces. Il s&rsquo;agit d&rsquo;un plugin publicitaire convivial qui sert d&rsquo;un atout marketing en ligne crucial, en particulier pour ceux qui cherchent \u00e0 stimuler leur retour sur investissement publicitaire.<\/p>\n<p>Avec l&rsquo;adsanit\u00e9, les sp\u00e9cialistes du marketing en ligne peuvent profiter des avantages des strat\u00e9gies publicitaires bas\u00e9es sur le comportement, ce qui en fait un outil indispensable pour la publicit\u00e9 cibl\u00e9e et efficace. Ce plugin AD influent est con\u00e7u pour amplifier l&rsquo;efficacit\u00e9 de vos campagnes publicitaires, assurant un retour sur investissement plus \u00e9lev\u00e9. L&rsquo;adsanit\u00e9 pour les sp\u00e9cialistes du marketing en ligne change la donne, offrant un<\/p>\n","protected":false},"featured_media":143041,"comment_status":"open","ping_status":"open","template":"","meta":[],"product_brand":[2445],"product_cat":[1207,1181,1186],"product_tag":[1557],"class_list":{"0":"post-111687","1":"product","2":"type-product","3":"status-publish","4":"has-post-thumbnail","6":"product_brand-adsanity","7":"product_cat-commercialisation-wordpress-plugins","8":"product_cat-plugins","9":"product_cat-wordpress-plugins","10":"product_tag-adsanity","11":"member-discount","12":"discount-restricted","14":"first","15":"instock","16":"sale","17":"downloadable","18":"virtual","19":"sold-individually","20":"purchasable","21":"product-type-simple"},"_links":{"self":[{"href":"https:\/\/gpl-love.com\/fr\/wp-json\/wp\/v2\/product\/111687","targetHints":{"allow":["GET"]}}],"collection":[{"href":"https:\/\/gpl-love.com\/fr\/wp-json\/wp\/v2\/product"}],"about":[{"href":"https:\/\/gpl-love.com\/fr\/wp-json\/wp\/v2\/types\/product"}],"replies":[{"embeddable":true,"href":"https:\/\/gpl-love.com\/fr\/wp-json\/wp\/v2\/comments?post=111687"}],"wp:featuredmedia":[{"embeddable":true,"href":"https:\/\/gpl-love.com\/fr\/wp-json\/wp\/v2\/media\/143041"}],"wp:attachment":[{"href":"https:\/\/gpl-love.com\/fr\/wp-json\/wp\/v2\/media?parent=111687"}],"wp:term":[{"taxonomy":"product_brand","embeddable":true,"href":"https:\/\/gpl-love.com\/fr\/wp-json\/wp\/v2\/product_brand?post=111687"},{"taxonomy":"product_cat","embeddable":true,"href":"https:\/\/gpl-love.com\/fr\/wp-json\/wp\/v2\/product_cat?post=111687"},{"taxonomy":"product_tag","embeddable":true,"href":"https:\/\/gpl-love.com\/fr\/wp-json\/wp\/v2\/product_tag?post=111687"}],"curies":[{"name":"wp","href":"https:\/\/api.w.org\/{rel}","templated":true}]}}