{"id":111686,"date":"2025-08-11T00:00:00","date_gmt":"2025-08-10T22:00:00","guid":{"rendered":"http:\/\/gpl-love.com\/fr\/produit\/adsanity-advertiser-reporting\/"},"modified":"2026-03-20T22:53:16","modified_gmt":"2026-03-20T21:53:16","slug":"adsanity-advertiser-reporting","status":"publish","type":"product","link":"https:\/\/gpl-love.com\/fr\/produit\/adsanity-advertiser-reporting\/","title":{"rendered":"AdSanity Advertiser Reporting 1.4.2"},"content":{"rendered":"<h3>AdSanity Advertiser Reporting Traits<\/h3>\n<p>L&rsquo;outil de rapport Adsanity Advertiser offre une solution compl\u00e8te qui permet aux annonceurs de suivre et d&rsquo;analyser efficacement les performances de leurs campagnes publicitaires. Cet outil permet aux annonceurs de surveiller \u00e9troitement divers aspects de leurs campagnes publicitaires, y compris les performances publicitaires, les co\u00fbts de campagne et les revenus g\u00e9n\u00e9r\u00e9s \u00e0 partir de leurs annonces. En fournissant un tableau de bord facile \u00e0 utiliser qui pr\u00e9sente des mesures cl\u00e9s et des informations pr\u00e9cieuses, l&rsquo;outil facilite la prise de d\u00e9cision rapide et l&rsquo;optimisation des campagnes. De plus, Adsanity Advertiser Reporting propose \u00e9galement des options de rapports personnalisables, permettant aux annonceurs de cr\u00e9er des rapports adapt\u00e9s \u00e0 leurs exigences sp\u00e9cifiques. En fin de compte, cet outil offre aux annonceurs les donn\u00e9es et les id\u00e9es essentielles dont ils ont besoin pour am\u00e9liorer l&rsquo;efficacit\u00e9 de leurs campagnes publicitaires, ce qui leur permet d&rsquo;obtenir un maximum de r\u00e9sultats.<\/p>\n<ul>\n<li>Statistiques compl\u00e8tes sur les performances publicitaires<\/li>\n<li>Suivi en temps r\u00e9el des impressions d&rsquo;annonces, des clics et des conversions<\/li>\n<li>Visualisation graphique des m\u00e9triques AD pour une analyse facile<\/li>\n<li>Rapports personnalisables avec des gammes et filtres \u00e0 date multiples<\/li>\n<li>Int\u00e9gration avec Google Analytics pour des informations plus profondes<\/li>\n<li>Rapports de messagerie automatique pour les mises \u00e0 jour r\u00e9guli\u00e8res sur les performances de la campagne<\/li>\n<li>Options d&rsquo;exportation pour partager des donn\u00e9es avec d&rsquo;autres membres de l&rsquo;\u00e9quipe ou clients<\/li>\n<li>Interface conviviale avec une navigation intuitive et un filtrage de donn\u00e9es facile<\/li>\n<li>Gestion des donn\u00e9es s\u00e9curis\u00e9e avec une confidentialit\u00e9 stricte et une conformit\u00e9 au RGPD<\/li>\n<li>Support client et documentation r\u00e9active pour l&rsquo;int\u00e9gration fluide.<\/li>\n<\/ul>\n","protected":false},"excerpt":{"rendered":"<p>Adsanity Advertiser Reporting Tool, une solution puissante pour les annonceurs, est m\u00e9ticuleusement con\u00e7u pour fournir des capacit\u00e9s compl\u00e8tes de suivi des publicit\u00e9s. Que vous soyez un professionnel chevronn\u00e9 du marketing ou un entrepreneur d&rsquo;une entreprise modeste, cet outil est essentiel pour le suivi immacul\u00e9 de campagnes publicitaires.<\/p>\n<p>Il offre des rapports de campagne publicitaire en temps r\u00e9el qui sont non seulement visuellement attrayants mais aussi compr\u00e9hensibles sans effort. Ces rapports illustrent le suivi des mesures de performances, qui comprend des donn\u00e9es cruciales telles que des clics et des conversions.<\/p>\n<p>Ce qui distingue l&rsquo;adsanit\u00e9, c&rsquo;est sa flexibilit\u00e9, permettant aux utilisateurs de cr\u00e9er des rapports de campagne publicitaires sur mesure, mettant l&rsquo;accent sur la signification des donn\u00e9es dans les rapports d&rsquo;annonces. Cette adaptabilit\u00e9 permet aux utilisateurs de se concentrer facilement sur les informations les plus pertinentes pour leur entreprise.<\/p>\n<p>L&rsquo;adsanit\u00e9 pour les entreprises modestes garantit une optimisation efficace de la campagne publicitaire, ce qui en fait un outil indispensable pour les entrepreneurs. Les capacit\u00e9s de la plate-forme s&rsquo;\u00e9tendent au-del\u00e0 de la simple surveillance des publicit\u00e9s, offrant une solution compl\u00e8te pour les professionnels du marketing chevronn\u00e9s. Dans l&rsquo;ensemble, l&rsquo;adsanity Advertiser Reporting est un outil tr\u00e8s puissant pour les annonceurs, faisant de la gestion des campagnes publicitaires un<\/p>\n","protected":false},"featured_media":143040,"comment_status":"open","ping_status":"open","template":"","meta":[],"product_brand":[2445],"product_cat":[1207,1181,1186],"product_tag":[1557],"class_list":{"0":"post-111686","1":"product","2":"type-product","3":"status-publish","4":"has-post-thumbnail","6":"product_brand-adsanity","7":"product_cat-commercialisation-wordpress-plugins","8":"product_cat-plugins","9":"product_cat-wordpress-plugins","10":"product_tag-adsanity","11":"member-discount","12":"discount-restricted","14":"first","15":"instock","16":"sale","17":"downloadable","18":"virtual","19":"sold-individually","20":"purchasable","21":"product-type-simple"},"_links":{"self":[{"href":"https:\/\/gpl-love.com\/fr\/wp-json\/wp\/v2\/product\/111686","targetHints":{"allow":["GET"]}}],"collection":[{"href":"https:\/\/gpl-love.com\/fr\/wp-json\/wp\/v2\/product"}],"about":[{"href":"https:\/\/gpl-love.com\/fr\/wp-json\/wp\/v2\/types\/product"}],"replies":[{"embeddable":true,"href":"https:\/\/gpl-love.com\/fr\/wp-json\/wp\/v2\/comments?post=111686"}],"wp:featuredmedia":[{"embeddable":true,"href":"https:\/\/gpl-love.com\/fr\/wp-json\/wp\/v2\/media\/143040"}],"wp:attachment":[{"href":"https:\/\/gpl-love.com\/fr\/wp-json\/wp\/v2\/media?parent=111686"}],"wp:term":[{"taxonomy":"product_brand","embeddable":true,"href":"https:\/\/gpl-love.com\/fr\/wp-json\/wp\/v2\/product_brand?post=111686"},{"taxonomy":"product_cat","embeddable":true,"href":"https:\/\/gpl-love.com\/fr\/wp-json\/wp\/v2\/product_cat?post=111686"},{"taxonomy":"product_tag","embeddable":true,"href":"https:\/\/gpl-love.com\/fr\/wp-json\/wp\/v2\/product_tag?post=111686"}],"curies":[{"name":"wp","href":"https:\/\/api.w.org\/{rel}","templated":true}]}}