{"id":111684,"date":"2025-08-11T00:00:00","date_gmt":"2025-08-10T22:00:00","guid":{"rendered":"http:\/\/gpl-love.com\/fr\/produit\/adsanity-ad-block-detection\/"},"modified":"2026-03-20T22:53:15","modified_gmt":"2026-03-20T21:53:15","slug":"adsanity-ad-block-detection","status":"publish","type":"product","link":"https:\/\/gpl-love.com\/fr\/produit\/adsanity-ad-block-detection\/","title":{"rendered":"AdSanity Adblock Detection 1.4.2"},"content":{"rendered":"<h3>AdSanity Adblock Detection Traits<\/h3>\n<p>Adsanity Adblock Detection est un outil extr\u00eamement puissant qui offre une assistance inestimable aux propri\u00e9taires de sites Web dans la d\u00e9tection et la gestion efficace des adblockers sur leurs sites respectifs. Ce logiciel exceptionnellement efficace poss\u00e8de une interface tr\u00e8s adaptable et conviviale, permettant \u00e0 ses utilisateurs de configurer sans effort l&rsquo;apparence de leurs pages Web d&rsquo;une mani\u00e8re qui s&rsquo;adresse sp\u00e9cifiquement aux visiteurs utilisant des Adblockers. Avec les capacit\u00e9s remarquables de la d\u00e9tection d&rsquo;adsanit\u00e9 Adblock \u00e0 leur disposition, les propri\u00e9taires de sites Web peuvent non seulement prot\u00e9ger leurs revenus publicitaires, mais \u00e9galement maintenir une exp\u00e9rience utilisateur optimale sur leur site en obstruant efficacement les Adblockers ind\u00e9sirables et en personnalisant habilement des messages pour encourager les visiteurs dans la liste blanche de leur site Web estim\u00e9. Il va sans dire que ce logiciel ph\u00e9nom\u00e9nal est une n\u00e9cessit\u00e9 absolue pour les propri\u00e9taires de sites Web qui souhaitent affirmer leur autorit\u00e9 sur leurs revenus publicitaires et garantir une exp\u00e9rience de navigation ininterrompue et transparente pour leurs pr\u00e9cieux visiteurs.<\/p>\n<ul>\n<li>D\u00e9tecte efficacement les adblockers sur votre site Web<\/li>\n<li>Fournit des options de personnalisation faciles pour les messages AdBlocker<\/li>\n<li>Vous permet de cr\u00e9er des strat\u00e9gies bas\u00e9es sur les incitations pour encourager les utilisateurs \u00e0 d\u00e9sactiver les Adblockers<\/li>\n<li>Fournit des analyses d\u00e9taill\u00e9es sur l&rsquo;utilisation d&rsquo;Adblocker et une perte de revenus potentielle<\/li>\n<li>Fonctionne parfaitement avec d&rsquo;autres plugins d&rsquo;adsanit\u00e9 et th\u00e8mes WordPress<\/li>\n<li>Offre des mises \u00e0 jour et un support continues pour assurer une efficacit\u00e9 maximale et une satisfaction des utilisateurs<\/li>\n<li>Facile \u00e0 installer et \u00e0 configurer sur votre site Web sans codage requis<\/li>\n<\/ul>\n","protected":false},"excerpt":{"rendered":"<p>L&rsquo;outil de d\u00e9tection ADBlock Adsanity est un logiciel de d\u00e9tection ADBlock robuste qui se d\u00e9marque avec sa capacit\u00e9 unique de discerner l&rsquo;utilisation du site Web du site Web. L&rsquo;\u00e9volution des avantages de la d\u00e9tection d&rsquo;adsanit\u00e9 ADBLOCK vous permet de contr\u00f4ler efficacement l&rsquo;exp\u00e9rience utilisateur. Vous pouvez cr\u00e9er des messages sur mesure pour les utilisateurs d&rsquo;AdBlocker ou m\u00eame interdire l&rsquo;acc\u00e8s \u00e0 ces utilisateurs dans des cas extr\u00eames.<\/p>\n<p>L&rsquo;efficacit\u00e9 de cette solution de d\u00e9tection ADBlock est in\u00e9gal\u00e9e, offrant un moyen transparent de garantir les revenus du site Web avec l&rsquo;adsanit\u00e9. Il aide \u00e0 pr\u00e9server les impressions publicitaires, en ne garantissant aucun dommage \u00e0 l&rsquo;engagement pr\u00e9cieux de votre site ou de votre site.<\/p>\n<p>Utilisez les prouesses d&rsquo;Adsanity dans la d\u00e9tection ADBlock pour augmenter les revenus publicitaires et favoriser un plus grand engagement des utilisateurs sur votre site. Avec la d\u00e9tection fiable de l&rsquo;adsanit\u00e9 ADBlock, vous pouvez \u00eatre assur\u00e9 que la rentabilit\u00e9 de votre site Web est bien prot\u00e9g\u00e9 et que votre exp\u00e9rience utilisateur est am\u00e9lior\u00e9e.<\/p>\n","protected":false},"featured_media":143039,"comment_status":"open","ping_status":"open","template":"","meta":[],"product_brand":[2445],"product_cat":[1207,1181,1186],"product_tag":[1557],"class_list":{"0":"post-111684","1":"product","2":"type-product","3":"status-publish","4":"has-post-thumbnail","6":"product_brand-adsanity","7":"product_cat-commercialisation-wordpress-plugins","8":"product_cat-plugins","9":"product_cat-wordpress-plugins","10":"product_tag-adsanity","11":"member-discount","12":"discount-restricted","14":"first","15":"instock","16":"sale","17":"downloadable","18":"virtual","19":"sold-individually","20":"purchasable","21":"product-type-simple"},"_links":{"self":[{"href":"https:\/\/gpl-love.com\/fr\/wp-json\/wp\/v2\/product\/111684","targetHints":{"allow":["GET"]}}],"collection":[{"href":"https:\/\/gpl-love.com\/fr\/wp-json\/wp\/v2\/product"}],"about":[{"href":"https:\/\/gpl-love.com\/fr\/wp-json\/wp\/v2\/types\/product"}],"replies":[{"embeddable":true,"href":"https:\/\/gpl-love.com\/fr\/wp-json\/wp\/v2\/comments?post=111684"}],"wp:featuredmedia":[{"embeddable":true,"href":"https:\/\/gpl-love.com\/fr\/wp-json\/wp\/v2\/media\/143039"}],"wp:attachment":[{"href":"https:\/\/gpl-love.com\/fr\/wp-json\/wp\/v2\/media?parent=111684"}],"wp:term":[{"taxonomy":"product_brand","embeddable":true,"href":"https:\/\/gpl-love.com\/fr\/wp-json\/wp\/v2\/product_brand?post=111684"},{"taxonomy":"product_cat","embeddable":true,"href":"https:\/\/gpl-love.com\/fr\/wp-json\/wp\/v2\/product_cat?post=111684"},{"taxonomy":"product_tag","embeddable":true,"href":"https:\/\/gpl-love.com\/fr\/wp-json\/wp\/v2\/product_tag?post=111684"}],"curies":[{"name":"wp","href":"https:\/\/api.w.org\/{rel}","templated":true}]}}