{"id":111679,"date":"2026-04-16T00:00:00","date_gmt":"2026-04-15T22:00:00","guid":{"rendered":"http:\/\/gpl-love.com\/fr\/produit\/xstore-responsive-multipurpose-woocommerce-theme\/"},"modified":"2026-04-17T00:31:27","modified_gmt":"2026-04-16T22:31:27","slug":"xstore-responsive-multipurpose-woocommerce-theme","status":"publish","type":"product","link":"https:\/\/gpl-love.com\/fr\/produit\/xstore-responsive-multipurpose-woocommerce-theme\/","title":{"rendered":"XStore Responsive MultiPurpose WooCommerce Theme 9.7.2"},"content":{"rendered":"<h3>XStore Responsive MultiPurpose WooCommerce Theme Traits<\/h3>\n<p>Le th\u00e8me WooCommerce polyvalent r\u00e9actif XStore est un th\u00e8me exceptionnel qui r\u00e9pond aux besoins de tout site Web de commerce \u00e9lectronique. Ce th\u00e8me m\u00e9ticuleusement con\u00e7u a \u00e9t\u00e9 intelligemment con\u00e7u pour s&rsquo;int\u00e9grer de mani\u00e8re transparente \u00e0 WooCommerce, simplifiant le processus de configuration et de gestion d&rsquo;une boutique en ligne. B\u00e9n\u00e9ficiant d&rsquo;un design \u00e9l\u00e9gant et contemporain, Xstore est assur\u00e9 de captiver les clients et de leur offrir une exp\u00e9rience d&rsquo;achat navigable sans effort. En prime, ce th\u00e8me propose une pl\u00e9thore de d\u00e9mos et de dispositions diverses qui peuvent \u00eatre adapt\u00e9es sans effort pour convenir au style unique de votre marque, en l&rsquo;informant avec un attrait esth\u00e9tique in\u00e9gal\u00e9. De plus, Xstore est compl\u00e9t\u00e9 par une myriade de fonctionnalit\u00e9s inestimables, y compris un panneau d&rsquo;options de th\u00e8me robuste, des widgets personnalisables et des curseurs pr\u00e9d\u00e9finis. Par cons\u00e9quent, le th\u00e8me WooCommerce polyvalent r\u00e9actif XSTORE est un choix in\u00e9branlable pour les personnes cherchant \u00e0 forger une boutique en ligne triomphante.<\/p>\n<ul>\n<li>Th\u00e8me WooCommerce tr\u00e8s r\u00e9actif et facilement personnalisable<\/li>\n<li>Convient \u00e0 un large \u00e9ventail d&rsquo;entreprises et d&rsquo;industries de commerce \u00e9lectronique<\/li>\n<li>Prend en charge de nombreuses options de mise en page pour un affichage de produit optimal et une exp\u00e9rience utilisateur<\/li>\n<li>Livr\u00e9 avec 16 d\u00e9mos de page d&rsquo;accueil pr\u00e9-con\u00e7ues parmi lesquelles<\/li>\n<li>Offre un syst\u00e8me de filtre de produit avanc\u00e9 pour une recherche et une s\u00e9lection de produits plus faciles<\/li>\n<li>Comprend divers mod\u00e8les de cat\u00e9gorie de produits pour une cat\u00e9gorisation et une navigation efficaces<\/li>\n<li>S&rsquo;int\u00e8gre facilement \u00e0 diverses passerelles de paiement et m\u00e9thodes d&rsquo;exp\u00e9dition pour une exp\u00e9rience de paiement sans couture<\/li>\n<li>Offre plusieurs styles d&rsquo;en-t\u00eate et de pied de page \u00e0 choisir pour des options de personnalisation suppl\u00e9mentaires<\/li>\n<li>Compatible avec divers plugins populaires pour des fonctionnalit\u00e9s suppl\u00e9mentaires et des fonctionnalit\u00e9s \u00e9tendues<\/li>\n<li>Fournit un excellent support client et des mises \u00e0 jour \u00e0 vie pour une optimisation et une am\u00e9lioration continues.<\/li>\n<\/ul>\n","protected":false},"excerpt":{"rendered":"<p>Xstore, un th\u00e8me WooCommerce incroyablement adaptable, est con\u00e7u pour r\u00e9pondre aux entreprises de toute ampleur. B\u00e9n\u00e9ficiant d&rsquo;une esth\u00e9tique \u00e9l\u00e9gante et contemporaine, Xstore offre un air de professionnalisme \u00e0 toute boutique en ligne qu&rsquo;il orne. Ce th\u00e8me impressionnant est \u00e9quip\u00e9 d&rsquo;une pl\u00e9thore de fonctionnalit\u00e9s pr\u00e9cieuses, telles qu&rsquo;une gamme de dispositions de page d&rsquo;accueil \u00e0 choisir, la fonctionnalit\u00e9 de produit de vue rapide pratique, un syst\u00e8me de filtrage de produit int\u00e9gr\u00e9 et un constructeur visuel convivial. Non seulement XStore poss\u00e8de ces attributs remarquables, mais il privil\u00e9gie \u00e9galement la vitesse et l&rsquo;optimisation des moteurs de recherche (SEO), garantissant que votre site Web se charge rapidement et atteint un classement favorable dans les r\u00e9sultats des moteurs de recherche. Des v\u00eatements \u00e0 l&rsquo;\u00e9lectronique, et tout le reste, Xstore s&rsquo;av\u00e8re \u00eatre une excellente s\u00e9lection pour votre site Web de commerce \u00e9lectronique.<\/p>\n","protected":false},"featured_media":146327,"comment_status":"open","ping_status":"open","template":"","meta":[],"product_brand":[2433],"product_cat":[1238,1851,1212],"product_tag":[1366],"class_list":{"0":"post-111679","1":"product","2":"type-product","3":"status-publish","4":"has-post-thumbnail","6":"product_brand-themeforest","7":"product_cat-commerce-electronique-themes","8":"product_cat-entreprise-commerce-electronique-themes","9":"product_cat-themes","10":"product_tag-themeforest","11":"member-discount","12":"discount-restricted","14":"first","15":"instock","16":"sale","17":"downloadable","18":"virtual","19":"sold-individually","20":"purchasable","21":"product-type-simple"},"_links":{"self":[{"href":"https:\/\/gpl-love.com\/fr\/wp-json\/wp\/v2\/product\/111679","targetHints":{"allow":["GET"]}}],"collection":[{"href":"https:\/\/gpl-love.com\/fr\/wp-json\/wp\/v2\/product"}],"about":[{"href":"https:\/\/gpl-love.com\/fr\/wp-json\/wp\/v2\/types\/product"}],"replies":[{"embeddable":true,"href":"https:\/\/gpl-love.com\/fr\/wp-json\/wp\/v2\/comments?post=111679"}],"wp:featuredmedia":[{"embeddable":true,"href":"https:\/\/gpl-love.com\/fr\/wp-json\/wp\/v2\/media\/146327"}],"wp:attachment":[{"href":"https:\/\/gpl-love.com\/fr\/wp-json\/wp\/v2\/media?parent=111679"}],"wp:term":[{"taxonomy":"product_brand","embeddable":true,"href":"https:\/\/gpl-love.com\/fr\/wp-json\/wp\/v2\/product_brand?post=111679"},{"taxonomy":"product_cat","embeddable":true,"href":"https:\/\/gpl-love.com\/fr\/wp-json\/wp\/v2\/product_cat?post=111679"},{"taxonomy":"product_tag","embeddable":true,"href":"https:\/\/gpl-love.com\/fr\/wp-json\/wp\/v2\/product_tag?post=111679"}],"curies":[{"name":"wp","href":"https:\/\/api.w.org\/{rel}","templated":true}]}}