{"id":111677,"date":"2026-01-23T00:00:00","date_gmt":"2026-01-22T23:00:00","guid":{"rendered":"http:\/\/gpl-love.com\/fr\/produit\/woocommerce-email-template-customizer\/"},"modified":"2026-04-10T18:46:50","modified_gmt":"2026-04-10T16:46:50","slug":"woocommerce-email-template-customizer","status":"publish","type":"product","link":"https:\/\/gpl-love.com\/fr\/produit\/woocommerce-email-template-customizer\/","title":{"rendered":"WooCommerce Email Template Customizer 1.2.18"},"content":{"rendered":"<h3>WooCommerce Email Template Customizer Traits<\/h3>\n<p>Le personnage de mod\u00e8le de messagerie WooCommerce est un outil robuste et efficace m\u00e9ticuleusement con\u00e7u pour aider les propri\u00e9taires de magasins de commerce \u00e9lectronique dans la fabrication de mod\u00e8les de messagerie personnalis\u00e9s qui s&rsquo;alignent parfaitement avec leur marque. Cet outil remarquable permet aux utilisateurs d&rsquo;adapter sans effort la conception et la disposition de leurs mod\u00e8les de messagerie, englobant non seulement l&rsquo;en-t\u00eate, le pied de page, mais aussi les sections du corps. Cette fonctionnalit\u00e9 inestimable permet aux propri\u00e9taires de magasins de g\u00e9rer une exp\u00e9rience client harmonieuse et unifi\u00e9e, garantissant que toutes les correspondances \u00e9manant de leur magasin refl\u00e8tent impeccablement la personnalit\u00e9 distincte et les valeurs ch\u00e8res de leur marque. L&rsquo;interface conviviale de la personnalisation du mod\u00e8le de messagerie WooCommerce am\u00e9liore encore son attrait, tandis que son vaste gamme d&rsquo;options de personnalisation le rend indispensable pour tout magasin de commerce \u00e9lectronique exigeant cherchant \u00e0 forger une identit\u00e9 de marque indomptable.<\/p>\n<ul>\n<li>Mod\u00e8les de messagerie personnalisables pour WooCommerce<\/li>\n<li>Interface simple et intuitive<\/li>\n<li>Conception enti\u00e8rement r\u00e9active pour tous les appareils<\/li>\n<li>Sections d&rsquo;en-t\u00eate et de pied de page personnalisables<\/li>\n<li>Texte, images et couleurs modifiables<\/li>\n<li>Fonction de pr\u00e9visualisation pour voir les changements en temps r\u00e9el<\/li>\n<li>Option pour enregistrer plusieurs mod\u00e8les pour diff\u00e9rents types d&rsquo;e-mails<\/li>\n<li>Fonctionne avec tous les types de messagerie WooCommerce (confirmation de commande, notification d&rsquo;exp\u00e9dition, etc.)<\/li>\n<li>Aucune exp\u00e9rience de codage n\u00e9cessaire<\/li>\n<li>Boose la reconnaissance de la marque et l&rsquo;exp\u00e9rience client avec des e-mails personnalis\u00e9s<\/li>\n<\/ul>\n","protected":false},"excerpt":{"rendered":"<p>En utilisant les capacit\u00e9s remarquables du personnage de mod\u00e8le de messagerie de messagerie WooCommerce, vous avez la possibilit\u00e9 d&rsquo;adapter sans effort vos mod\u00e8les de messagerie WooCommerce conform\u00e9ment \u00e0 l&rsquo;identit\u00e9 et \u00e0 l&rsquo;esth\u00e9tiques distinctes de votre marque. La fourniture de ce plugin vous permet de manipuler les couleurs, les polices, le texte et la mise en page de vos communications \u00e9lectroniques, garantissant ainsi que votre client\u00e8le estim\u00e9e recevra un message coh\u00e9rent et sophistiqu\u00e9 de plus grand professionnalisme. Que la n\u00e9cessit\u00e9 se pr\u00e9sente \u00e0 r\u00e9viser la confirmation de commande, la notification d&rsquo;exp\u00e9dition ou toute autre variante de correspondance par e-mail, ce plugin intuitivement con\u00e7u rend le processus de fabrication visuellement captivante et tr\u00e8s impactante propulser vos chiffres de vente \u00e0 des hauteurs sans pr\u00e9c\u00e9dent. N&rsquo;h\u00e9sitez pas \u00e0 vous lancer dans ce voyage transformateur aujourd&rsquo;hui et \u00e0 passer \u00e0 des sommets d&rsquo;excellence sans pr\u00e9c\u00e9dent dans le domaine de la communication client!<\/p>\n","protected":false},"featured_media":145878,"comment_status":"open","ping_status":"open","template":"","meta":[],"product_brand":[2435],"product_cat":[1182,1223,1181],"product_tag":[1231],"class_list":{"0":"post-111677","1":"product","2":"type-product","3":"status-publish","4":"has-post-thumbnail","6":"product_brand-codecanyon","7":"product_cat-commerce-electronique-plugins","8":"product_cat-personnalisation-commerce-electronique-plugins","9":"product_cat-plugins","10":"product_tag-codecanyon","11":"member-discount","12":"discount-restricted","14":"first","15":"instock","16":"sale","17":"downloadable","18":"virtual","19":"sold-individually","20":"purchasable","21":"product-type-simple"},"_links":{"self":[{"href":"https:\/\/gpl-love.com\/fr\/wp-json\/wp\/v2\/product\/111677","targetHints":{"allow":["GET"]}}],"collection":[{"href":"https:\/\/gpl-love.com\/fr\/wp-json\/wp\/v2\/product"}],"about":[{"href":"https:\/\/gpl-love.com\/fr\/wp-json\/wp\/v2\/types\/product"}],"replies":[{"embeddable":true,"href":"https:\/\/gpl-love.com\/fr\/wp-json\/wp\/v2\/comments?post=111677"}],"wp:featuredmedia":[{"embeddable":true,"href":"https:\/\/gpl-love.com\/fr\/wp-json\/wp\/v2\/media\/145878"}],"wp:attachment":[{"href":"https:\/\/gpl-love.com\/fr\/wp-json\/wp\/v2\/media?parent=111677"}],"wp:term":[{"taxonomy":"product_brand","embeddable":true,"href":"https:\/\/gpl-love.com\/fr\/wp-json\/wp\/v2\/product_brand?post=111677"},{"taxonomy":"product_cat","embeddable":true,"href":"https:\/\/gpl-love.com\/fr\/wp-json\/wp\/v2\/product_cat?post=111677"},{"taxonomy":"product_tag","embeddable":true,"href":"https:\/\/gpl-love.com\/fr\/wp-json\/wp\/v2\/product_tag?post=111677"}],"curies":[{"name":"wp","href":"https:\/\/api.w.org\/{rel}","templated":true}]}}