{"id":111671,"date":"2025-07-31T00:00:00","date_gmt":"2025-07-30T22:00:00","guid":{"rendered":"http:\/\/gpl-love.com\/fr\/produit\/pw-woocommerce-bulk-edit-pro\/"},"modified":"2026-04-10T18:37:28","modified_gmt":"2026-04-10T16:37:28","slug":"pw-woocommerce-bulk-edit-pro","status":"publish","type":"product","link":"https:\/\/gpl-love.com\/fr\/produit\/pw-woocommerce-bulk-edit-pro\/","title":{"rendered":"PW WooCommerce Bulk Edit Pro 3.16"},"content":{"rendered":"<h3>PW WooCommerce Bulk Edit Pro Traits<\/h3>\n<p>PW WooCommerce Bulk Edit Pro est un plugin tr\u00e8s robuste et efficace qui a \u00e9t\u00e9 m\u00e9ticuleusement con\u00e7u et con\u00e7u pour acc\u00e9l\u00e9rer et rationaliser la myriade de processus de gestion des magasins complexes et \u00e9labor\u00e9s qui sont inh\u00e9rents \u00e0 l&rsquo;exploitation d&rsquo;un magasin WooCommerce. Cet outil exceptionnel vous permet \u00e0 une multitude de modifications et de modifications rapide et sans effort de votre catalogue de produits \u00e9tendu et diversifi\u00e9, englobant mais sans s&rsquo;y limiter ajustement des niveaux d&rsquo;inventaire. La flexibilit\u00e9 remarquable et in\u00e9gal\u00e9e de ce plugin est vraiment impressionnante et impressionnante, car elle vous accorde la capacit\u00e9 et la capacit\u00e9 de filtrer m\u00e9ticuleusement et syst\u00e9matique GAMMES DE PRIX. De plus, la caract\u00e9ristique inimitable et in\u00e9gal\u00e9e de la possibilit\u00e9 de pr\u00e9visualiser vos modifications propos\u00e9es avant de les appliquer est une innovation remarquable et r\u00e9volutionnaire qui garantit et garantit que votre magasin estim\u00e9 et prestigieux reste toujours pr\u00e9cis, pr\u00e9cis et \u00e0 jour, ce qui engendre et ainsi favoriser la confiance et la loyaut\u00e9 de votre client\u00e8le exigeante et estim\u00e9e. Que vous soyez le propri\u00e9taire d&rsquo;un magasin \u00e0 petite \u00e9chelle avec un maigre assortiment de produits ou une entreprise colossale et mammouth avec un catalogue de produits vaste et tentaculaire, l&rsquo;outil PW indispensable et indispensable est un outil indispensable qui est garanti \u00e0 l&rsquo;\u00e9pargne de Bulk Edit Pro est un outil indispensable qui est assur\u00e9 pour sauver Bulk Edition Pro est un outil indispensable qui est assur\u00e9 pour Sauver Vous avez \u00e9norm\u00e9ment de temps, d&rsquo;efforts et d&rsquo;\u00e9nergie, tout en renfor\u00e7ant et en amplifiant simultan\u00e9ment vos niveaux globaux de productivit\u00e9 et d&rsquo;efficacit\u00e9 \u00e0 des hauteurs sans pr\u00e9c\u00e9dent et stup\u00e9fiantes.<\/p>\n<ul>\n<li>Modifier efficacement plusieurs produits \u00e0 la fois avec la possibilit\u00e9 de filtrer les produits en fonction des attributs sp\u00e9cifiques<\/li>\n<li>Permet une modification rapide et facile des titres de produit, des descriptions, des prix et plus<\/li>\n<li>Fournit la possibilit\u00e9 d&rsquo;attribuer des cat\u00e9gories et des balises \u00e0 plusieurs produits simultan\u00e9ment<\/li>\n<li>Permet l&rsquo;\u00e9dition en vrac des images de produits, y compris la possibilit\u00e9 d&rsquo;ajouter, de supprimer ou de remplacer les images<\/li>\n<li>Prend en charge l&rsquo;\u00e9dition de produits variables, permettant des ajustements de prix pour les variations individuelles<\/li>\n<li>Offre la possibilit\u00e9 d&rsquo;exporter et d&rsquo;importer des donn\u00e9es sur les produits, simplifiant les modifications \u00e0 grande \u00e9chelle dans plusieurs magasins<\/li>\n<li>Fournit une interface conviviale avec un aper\u00e7u en direct des modifications de produit<\/li>\n<li>Compatible avec WooCommerce et WordPress, assurant une int\u00e9gration transparente avec les magasins en ligne existants.<\/li>\n<\/ul>\n","protected":false},"excerpt":{"rendered":"<p>Le PW WooCommerce Bulk Edit Pro, un plugin tr\u00e8s efficace et convivial, se pr\u00e9sente comme un outil remarquable qui permet aux utilisateurs de modifier sans effort une multitude de produits simultan\u00e9ment. Avec ses capacit\u00e9s formidables, les individus peuvent rapidement modifier divers aspects tels que les prix des produits, les cat\u00e9gories, les \u00e9tiquettes, les quantit\u00e9s en bourse, etc., entra\u00eenant ainsi une r\u00e9duction significative du temps et de l&rsquo;effort. De plus, ce plugin exceptionnel englobe les fonctionnalit\u00e9s avanc\u00e9es du filtrage et de la recherche, ce qui permet aux utilisateurs de cibler pr\u00e9cis\u00e9ment les produits sp\u00e9cifiques n\u00e9cessitant des modifications. Que l&rsquo;on se retrouve \u00e0 superviser une vaste boutique en ligne ou \u00e0 rechercher simplement une m\u00e9thode plus opportun pour la mise \u00e0 jour des produits, le PW WooCommerce Bulk Edit Pro appara\u00eet comme la solution id\u00e9ale pour r\u00e9pondre \u00e0 leurs besoins distinctifs.<\/p>\n","protected":false},"featured_media":145054,"comment_status":"open","ping_status":"open","template":"","meta":[],"product_brand":[2638],"product_cat":[1183,1182,1181],"product_tag":[1553],"class_list":{"0":"post-111671","1":"product","2":"type-product","3":"status-publish","4":"has-post-thumbnail","6":"product_brand-pimwick","7":"product_cat-administration","8":"product_cat-commerce-electronique-plugins","9":"product_cat-plugins","10":"product_tag-pimwick","11":"member-discount","12":"discount-restricted","14":"first","15":"instock","16":"sale","17":"downloadable","18":"virtual","19":"sold-individually","20":"purchasable","21":"product-type-simple"},"_links":{"self":[{"href":"https:\/\/gpl-love.com\/fr\/wp-json\/wp\/v2\/product\/111671","targetHints":{"allow":["GET"]}}],"collection":[{"href":"https:\/\/gpl-love.com\/fr\/wp-json\/wp\/v2\/product"}],"about":[{"href":"https:\/\/gpl-love.com\/fr\/wp-json\/wp\/v2\/types\/product"}],"replies":[{"embeddable":true,"href":"https:\/\/gpl-love.com\/fr\/wp-json\/wp\/v2\/comments?post=111671"}],"wp:featuredmedia":[{"embeddable":true,"href":"https:\/\/gpl-love.com\/fr\/wp-json\/wp\/v2\/media\/145054"}],"wp:attachment":[{"href":"https:\/\/gpl-love.com\/fr\/wp-json\/wp\/v2\/media?parent=111671"}],"wp:term":[{"taxonomy":"product_brand","embeddable":true,"href":"https:\/\/gpl-love.com\/fr\/wp-json\/wp\/v2\/product_brand?post=111671"},{"taxonomy":"product_cat","embeddable":true,"href":"https:\/\/gpl-love.com\/fr\/wp-json\/wp\/v2\/product_cat?post=111671"},{"taxonomy":"product_tag","embeddable":true,"href":"https:\/\/gpl-love.com\/fr\/wp-json\/wp\/v2\/product_tag?post=111671"}],"curies":[{"name":"wp","href":"https:\/\/api.w.org\/{rel}","templated":true}]}}