{"id":111669,"date":"2026-04-30T00:00:00","date_gmt":"2026-04-29T22:00:00","guid":{"rendered":"http:\/\/gpl-love.com\/fr\/produit\/translatepress-pro-addons-wordpress-multilingual-plugin\/"},"modified":"2026-05-01T06:31:03","modified_gmt":"2026-05-01T04:31:03","slug":"translatepress-pro-addons-wordpress-multilingual-plugin","status":"publish","type":"product","link":"https:\/\/gpl-love.com\/fr\/produit\/translatepress-pro-addons-wordpress-multilingual-plugin\/","title":{"rendered":"TranslatePress et Addons Multilingual Plugin 3.1.8"},"content":{"rendered":"<h3>TranslatePress et Addons Multilingual Plugin Traits<\/h3>\n<p>Translatepress et Addons Plugin multilingue, r\u00e9put\u00e9 pour son efficacit\u00e9, pr\u00e9sente une opportunit\u00e9 exceptionnelle pour les propri\u00e9taires de sites Web d&rsquo;\u00e9largir leurs horizons et de captiver un public plus large en traduisant de mani\u00e8re transparente leur contenu en un \u00e9ventail de langues. Ce plugin incroyablement convivial permet aux utilisateurs de concevoir et de superviser sans effort de nombreuses versions multilingues de leurs sites Web estim\u00e9s, accordant ainsi aux individus originaires de diverses nations et r\u00e9gions le privil\u00e8ge de se pr\u00e9lasser dans la gloire d&rsquo;acc\u00e9der au contenu souhait\u00e9 dans leur dialect linguistique pr\u00e9f\u00e9r\u00e9. Le plugin \u00e0 multiples facettes est regroup\u00e9 d&rsquo;un assortiment de modules compl\u00e9mentaires robustes tels que la traduction automatique profonde tr\u00e8s recherch\u00e9e, le pack SEO indispensable et la d\u00e9tection de langage remarquable, qui les impr\u00e8gnent tous avec un niveau de fonctionnalit\u00e9 in\u00e9gal\u00e9 et permettre aux utilisateurs de adapter de mani\u00e8re complexe leurs traductions pour r\u00e9pondre \u00e0 leurs pr\u00e9f\u00e9rences uniques. Ainsi, gr\u00e2ce aux prouesses in\u00e9gal\u00e9es de Translatepress et Addons, les propri\u00e9taires de sites Web sont accord\u00e9s d&rsquo;une occasion in\u00e9gal\u00e9e de transcender sans effort les fronti\u00e8res g\u00e9ographiques et d&rsquo;\u00e9tablir une pr\u00e9sence en ligne indomptable qui r\u00e9sonne avec un public mondial.<\/p>\n<ul>\n<li>Fournit une solution puissante et facile \u00e0 utiliser pour cr\u00e9er des sites Web multilingues<\/li>\n<li>Offre une interface conviviale pour traduire des pages, des publications et des types de messages personnalis\u00e9s<\/li>\n<li>Prend en charge la traduction des menus, des widgets et d&rsquo;autres \u00e9l\u00e9ments du site<\/li>\n<li>Livr\u00e9 avec plus de 220 langues pr\u00e9install\u00e9es, ainsi que l&rsquo;option pour ajouter des langues personnalis\u00e9es<\/li>\n<li>Permet la traduction du contenu directement sur la page \u00e0 l&rsquo;aide d&rsquo;un \u00e9diteur visuel<\/li>\n<li>Intregate de mani\u00e8re transparente avec les constructeurs de pages populaires comme Elementor et Beaver Builder<\/li>\n<li>Offre des options de traduction automatique \u00e0 l&rsquo;aide de Google Translate ou Deepl<\/li>\n<li>Comprend des fonctionnalit\u00e9s avanc\u00e9es comme la mise en cache de traduction et l&rsquo;optimisation du r\u00e9f\u00e9rencement pour de meilleures performances et des classements de moteurs de recherche<\/li>\n<li>Compatible avec les plugins WordPress populaires, tels que WooCommerce et Yoast SEO<\/li>\n<li>RECLUG\u00c9 MISE \u00c0 JOUR AVEC DE LA NOUVELLES CONS\u00c9RATIONS ET DE LES BUGES, AUTURANT La convivialit\u00e9 et le support continues.<\/li>\n<\/ul>\n","protected":false},"excerpt":{"rendered":"<p>TranslatePress et ses addons d&rsquo;accompagnement forment un plugin multilingue robuste et formidable, permettant une traduction sans effort du contenu de votre site Web en de nombreuses langues avec un effort minimal. Gr\u00e2ce \u00e0 son \u00e9diteur visuel convivial, vous avez la possibilit\u00e9 de traduire chaque \u00e9l\u00e9ment de votre site Web, s&rsquo;\u00e9tendant \u00e0 partir des pages, des publications, des menus et m\u00eame des widgets. De plus, ce plugin est \u00e9quip\u00e9 d&rsquo;une gamme de modules compl\u00e9mentaires inestimables, con\u00e7us pour augmenter vos capacit\u00e9s de traduction. Les fonctionnalit\u00e9s notables incluent le support automatique de la traduction, la facilitation de la conversion transparente d&rsquo;une langue \u00e0 une autre, ainsi que l&rsquo;optimisation d&rsquo;optimisation des moteurs (SEO), garantissant que la visibilit\u00e9 de votre site Web reste intacte. Ces fonctionnalit\u00e9s rendent traduis\u00e9press et ses addons id\u00e9aux pour les personnes cherchant \u00e0 \u00e9largir leur audience et \u00e0 \u00e9tendre leur entreprise \u00e0 l&rsquo;\u00e9chelle mondiale.<\/p>\n","protected":false},"featured_media":145608,"comment_status":"open","ping_status":"open","template":"","meta":[],"product_brand":[2677],"product_cat":[1195,1181,1186],"product_tag":[1551],"class_list":{"0":"post-111669","1":"product","2":"type-product","3":"status-publish","4":"has-post-thumbnail","6":"product_brand-translatepress","7":"product_cat-multilangue","8":"product_cat-plugins","9":"product_cat-wordpress-plugins","10":"product_tag-translatepress","11":"member-discount","12":"discount-restricted","14":"first","15":"instock","16":"sale","17":"downloadable","18":"virtual","19":"sold-individually","20":"purchasable","21":"product-type-simple"},"_links":{"self":[{"href":"https:\/\/gpl-love.com\/fr\/wp-json\/wp\/v2\/product\/111669","targetHints":{"allow":["GET"]}}],"collection":[{"href":"https:\/\/gpl-love.com\/fr\/wp-json\/wp\/v2\/product"}],"about":[{"href":"https:\/\/gpl-love.com\/fr\/wp-json\/wp\/v2\/types\/product"}],"replies":[{"embeddable":true,"href":"https:\/\/gpl-love.com\/fr\/wp-json\/wp\/v2\/comments?post=111669"}],"wp:featuredmedia":[{"embeddable":true,"href":"https:\/\/gpl-love.com\/fr\/wp-json\/wp\/v2\/media\/145608"}],"wp:attachment":[{"href":"https:\/\/gpl-love.com\/fr\/wp-json\/wp\/v2\/media?parent=111669"}],"wp:term":[{"taxonomy":"product_brand","embeddable":true,"href":"https:\/\/gpl-love.com\/fr\/wp-json\/wp\/v2\/product_brand?post=111669"},{"taxonomy":"product_cat","embeddable":true,"href":"https:\/\/gpl-love.com\/fr\/wp-json\/wp\/v2\/product_cat?post=111669"},{"taxonomy":"product_tag","embeddable":true,"href":"https:\/\/gpl-love.com\/fr\/wp-json\/wp\/v2\/product_tag?post=111669"}],"curies":[{"name":"wp","href":"https:\/\/api.w.org\/{rel}","templated":true}]}}