{"id":111667,"date":"2021-02-09T00:00:00","date_gmt":"2021-02-08T23:00:00","guid":{"rendered":"http:\/\/gpl-love.com\/fr\/produit\/raz-clean-minimal-woocommerce-theme\/"},"modified":"2026-04-10T18:37:45","modified_gmt":"2026-04-10T16:37:45","slug":"raz-clean-minimal-woocommerce-theme","status":"publish","type":"product","link":"https:\/\/gpl-love.com\/fr\/produit\/raz-clean-minimal-woocommerce-theme\/","title":{"rendered":"Raz Clean, Minimal WooCommerce Theme 1.0.9"},"content":{"rendered":"<h3>Raz Clean, Minimal WooCommerce Theme Traits<\/h3>\n<p>Raz Clean est un th\u00e8me avant-gardien avant-garde et minimaliste m\u00e9ticuleusement con\u00e7u pour les entreprises aspirant \u00e0 \u00e9tablir une pr\u00e9sence en ligne vierge et raffin\u00e9e. Exposant un design \u00e9l\u00e9gant et \u00e9pur\u00e9, une interface instinctive et une pl\u00e9thore de fonctionnalit\u00e9s robustes, Raz Clean pr\u00e9sente une exp\u00e9rience utilisateur in\u00e9gal\u00e9e qui accro\u00eetre efficacement les taux de conversion et propulse les ventes. Ce th\u00e8me poss\u00e8de une r\u00e9activit\u00e9 compl\u00e8te et des temps de chargement rapides optimis\u00e9s, garantissant ainsi des performances optimales sur divers appareils et plateformes. Que vous vous sp\u00e9cialisiez dans la marchandise physique de vente, les t\u00e9l\u00e9chargements num\u00e9riques ou les services, Raz Clean englobe tous les \u00e9l\u00e9ments n\u00e9cessaires pour fa\u00e7onner un magasin virtuel transparent et sophistiqu\u00e9. Des dispositions personnalisables aux fonctionnalit\u00e9s de recherche de pointe, ce th\u00e8me est un essentiel absolu pour tout cyber marchand visant \u00e0 catapulter leur entreprise \u00e0 de plus grandes hauteurs.<\/p>\n<ul>\n<li>Design simple, \u00e9l\u00e9gant et moderne<\/li>\n<li>Compatible avec la derni\u00e8re version de WooCommerce<\/li>\n<li>Enti\u00e8rement personnalisable avec une interface conviviale<\/li>\n<li>Codage optimis\u00e9 en SEO pour am\u00e9liorer la visibilit\u00e9 du moteur de recherche<\/li>\n<li>Conception r\u00e9active pour une exp\u00e9rience de navigation transparente sur tous les appareils<\/li>\n<li>Disposition widget facile \u00e0 utiliser avec plusieurs options d&rsquo;affichage<\/li>\n<li>Fonction de vue rapide du produit int\u00e9gr\u00e9 pour la navigation plus rapide<\/li>\n<li>Int\u00e9gr\u00e9 aux passerelles de paiement populaires pour la caisse transparente<\/li>\n<li>Plusieurs options de jeu de couleurs pour s&rsquo;adapter au style de votre marque<\/li>\n<li>Documentation compl\u00e8te et support client<\/li>\n<\/ul>\n","protected":false},"excerpt":{"rendered":"<p>Pr\u00e9sentation de Raz Clean, un th\u00e8me WooCommerce exceptionnel m\u00e9ticuleusement con\u00e7u pour les utilisateurs qui aspirent \u00e0 une esth\u00e9tique de conception extr\u00eamement \u00e9l\u00e9gante et sans effort sans effort. En pr\u00e9sentant une fusion transparente de la forme et de la fonction, ce th\u00e8me exquis con\u00e7u poss\u00e8de une intuitivit\u00e9 inh\u00e9rente qui facilite la navigation sans effort, ce qui permet aux utilisateurs de forger une boutique en ligne qui incarne sans \u00e9quivoque leur identit\u00e9 de marque. B\u00e9n\u00e9ficiant d&rsquo;une disposition impeccablement propre et d&rsquo;une typographie m\u00e9ticuleusement poli, ce th\u00e8me conf\u00e8re un air de professionnalisme et de sophistication contemporaine, augmentant ainsi l&rsquo;exp\u00e9rience client globale. Avec une abondance d&rsquo;options de personnalisation \u00e0 port\u00e9e de main, soyez assur\u00e9 que vos produits seront pr\u00e9sent\u00e9s de mani\u00e8re \u00e0 s&rsquo;adapter \u00e0 leur plus grand potentiel, gracieuset\u00e9 de ce th\u00e8me impressionnant. Ne perdez pas de temps et lancez votre voyage transformateur aujourd&rsquo;hui, car Raz Clean est pr\u00eat \u00e0 catapulter votre boutique en ligne \u00e0 des hauteurs in\u00e9gal\u00e9es.<\/p>\n","protected":false},"featured_media":145077,"comment_status":"open","ping_status":"open","template":"","meta":[],"product_brand":[2433],"product_cat":[1238,1851,1212],"product_tag":[1366],"class_list":{"0":"post-111667","1":"product","2":"type-product","3":"status-publish","4":"has-post-thumbnail","6":"product_brand-themeforest","7":"product_cat-commerce-electronique-themes","8":"product_cat-entreprise-commerce-electronique-themes","9":"product_cat-themes","10":"product_tag-themeforest","11":"member-discount","12":"discount-restricted","14":"first","15":"instock","16":"sale","17":"downloadable","18":"virtual","19":"sold-individually","20":"purchasable","21":"product-type-simple"},"_links":{"self":[{"href":"https:\/\/gpl-love.com\/fr\/wp-json\/wp\/v2\/product\/111667","targetHints":{"allow":["GET"]}}],"collection":[{"href":"https:\/\/gpl-love.com\/fr\/wp-json\/wp\/v2\/product"}],"about":[{"href":"https:\/\/gpl-love.com\/fr\/wp-json\/wp\/v2\/types\/product"}],"replies":[{"embeddable":true,"href":"https:\/\/gpl-love.com\/fr\/wp-json\/wp\/v2\/comments?post=111667"}],"wp:featuredmedia":[{"embeddable":true,"href":"https:\/\/gpl-love.com\/fr\/wp-json\/wp\/v2\/media\/145077"}],"wp:attachment":[{"href":"https:\/\/gpl-love.com\/fr\/wp-json\/wp\/v2\/media?parent=111667"}],"wp:term":[{"taxonomy":"product_brand","embeddable":true,"href":"https:\/\/gpl-love.com\/fr\/wp-json\/wp\/v2\/product_brand?post=111667"},{"taxonomy":"product_cat","embeddable":true,"href":"https:\/\/gpl-love.com\/fr\/wp-json\/wp\/v2\/product_cat?post=111667"},{"taxonomy":"product_tag","embeddable":true,"href":"https:\/\/gpl-love.com\/fr\/wp-json\/wp\/v2\/product_tag?post=111667"}],"curies":[{"name":"wp","href":"https:\/\/api.w.org\/{rel}","templated":true}]}}