{"id":111665,"date":"2021-02-09T00:00:00","date_gmt":"2021-02-08T23:00:00","guid":{"rendered":"http:\/\/gpl-love.com\/fr\/produit\/lebe-multipurpose-woocommerce-theme\/"},"modified":"2026-03-20T23:22:20","modified_gmt":"2026-03-20T22:22:20","slug":"lebe-multipurpose-woocommerce-theme","status":"publish","type":"product","link":"https:\/\/gpl-love.com\/fr\/produit\/lebe-multipurpose-woocommerce-theme\/","title":{"rendered":"Lebe Multipurpose WooCommerce Theme 1.5.0"},"content":{"rendered":"<h3>Lebe Multipurpose WooCommerce Theme Traits<\/h3>\n<p>Le th\u00e8me WooCommerce Lebe multipurpose est un th\u00e8me WordPress incroyablement polyvalent et exceptionnellement puissant qui a \u00e9t\u00e9 m\u00e9ticuleusement con\u00e7u pour les sites Web de commerce \u00e9lectronique. Il poss\u00e8de un large \u00e9ventail de fonctionnalit\u00e9s impressionnantes et une pl\u00e9thore d&rsquo;options personnalisables, en vous assurant que vous pouvez adapter votre boutique en ligne pour r\u00e9pondre parfaitement \u00e0 vos besoins uniques. Gr\u00e2ce \u00e0 son constructeur de pages glisser-d\u00e9poser tr\u00e8s intuitif, m\u00eame ceux qui n&rsquo;ont pas de connaissances de codage peuvent cr\u00e9er et personnaliser sans effort la conception, la mise en page et la fonctionnalit\u00e9 de leur magasin. De plus, ce th\u00e8me remarquable est enti\u00e8rement r\u00e9actif, garantissant que votre site semble impeccable sur tous les appareils, et il a \u00e9t\u00e9 m\u00e9ticuleusement optimis\u00e9 pour le classement des moteurs de recherche, garantissant que votre magasin sera facilement d\u00e9couvrable en ligne. De plus, avec son int\u00e9gration WooCommerce sans couture, vous pouvez superviser et g\u00e9rer sans effort vos produits, commandes et paiements \u00e0 partir d&rsquo;un endroit pratique. Que vous vendiez des produits physiques ou des t\u00e9l\u00e9chargements num\u00e9riques, le th\u00e8me WooCommerce Lebe polyvalent fournit une solution id\u00e9ale pour construire une boutique en ligne prosp\u00e8re et prosp\u00e8re.<\/p>\n<ul>\n<li>Un th\u00e8me WooCommerce enti\u00e8rement personnalisable con\u00e7u pour l&rsquo;utilisation polyvalente.<\/li>\n<li>Comprend 9 mod\u00e8les de page d&rsquo;accueil uniques avec contenu de d\u00e9monstration inclus pour une configuration facile.<\/li>\n<li>Le panneau d&rsquo;options de th\u00e8me puissant permet une personnalisation facile des couleurs, de la typographie et de la mise en page.<\/li>\n<li>Conception enti\u00e8rement r\u00e9active optimis\u00e9e pour toute taille ou appareil d&rsquo;\u00e9cran.<\/li>\n<li>Prend en charge plusieurs langues et est compatible avec les plugins de traduction populaires.<\/li>\n<li>Comprend des options de filtrage de produit int\u00e9gr\u00e9es et une vue rapide du produit.<\/li>\n<li>Int\u00e9gration compl\u00e8te avec des extensions populaires WooCommerce telles que les r\u00e9servations WooCommerce, les abonnements WooCommerce et les abonnements WooCommerce.<\/li>\n<li>Comprend une int\u00e9gration transparente avec des constructeurs de pages populaires tels que Elementor et Visual Composer.<\/li>\n<li>Optimis\u00e9 pour les temps de chargement de pages rapides et l&rsquo;optimisation des moteurs de recherche (SEO).<\/li>\n<li>Comprend une documentation compl\u00e8te et un soutien rapide et efficace.<\/li>\n<\/ul>\n","protected":false},"excerpt":{"rendered":"<p>Le th\u00e8me WooCommerce Lebe multipurpose est un outil de conception incroyablement polyvalent et convivial qui est sur mesure pour les personnes cherchant \u00e0 \u00e9tablir une boutique en ligne florissante. B\u00e9n\u00e9ficiant d&rsquo;une compatibilit\u00e9 compl\u00e8te avec WooCommerce, ce th\u00e8me offre aux entrepreneurs la capacit\u00e9 transparente \u00e0 organiser un site Web de commerce \u00e9lectronique qui s&rsquo;aligne parfaitement avec leur identit\u00e9 de marque unique. Avec une vaste gamme de mod\u00e8les \u00e0 leur disposition, les utilisateurs ont la formidable opportunit\u00e9 de personnaliser sans effort leur boutique en ligne au contenu de leur c\u0153ur. De plus, ce th\u00e8me poss\u00e8de une conception tr\u00e8s r\u00e9active, garantissant que votre site Web d\u00e9gagera de sa plus grande brillance sur tous les appareils. De plus, ses capacit\u00e9s de performance exceptionnelles associ\u00e9es \u00e0 son interface conviviale le font du choix id\u00e9al pour ceux qui s&rsquo;efforcent de fa\u00e7onner les magasins en ligne \u00e0 couper le souffle.<\/p>\n","protected":false},"featured_media":144366,"comment_status":"open","ping_status":"open","template":"","meta":[],"product_brand":[2433],"product_cat":[1238,1444,1212],"product_tag":[1366],"class_list":{"0":"post-111665","1":"product","2":"type-product","3":"status-publish","4":"has-post-thumbnail","6":"product_brand-themeforest","7":"product_cat-commerce-electronique-themes","8":"product_cat-creatif-commerce-electronique-themes","9":"product_cat-themes","10":"product_tag-themeforest","11":"member-discount","12":"discount-restricted","14":"first","15":"instock","16":"sale","17":"downloadable","18":"virtual","19":"sold-individually","20":"purchasable","21":"product-type-simple"},"_links":{"self":[{"href":"https:\/\/gpl-love.com\/fr\/wp-json\/wp\/v2\/product\/111665","targetHints":{"allow":["GET"]}}],"collection":[{"href":"https:\/\/gpl-love.com\/fr\/wp-json\/wp\/v2\/product"}],"about":[{"href":"https:\/\/gpl-love.com\/fr\/wp-json\/wp\/v2\/types\/product"}],"replies":[{"embeddable":true,"href":"https:\/\/gpl-love.com\/fr\/wp-json\/wp\/v2\/comments?post=111665"}],"wp:featuredmedia":[{"embeddable":true,"href":"https:\/\/gpl-love.com\/fr\/wp-json\/wp\/v2\/media\/144366"}],"wp:attachment":[{"href":"https:\/\/gpl-love.com\/fr\/wp-json\/wp\/v2\/media?parent=111665"}],"wp:term":[{"taxonomy":"product_brand","embeddable":true,"href":"https:\/\/gpl-love.com\/fr\/wp-json\/wp\/v2\/product_brand?post=111665"},{"taxonomy":"product_cat","embeddable":true,"href":"https:\/\/gpl-love.com\/fr\/wp-json\/wp\/v2\/product_cat?post=111665"},{"taxonomy":"product_tag","embeddable":true,"href":"https:\/\/gpl-love.com\/fr\/wp-json\/wp\/v2\/product_tag?post=111665"}],"curies":[{"name":"wp","href":"https:\/\/api.w.org\/{rel}","templated":true}]}}