{"id":111663,"date":"2026-02-06T00:00:00","date_gmt":"2026-02-05T23:00:00","guid":{"rendered":"http:\/\/gpl-love.com\/fr\/produit\/bighearts-charity-donation-wordpress-theme\/"},"modified":"2026-03-20T22:56:16","modified_gmt":"2026-03-20T21:56:16","slug":"bighearts-charity-donation-wordpress-theme","status":"publish","type":"product","link":"https:\/\/gpl-love.com\/fr\/produit\/bighearts-charity-donation-wordpress-theme\/","title":{"rendered":"BigHearts Charity et Donation WordPress Theme 3.1.13"},"content":{"rendered":"<h3>BigHearts Charity et Donation WordPress Theme Traits<\/h3>\n<p>Le th\u00e8me WordPress de la charit\u00e9 et du don de Bighearts est un th\u00e8me WordPress exceptionnellement robuste et hautement personnalisable sp\u00e9cifiquement con\u00e7u pour r\u00e9pondre aux besoins et objectifs uniques des organisations \u00e0 but non lucratif, des fondations caritatives et des campagnes de don. B\u00e9n\u00e9ficiant d&rsquo;un design compl\u00e8tement r\u00e9actif et d&rsquo;un vaste \u00e9ventail de dispositions pr\u00e9d\u00e9finies, ce th\u00e8me extraordinaire vous permet de r\u00e9diger sans effort un site Web visuellement \u00e9tonnant et polis qui est assur\u00e9 pour diffuser efficacement les informations, favoriser la sensibilisation du public et mobiliser le soutien financier pour votre noble cause de cause .<\/p>\n<p>Distingu\u00e9s par sa gamme compl\u00e8te de fonctionnalit\u00e9s indispensables, le th\u00e8me de la charit\u00e9 Bighearts et le don WordPress est \u00e9quip\u00e9 d&rsquo;un assortiment d&rsquo;outils indispensables, y compris, mais sans s&rsquo;y limiter, des formulaires de don, un calendrier d&rsquo;\u00e9v\u00e9nements, des capacit\u00e9s de gestion de l&rsquo;\u00e9quipe et des b\u00e9n\u00e9voles, et bien plus encore. De plus, ce th\u00e8me vous accorde la libert\u00e9 in\u00e9gal\u00e9e de personnaliser tous les aspects de votre site Web pour s&rsquo;aligner parfaitement avec l&rsquo;identit\u00e9 de marque unique de votre organisation, tout cela gr\u00e2ce au panneau des options de th\u00e8me incroyablement puissant.<\/p>\n<p>Que vous soyez une organisation de charit\u00e9 estim\u00e9e qui s&rsquo;efforce d&rsquo;avoir un impact positif ind\u00e9l\u00e9bile sur la soci\u00e9t\u00e9 ou une ambitieuse campagne de collecte de fonds s&rsquo;effor\u00e7ant d&rsquo;amasser des fonds substantiels pour une cause urgente, assurez que le th\u00e8me de la charit\u00e9 et du don WordPress de Bighearte Dans votre noble poursuite.<\/p>\n<ul>\n<li>Un th\u00e8me WordPress premium sp\u00e9cialement con\u00e7u pour les sites Web de charit\u00e9 et de don<\/li>\n<li>Comprend plusieurs mod\u00e8les pr\u00e9-con\u00e7us et options de mise en page pour vous aider \u00e0 cr\u00e9er un site professionnel et engageant<\/li>\n<li>Prise en charge int\u00e9gr\u00e9e pour accepter les dons directement via votre site Web en utilisant des passerelles de paiement populaires telles que PayPal et Stripe<\/li>\n<li>Des options de personnalisation faciles \u00e0 utiliser, y compris la possibilit\u00e9 de changer de couleurs, de polices et d&rsquo;autres \u00e9l\u00e9ments de conception pour correspondre \u00e0 votre marque<\/li>\n<li>Int\u00e9gration transparente avec des plugins WordPress populaires tels que le formulaire de contact 7 et MailChimp pour vous aider \u00e0 vous connecter avec les supporters et \u00e0 d\u00e9velopper votre base de donneurs<\/li>\n<li>La conception sensible aux mobiles garantit que votre site Web est super sur tous les appareils et tailles d&rsquo;\u00e9cran<\/li>\n<li>Enti\u00e8rement optimis\u00e9 pour les moteurs de recherche pour aider les supporters potentiels \u00e0 trouver votre organisation en ligne<\/li>\n<li>Comprend une documentation d\u00e9taill\u00e9e et un support utile pour vous assurer que vous pouvez faire fonctionner votre site rapidement et facilement.<\/li>\n<\/ul>\n","protected":false},"excerpt":{"rendered":"<p>D\u00e9couvrez la joie de donner avec Bighearts, un th\u00e8me de charit\u00e9 et de don WordPress. Cette plate-forme innovante vous permet d&rsquo;organiser et de g\u00e9rer de mani\u00e8re transparente des campagnes de collecte de fonds, garantissant que votre cause caritative re\u00e7oit une exposition maximale. Avec son interface conviviale et ses options de personnalisation avanc\u00e9es, vous pouvez cr\u00e9er une pr\u00e9sence en ligne convaincante qui refl\u00e8te vraiment l&rsquo;esprit de votre organisation. Bighearts prend en charge une vari\u00e9t\u00e9 de passerelles de paiement, y compris PayPal, Stripe, etc., offrant un processus de don s\u00e9curis\u00e9 et pratique pour vos supporters. Le th\u00e8me pr\u00e9sente \u00e9galement une conception r\u00e9active, garantissant que votre site est magnifique sur n&rsquo;importe quel appareil. De plus, avec l&rsquo;optimisation du r\u00e9f\u00e9rencement, votre organisme de bienfaisance se classera plus haut dans les r\u00e9sultats de recherche, augmentant la visibilit\u00e9 et l&rsquo;engagement. Faites une diff\u00e9rence avec Bighearts, o\u00f9 chaque clic compte vers un monde meilleur.<\/p>\n","protected":false},"featured_media":143239,"comment_status":"open","ping_status":"open","template":"","meta":[],"product_brand":[2433],"product_cat":[1242,1212,1213],"product_tag":[1366],"class_list":{"0":"post-111663","1":"product","2":"type-product","3":"status-publish","4":"has-post-thumbnail","6":"product_brand-themeforest","7":"product_cat-creatif","8":"product_cat-themes","9":"product_cat-wordpress-themes","10":"product_tag-themeforest","11":"member-discount","12":"discount-restricted","14":"first","15":"instock","16":"sale","17":"downloadable","18":"virtual","19":"sold-individually","20":"purchasable","21":"product-type-simple"},"_links":{"self":[{"href":"https:\/\/gpl-love.com\/fr\/wp-json\/wp\/v2\/product\/111663","targetHints":{"allow":["GET"]}}],"collection":[{"href":"https:\/\/gpl-love.com\/fr\/wp-json\/wp\/v2\/product"}],"about":[{"href":"https:\/\/gpl-love.com\/fr\/wp-json\/wp\/v2\/types\/product"}],"replies":[{"embeddable":true,"href":"https:\/\/gpl-love.com\/fr\/wp-json\/wp\/v2\/comments?post=111663"}],"wp:featuredmedia":[{"embeddable":true,"href":"https:\/\/gpl-love.com\/fr\/wp-json\/wp\/v2\/media\/143239"}],"wp:attachment":[{"href":"https:\/\/gpl-love.com\/fr\/wp-json\/wp\/v2\/media?parent=111663"}],"wp:term":[{"taxonomy":"product_brand","embeddable":true,"href":"https:\/\/gpl-love.com\/fr\/wp-json\/wp\/v2\/product_brand?post=111663"},{"taxonomy":"product_cat","embeddable":true,"href":"https:\/\/gpl-love.com\/fr\/wp-json\/wp\/v2\/product_cat?post=111663"},{"taxonomy":"product_tag","embeddable":true,"href":"https:\/\/gpl-love.com\/fr\/wp-json\/wp\/v2\/product_tag?post=111663"}],"curies":[{"name":"wp","href":"https:\/\/api.w.org\/{rel}","templated":true}]}}