{"id":111661,"date":"2021-09-24T00:00:00","date_gmt":"2021-09-23T22:00:00","guid":{"rendered":"http:\/\/gpl-love.com\/fr\/produit\/malina-personal-wordpress-blog-theme\/"},"modified":"2026-03-20T23:23:37","modified_gmt":"2026-03-20T22:23:37","slug":"malina-personal-wordpress-blog-theme","status":"publish","type":"product","link":"https:\/\/gpl-love.com\/fr\/produit\/malina-personal-wordpress-blog-theme\/","title":{"rendered":"Malina Personal WordPress Blog Theme 2.3.3"},"content":{"rendered":"<h3>Malina Personal WordPress Blog Theme Traits<\/h3>\n<p>Le th\u00e8me du blog Malina Personal WordPress est un th\u00e8me exceptionnellement polyvalent et con\u00e7u contemporain qui vise \u00e0 souligner le contenu de votre blog personnel de mani\u00e8re captivante. Offrant une pl\u00e9thore d&rsquo;options personnalisables, ce th\u00e8me pr\u00e9sente une disposition \u00e9l\u00e9gante et simpliste qui guide sans effort les utilisateurs \u00e0 travers votre contenu tout en exsudant un air d&rsquo;\u00e9l\u00e9gance. Id\u00e9al pour les blogueurs qui cherchent \u00e0 \u00e9tablir un site Web de qualit\u00e9 professionnelle d\u00e9pourvu de conceptions alcoolis\u00e9es, le th\u00e8me du blog WordPress Personal Malina poss\u00e8de un \u00e9ventail de fonctionnalit\u00e9s comprenant de nombreux widgets, une int\u00e9gration des m\u00e9dias sociaux sans couture, un design r\u00e9actif et un assortiment de post-formats. De son interface conviviale \u00e0 ses \u00e9l\u00e9ments personnalisables, le th\u00e8me du blog WordPress Personal Malina sert de plate-forme exceptionnelle pour que les blogueurs forgent leur propre pr\u00e9sence en ligne distinctive.<\/p>\n<ul>\n<li>Facile \u00e0 installer et \u00e0 personnaliser sur votre blog WordPress personnel<\/li>\n<li>Conception enti\u00e8rement r\u00e9active qui s&rsquo;adapte \u00e0 n&rsquo;importe quelle taille d&rsquo;\u00e9cran<\/li>\n<li>Plusieurs mod\u00e8les de page d&rsquo;accueil au choix pour un look unique<\/li>\n<li>Int\u00e9gration Instagram pour partager facilement vos photos et flux<\/li>\n<li>Compatible avec les plugins WordPress populaires pour des fonctionnalit\u00e9s ajout\u00e9es<\/li>\n<li>Design propre et moderne, parfait pour pr\u00e9senter votre contenu<\/li>\n<li>650+ polices Google incluses pour la typographie personnalis\u00e9e<\/li>\n<li>Options de couleurs illimit\u00e9es pour correspondre \u00e0 votre marque ou \u00e0 votre style personnel<\/li>\n<li>Boutons de partage social int\u00e9gr\u00e9s pour une promotion facile sur les r\u00e9seaux sociaux<\/li>\n<li>SEO optimis\u00e9 pour une meilleure visibilit\u00e9 des moteurs de recherche.<\/li>\n<\/ul>\n","protected":false},"excerpt":{"rendered":"<p>Le th\u00e8me du blog WordPress Personal Malina est un th\u00e8me polyvalent et convivial qui est parfait pour cr\u00e9er un blog personnel. Avec sa large gamme d&rsquo;options et de fonctionnalit\u00e9s personnalisables, ce th\u00e8me permet aux utilisateurs de cr\u00e9er un blog unique et \u00e9tonnant qui refl\u00e8te leur personnalit\u00e9 et leur style. Que vous soyez un d\u00e9butant ou un blogueur exp\u00e9riment\u00e9, le th\u00e8me du blog WordPress Personal Malina fournit une interface intuitive et facile \u00e0 utiliser qui facilite la personnalisation de votre blog en fonction de vos besoins individuels. De son design \u00e9l\u00e9gant et moderne \u00e0 sa mise en page r\u00e9active, ce th\u00e8me garantit que votre blog aura fi\u00e8re allure sur n&rsquo;importe quel appareil et taille d&rsquo;\u00e9cran. Avec ses fonctionnalit\u00e9s puissantes et robustes, telles que des widgets personnalisables, l&rsquo;int\u00e9gration des m\u00e9dias sociaux et une vari\u00e9t\u00e9 de formats de post, le th\u00e8me du blog WordPress personnel Malina offre des possibilit\u00e9s infinies pour cr\u00e9er du contenu engageant et captivant. Que vous souhaitiez partager vos pens\u00e9es et vos exp\u00e9riences, pr\u00e9senter votre portefeuille de photographie ou promouvoir vos produits ou services, ce th\u00e8me a tout ce dont vous avez besoin pour cr\u00e9er un blog r\u00e9ussi et professionnel. Alors pourquoi attendre? Commencez avec le th\u00e8me du blog WordPress Personal Malina et commencez \u00e0 partager votre passion avec le monde aujourd&rsquo;hui!<\/p>\n","protected":false},"featured_media":144449,"comment_status":"open","ping_status":"open","template":"","meta":[],"product_brand":[2433],"product_cat":[1220,1212,1213],"product_tag":[1366],"class_list":{"0":"post-111661","1":"product","2":"type-product","3":"status-publish","4":"has-post-thumbnail","6":"product_brand-themeforest","7":"product_cat-blog-magazine","8":"product_cat-themes","9":"product_cat-wordpress-themes","10":"product_tag-themeforest","11":"member-discount","12":"discount-restricted","14":"first","15":"instock","16":"sale","17":"downloadable","18":"virtual","19":"sold-individually","20":"purchasable","21":"product-type-simple"},"_links":{"self":[{"href":"https:\/\/gpl-love.com\/fr\/wp-json\/wp\/v2\/product\/111661","targetHints":{"allow":["GET"]}}],"collection":[{"href":"https:\/\/gpl-love.com\/fr\/wp-json\/wp\/v2\/product"}],"about":[{"href":"https:\/\/gpl-love.com\/fr\/wp-json\/wp\/v2\/types\/product"}],"replies":[{"embeddable":true,"href":"https:\/\/gpl-love.com\/fr\/wp-json\/wp\/v2\/comments?post=111661"}],"wp:featuredmedia":[{"embeddable":true,"href":"https:\/\/gpl-love.com\/fr\/wp-json\/wp\/v2\/media\/144449"}],"wp:attachment":[{"href":"https:\/\/gpl-love.com\/fr\/wp-json\/wp\/v2\/media?parent=111661"}],"wp:term":[{"taxonomy":"product_brand","embeddable":true,"href":"https:\/\/gpl-love.com\/fr\/wp-json\/wp\/v2\/product_brand?post=111661"},{"taxonomy":"product_cat","embeddable":true,"href":"https:\/\/gpl-love.com\/fr\/wp-json\/wp\/v2\/product_cat?post=111661"},{"taxonomy":"product_tag","embeddable":true,"href":"https:\/\/gpl-love.com\/fr\/wp-json\/wp\/v2\/product_tag?post=111661"}],"curies":[{"name":"wp","href":"https:\/\/api.w.org\/{rel}","templated":true}]}}