{"id":111659,"date":"2021-11-17T00:00:00","date_gmt":"2021-11-16T23:00:00","guid":{"rendered":"http:\/\/gpl-love.com\/fr\/produit\/scape-multipurpose-wordpress-theme\/"},"modified":"2026-03-20T23:34:35","modified_gmt":"2026-03-20T22:34:35","slug":"scape-multipurpose-wordpress-theme","status":"publish","type":"product","link":"https:\/\/gpl-love.com\/fr\/produit\/scape-multipurpose-wordpress-theme\/","title":{"rendered":"Scape Multipurpose WordPress Theme 1.5.3"},"content":{"rendered":"<h3>Scape Multipurpose WordPress Theme Traits<\/h3>\n<p>Le th\u00e8me WordPress polyvalent Scape est un th\u00e8me exceptionnellement polyvalent et charg\u00e9 de fonctionnalit\u00e9s qui offre une vaste gamme de fonctionnalit\u00e9s, qui contribuent toutes \u00e0 la cr\u00e9ation d&rsquo;un site Web impressionnant. Il poss\u00e8de une multitude de d\u00e9mos pr\u00e9-faites, chacune sp\u00e9cifiquement adapt\u00e9e \u00e0 diff\u00e9rentes niches, ce qui le rend la quintessence de la perfection pour tout site Web imaginable, que ce soit un blog, une entreprise commerciale, une extravagance de portefeuille ou un emporium de commerce \u00e9lectronique. La puissance du th\u00e8me est encore augment\u00e9e par son constructeur de pages robuste, permettant aux utilisateurs de personnaliser de mani\u00e8re transparente la disposition de leur site Web, d&rsquo;incorporer des widgets et de mode visuellement frappant des \u00e9l\u00e9ments avec une facilit\u00e9 in\u00e9gal\u00e9e. De plus, le th\u00e8me profite \u00e0 un vaste r\u00e9pertoire d&rsquo;options de personnalisation, englobant des sch\u00e9mas de couleurs infinis, diverses polices et une pl\u00e9nitude d&rsquo;ic\u00f4nes, facilitant ainsi la cr\u00e9ation d&rsquo;une ambiance distinctive qui r\u00e9sonne harmonieusement avec son site Web. Des attributs notables suppl\u00e9mentaires englobent la conception r\u00e9active, l&rsquo;optimisation du r\u00e9f\u00e9rencement, la compatibilit\u00e9 WooCommerce et la myriade d&rsquo;autres fonctionnalit\u00e9s. En r\u00e9sum\u00e9, le th\u00e8me WordPress polyvalent Scape est un choix exemplaire pour quiconque aspire \u00e0 fa\u00e7onner un site Web qui est \u00e0 la fois resplendissant et extr\u00eamement fonctionnel, tout en pr\u00e9servant un sentiment de facilit\u00e9 in\u00e9gal\u00e9 tout au long du processus.<\/p>\n<ul>\n<li>Un th\u00e8me WordPress polyvalent et flexible qui peut \u00eatre utilis\u00e9 \u00e0 diverses fins<\/li>\n<li>Livr\u00e9 avec des dispositions pr\u00e9-con\u00e7ues pour diff\u00e9rents types de sites Web, y compris les affaires, l&rsquo;agence, le portefeuille et le commerce \u00e9lectronique<\/li>\n<li>Enti\u00e8rement r\u00e9actif et optimis\u00e9 pour les appareils mobiles<\/li>\n<li>Personnalisable gr\u00e2ce \u00e0 l&rsquo;utilisation du constructeur de page de glisser-d\u00e9poser int\u00e9gr\u00e9 et de nombreuses options pour les couleurs, les polices et la mise en page<\/li>\n<li>Comprend des plugins populaires tels que la r\u00e9volution du curseur et le formulaire de contact 7<\/li>\n<li>SEO optimis\u00e9 pour aider \u00e0 am\u00e9liorer les classements des moteurs de recherche<\/li>\n<li>Construit avec du code propre et valide pour des performances optimales et une personnalisation facile<\/li>\n<li>Comprend une documentation d\u00e9taill\u00e9e et le soutien de l&rsquo;\u00e9quipe des d\u00e9veloppeurs<\/li>\n<li>R\u00e9guli\u00e8rement mis \u00e0 jour avec de nouvelles fonctionnalit\u00e9s et am\u00e9liorations<\/li>\n<li>Convient aux d\u00e9butants et aux utilisateurs avanc\u00e9s, avec une interface conviviale et des contr\u00f4les intuitifs.<\/li>\n<\/ul>\n","protected":false},"excerpt":{"rendered":"<p>Le th\u00e8me WordPress polyvalent Scape poss\u00e8de une flexibilit\u00e9 remarquable et une conception contemporaine, permettant aux utilisateurs de g\u00e9n\u00e9rer sans effort un large \u00e9ventail de sites Web. Avec un \u00e9ventail de d\u00e9mos pr\u00e9-con\u00e7ues \u00e0 votre disposition et un constructeur de pages glisser-d\u00e9poser, vous avez la possibilit\u00e9 d&rsquo;adapter tous les \u00e9l\u00e9ments de votre site Web pour vous aligner sur votre marque unique et votre style personnel. De plus, ce th\u00e8me est enti\u00e8rement r\u00e9actif, garantissant une exp\u00e9rience visuellement attrayante et optimis\u00e9e sur tous les appareils. De plus, Scape int\u00e8gre de mani\u00e8re transparente les plugins pour l&rsquo;optimisation des moteurs de recherche et le partage des m\u00e9dias sociaux, ce qui en fait une solution tout compris pour \u00e9tablir une pr\u00e9sence en ligne dominante.<\/p>\n","protected":false},"featured_media":145165,"comment_status":"open","ping_status":"open","template":"","meta":[],"product_brand":[2433],"product_cat":[1214,1212,1213],"product_tag":[1366],"class_list":{"0":"post-111659","1":"product","2":"type-product","3":"status-publish","4":"has-post-thumbnail","6":"product_brand-themeforest","7":"product_cat-polyvalent","8":"product_cat-themes","9":"product_cat-wordpress-themes","10":"product_tag-themeforest","11":"member-discount","12":"discount-restricted","14":"first","15":"instock","16":"sale","17":"downloadable","18":"virtual","19":"sold-individually","20":"purchasable","21":"product-type-simple"},"_links":{"self":[{"href":"https:\/\/gpl-love.com\/fr\/wp-json\/wp\/v2\/product\/111659","targetHints":{"allow":["GET"]}}],"collection":[{"href":"https:\/\/gpl-love.com\/fr\/wp-json\/wp\/v2\/product"}],"about":[{"href":"https:\/\/gpl-love.com\/fr\/wp-json\/wp\/v2\/types\/product"}],"replies":[{"embeddable":true,"href":"https:\/\/gpl-love.com\/fr\/wp-json\/wp\/v2\/comments?post=111659"}],"wp:featuredmedia":[{"embeddable":true,"href":"https:\/\/gpl-love.com\/fr\/wp-json\/wp\/v2\/media\/145165"}],"wp:attachment":[{"href":"https:\/\/gpl-love.com\/fr\/wp-json\/wp\/v2\/media?parent=111659"}],"wp:term":[{"taxonomy":"product_brand","embeddable":true,"href":"https:\/\/gpl-love.com\/fr\/wp-json\/wp\/v2\/product_brand?post=111659"},{"taxonomy":"product_cat","embeddable":true,"href":"https:\/\/gpl-love.com\/fr\/wp-json\/wp\/v2\/product_cat?post=111659"},{"taxonomy":"product_tag","embeddable":true,"href":"https:\/\/gpl-love.com\/fr\/wp-json\/wp\/v2\/product_tag?post=111659"}],"curies":[{"name":"wp","href":"https:\/\/api.w.org\/{rel}","templated":true}]}}