{"id":111657,"date":"2024-06-29T00:00:00","date_gmt":"2024-06-28T22:00:00","guid":{"rendered":"http:\/\/gpl-love.com\/fr\/produit\/sewell-photography-wordpress-theme\/"},"modified":"2026-04-10T18:39:22","modified_gmt":"2026-04-10T16:39:22","slug":"sewell-photography-wordpress-theme","status":"publish","type":"product","link":"https:\/\/gpl-love.com\/fr\/produit\/sewell-photography-wordpress-theme\/","title":{"rendered":"Sewell Photography WordPress Theme 1.8.1"},"content":{"rendered":"<h3>Sewell Photography WordPress Theme Traits<\/h3>\n<p>Le th\u00e8me WordPress de la photographie Sewell est un th\u00e8me absolument magnifique, de pointe et tr\u00e8s r\u00e9actif qui a \u00e9t\u00e9 m\u00e9ticuleusement con\u00e7u dans le but explicite de r\u00e9pondre aux besoins et aux exigences uniques des photographes, des vid\u00e9astes et d&rsquo;autres professionnels cr\u00e9atifs de ce type. Il poss\u00e8de fi\u00e8rement un design remarquablement \u00e9l\u00e9gant et \u00e9l\u00e9gant qui est sp\u00e9cifiquement destin\u00e9 \u00e0 exposer et \u00e0 mettre en \u00e9vidence votre travail d&rsquo;une mani\u00e8re incroyablement enchanteresse et captivante qui laissera sans aucun doute une impression durable sur quiconque lui pose les yeux. Ce th\u00e8me exceptionnel est \u00e9quip\u00e9 d&rsquo;une pl\u00e9thore de fonctionnalit\u00e9s et d&rsquo;options remarquables qui ont \u00e9t\u00e9 soigneusement incorpor\u00e9es pour vous offrir la plus grande commodit\u00e9 et flexibilit\u00e9. Certaines de ces fonctionnalit\u00e9s notables incluent une page d&rsquo;accueil enti\u00e8rement personnalisable, une page de galerie personnalisable sans effort, ainsi qu&rsquo;une page de blog personnalisable parfaitement personnalisable qui peut toutes \u00eatre personnalis\u00e9es sans effort pour s&rsquo;aligner parfaitement avec vos pr\u00e9f\u00e9rences de marque et esth\u00e9tique. En outre, ce th\u00e8me incroyablement polyvalent comprend \u00e9galement un \u00e9ventail d&rsquo;outils de personnalisation conviviaux qui rendent la t\u00e2che d&rsquo;apporter des modifications \u00e0 divers \u00e9l\u00e9ments visuels tels que les couleurs, les polices et d&rsquo;autres \u00e9l\u00e9ments de conception de ce type une brise absolue. L&rsquo;un des aspects les plus louables du th\u00e8me WordPress de la photographie Sewell est son design incroyablement r\u00e9actif, qui garantit que votre site Web semblera absolument immacul\u00e9 et visuellement \u00e9tonnant sur tous les appareils et plateformes imaginables, allant des ordinateurs de bureau traditionnels aux t\u00e9l\u00e9phones mobiles contemporains. Si vous \u00eates un photographe ou un professionnel cr\u00e9atif qui est sur le march\u00e9 pour un site Web vraiment de haut niveau et visuellement \u00e0 couper le souffle qui \u00e9l\u00e8vera sans aucun doute votre marque et vous aidera \u00e0 vous d\u00e9marquer de vos concurrents, alors il n&rsquo;y a tout simplement pas de meilleur choix pour vous que le th\u00e8me WordPress de la photographie Sewell.<\/p>\n<ul>\n<li>Th\u00e8me enti\u00e8rement r\u00e9actif et personnalisable con\u00e7u sp\u00e9cifiquement pour les photographes<\/li>\n<li>Dispos\u00e9s et filtres \u00e0 galerie r\u00e9glables pour afficher des images<\/li>\n<li>Page de blog int\u00e9gr\u00e9e pour partager les nouvelles et les mises \u00e0 jour<\/li>\n<li>Plusieurs options de page d&rsquo;accueil pour pr\u00e9senter votre travail<\/li>\n<li>Capacit\u00e9 \u00e0 s&rsquo;int\u00e9grer aux plateformes de m\u00e9dias sociaux populaires<\/li>\n<li>Compatible avec les plugins WordPress populaires tels que WooCommerce et Contact Form 7<\/li>\n<li>Page de page glisser-d\u00e9poser pour une personnalisation facile<\/li>\n<li>Pages pr\u00e9d\u00e9finies pour les besoins de photographie courants, tels que les prix et les coordonn\u00e9es<\/li>\n<li>\u00c9quipe de support d\u00e9di\u00e9e pour aider \u00e0 toute question ou probl\u00e8me.<\/li>\n<\/ul>\n","protected":false},"excerpt":{"rendered":"<p>Le th\u00e8me WordPress de la photographie Sewell, poss\u00e9dant une apparence remarquable et raffin\u00e9e, est un choix id\u00e9al pour les photographes et autres personnes impliqu\u00e9es dans le domaine cr\u00e9atif. Sa conception d\u00e9gage de la simplicit\u00e9 et de l&rsquo;\u00e9l\u00e9gance, pr\u00e9sentant efficacement votre photographie d&rsquo;une mani\u00e8re qui est garantie de laisser les clients potentiels en admiration. Ce th\u00e8me est non seulement compl\u00e8tement r\u00e9actif mais aussi hautement personnalisable, vous accordant la possibilit\u00e9 de personnaliser \u00e0 la fois la page d&rsquo;accueil et la disposition du portefeuille \u00e0 votre go\u00fbt. De plus, il poss\u00e8de un \u00e9ventail de fonctionnalit\u00e9s impressionnantes, notamment l&rsquo;int\u00e9gration des m\u00e9dias sociaux, une section de blog d\u00e9di\u00e9e et une compatibilit\u00e9 transparente avec des plugins renomm\u00e9s comme Jetpack et Yoast SEO. Que vous soyez un professionnel \u00e9tabli dans le domaine de la photographie ou un talent en plein essor qui se lance dans votre voyage, le th\u00e8me WordPress de la photographie Sewell est un choix exceptionnel pour montrer votre travail dans un cadre en ligne.<\/p>\n","protected":false},"featured_media":145226,"comment_status":"open","ping_status":"open","template":"","meta":[],"product_brand":[2433],"product_cat":[1242,1212,1213],"product_tag":[1366],"class_list":{"0":"post-111657","1":"product","2":"type-product","3":"status-publish","4":"has-post-thumbnail","6":"product_brand-themeforest","7":"product_cat-creatif","8":"product_cat-themes","9":"product_cat-wordpress-themes","10":"product_tag-themeforest","11":"member-discount","12":"discount-restricted","14":"first","15":"instock","16":"sale","17":"downloadable","18":"virtual","19":"sold-individually","20":"purchasable","21":"product-type-simple"},"_links":{"self":[{"href":"https:\/\/gpl-love.com\/fr\/wp-json\/wp\/v2\/product\/111657","targetHints":{"allow":["GET"]}}],"collection":[{"href":"https:\/\/gpl-love.com\/fr\/wp-json\/wp\/v2\/product"}],"about":[{"href":"https:\/\/gpl-love.com\/fr\/wp-json\/wp\/v2\/types\/product"}],"replies":[{"embeddable":true,"href":"https:\/\/gpl-love.com\/fr\/wp-json\/wp\/v2\/comments?post=111657"}],"wp:featuredmedia":[{"embeddable":true,"href":"https:\/\/gpl-love.com\/fr\/wp-json\/wp\/v2\/media\/145226"}],"wp:attachment":[{"href":"https:\/\/gpl-love.com\/fr\/wp-json\/wp\/v2\/media?parent=111657"}],"wp:term":[{"taxonomy":"product_brand","embeddable":true,"href":"https:\/\/gpl-love.com\/fr\/wp-json\/wp\/v2\/product_brand?post=111657"},{"taxonomy":"product_cat","embeddable":true,"href":"https:\/\/gpl-love.com\/fr\/wp-json\/wp\/v2\/product_cat?post=111657"},{"taxonomy":"product_tag","embeddable":true,"href":"https:\/\/gpl-love.com\/fr\/wp-json\/wp\/v2\/product_tag?post=111657"}],"curies":[{"name":"wp","href":"https:\/\/api.w.org\/{rel}","templated":true}]}}