{"id":111653,"date":"2025-09-12T00:00:00","date_gmt":"2025-09-11T22:00:00","guid":{"rendered":"http:\/\/gpl-love.com\/fr\/produit\/ziston-directory-listing-wordpress-theme\/"},"modified":"2026-03-20T23:54:47","modified_gmt":"2026-03-20T22:54:47","slug":"ziston-directory-listing-wordpress-theme","status":"publish","type":"product","link":"https:\/\/gpl-love.com\/fr\/produit\/ziston-directory-listing-wordpress-theme\/","title":{"rendered":"Ziston Directory Listing WordPress Theme 1.4.6"},"content":{"rendered":"<h3>Ziston Directory Listing WordPress Theme Traits<\/h3>\n<p>Ziston Directory Listing WordPress Le th\u00e8me se pr\u00e9sente comme un th\u00e8me incroyablement fonctionnel et riche en fonctionnalit\u00e9s qui a \u00e9t\u00e9 sp\u00e9cialement con\u00e7u pour faciliter la cr\u00e9ation de listes de r\u00e9pertoires en ligne robustes et puissantes. Ce th\u00e8me poss\u00e8de une interface conviviale qui est non seulement facilement navigable mais aussi hautement personnalisable, ce qui en fait un choix id\u00e9al pour les entreprises de toutes formes et tailles. De plus, le th\u00e8me a \u00e9t\u00e9 \u00e9quip\u00e9 d&rsquo;options de recherche et de filtre avanc\u00e9es, simplifiant ainsi le processus de navigation dans le r\u00e9pertoire et de localisation rapide des informations souhait\u00e9es. En outre, il convient de noter que ce th\u00e8me a \u00e9t\u00e9 d\u00e9velopp\u00e9 en mettant principalement l&rsquo;accent sur la r\u00e9activit\u00e9 et l&rsquo;optimisation pour un large \u00e9ventail d&rsquo;appareils mobiles, permettant ainsi aux utilisateurs d&rsquo;acc\u00e9der facilement au r\u00e9pertoire \u00e0 l&rsquo;aide de leurs smartphones et de leurs tablettes. En utilisant le th\u00e8me WordPress de la liste des r\u00e9pertoires Ziston, vous avez la possibilit\u00e9 de cr\u00e9er un site Web d&rsquo;annuaire extraordinairement puissant qui contribuera sans aucun doute \u00e0 la croissance et \u00e0 la prosp\u00e9rit\u00e9 de votre entreprise.<\/p>\n<ul>\n<li>Design \u00e9l\u00e9gant et moderne qui pr\u00e9sente vos listes de r\u00e9pertoires et impressionne les visiteurs<\/li>\n<li>En-t\u00eate personnalisable avec plusieurs options de disposition pour r\u00e9pondre \u00e0 l&rsquo;aspect et \u00e0 la sensation de votre marque<\/li>\n<li>Plusieurs types de liste avec des options de recherche avanc\u00e9es pour rendre la navigation facile et intuitive pour les utilisateurs<\/li>\n<li>Tableau de bord facile \u00e0 utiliser qui rationalise le processus d&rsquo;inscription et assure une efficacit\u00e9 maximale<\/li>\n<li>Google Maps int\u00e9gr\u00e9s pour une navigation facile et une navigation de liste bas\u00e9e sur la localisation<\/li>\n<li>Espace d\u00e9di\u00e9 pour pr\u00e9senter les avis et les notes des clients, augmentant votre cr\u00e9dibilit\u00e9 et votre fiabilit\u00e9<\/li>\n<li>Conception r\u00e9active qui s&rsquo;adapte \u00e0 toutes les tailles et appareils d&rsquo;\u00e9cran, garantissant une fonctionnalit\u00e9 compl\u00e8te et une convivialit\u00e9 sur toutes les plateformes<\/li>\n<li>Packages de prix personnalisables et options de mon\u00e9tisation pour lancer votre entreprise de r\u00e9pertoire en toute transparence<\/li>\n<li>SEO optimis\u00e9 et enti\u00e8rement compatible avec les plugins SEO populaires, assurant une visibilit\u00e9 maximale et un classement des moteurs de recherche<\/li>\n<li>Documentation compl\u00e8te et support client d\u00e9di\u00e9 \u00e0 tous vos besoins et requ\u00eates<\/li>\n<\/ul>\n","protected":false},"excerpt":{"rendered":"<p>Ziston Directory Listing WordPress Th\u00e8me, un th\u00e8me tr\u00e8s robuste et convivial, a \u00e9t\u00e9 sp\u00e9cialement con\u00e7u avec l&rsquo;intention d&rsquo;acc\u00e9l\u00e9rer le processus de construction de sites Web de r\u00e9pertoires comp\u00e9tents. Ce th\u00e8me vous offre la capacit\u00e9 remarquable d&rsquo;exposer sans effort des listes, des \u00e9v\u00e9nements et des entreprises d&rsquo;une mani\u00e8re visuellement \u00e9tonnante et syst\u00e9matiquement structur\u00e9e. Avec sa disposition r\u00e9active, sa page d&rsquo;accueil personnalisable et son assortiment de mod\u00e8les de page personnalis\u00e9s, Ziston s&rsquo;int\u00e8gre de mani\u00e8re transparente \u00e0 des plugins bien \u00e9tablis tels que WooCommerce et Elementor. En utilisant Ziston, vous pouvez \u00e9tablir un site Web d&rsquo;annuaire qui se distingue sans effort de la concurrence et incite un afflux plus important de visiteurs.<\/p>\n","protected":false},"featured_media":146487,"comment_status":"open","ping_status":"open","template":"","meta":[],"product_brand":[2433],"product_cat":[1242,1212,1213],"product_tag":[1366],"class_list":{"0":"post-111653","1":"product","2":"type-product","3":"status-publish","4":"has-post-thumbnail","6":"product_brand-themeforest","7":"product_cat-creatif","8":"product_cat-themes","9":"product_cat-wordpress-themes","10":"product_tag-themeforest","11":"member-discount","12":"discount-restricted","14":"first","15":"instock","16":"sale","17":"downloadable","18":"virtual","19":"sold-individually","20":"purchasable","21":"product-type-simple"},"_links":{"self":[{"href":"https:\/\/gpl-love.com\/fr\/wp-json\/wp\/v2\/product\/111653","targetHints":{"allow":["GET"]}}],"collection":[{"href":"https:\/\/gpl-love.com\/fr\/wp-json\/wp\/v2\/product"}],"about":[{"href":"https:\/\/gpl-love.com\/fr\/wp-json\/wp\/v2\/types\/product"}],"replies":[{"embeddable":true,"href":"https:\/\/gpl-love.com\/fr\/wp-json\/wp\/v2\/comments?post=111653"}],"wp:featuredmedia":[{"embeddable":true,"href":"https:\/\/gpl-love.com\/fr\/wp-json\/wp\/v2\/media\/146487"}],"wp:attachment":[{"href":"https:\/\/gpl-love.com\/fr\/wp-json\/wp\/v2\/media?parent=111653"}],"wp:term":[{"taxonomy":"product_brand","embeddable":true,"href":"https:\/\/gpl-love.com\/fr\/wp-json\/wp\/v2\/product_brand?post=111653"},{"taxonomy":"product_cat","embeddable":true,"href":"https:\/\/gpl-love.com\/fr\/wp-json\/wp\/v2\/product_cat?post=111653"},{"taxonomy":"product_tag","embeddable":true,"href":"https:\/\/gpl-love.com\/fr\/wp-json\/wp\/v2\/product_tag?post=111653"}],"curies":[{"name":"wp","href":"https:\/\/api.w.org\/{rel}","templated":true}]}}