{"id":111651,"date":"2022-03-29T00:00:00","date_gmt":"2022-03-28T22:00:00","guid":{"rendered":"http:\/\/gpl-love.com\/fr\/produit\/zoxpress-all-in-one-wordpress-news-theme\/"},"modified":"2026-03-20T23:54:52","modified_gmt":"2026-03-20T22:54:52","slug":"zoxpress-all-in-one-wordpress-news-theme","status":"publish","type":"product","link":"https:\/\/gpl-love.com\/fr\/produit\/zoxpress-all-in-one-wordpress-news-theme\/","title":{"rendered":"ZoxPress All-In-One WordPress News Theme 2.09.0"},"content":{"rendered":"<h3>ZoxPress All-In-One WordPress News Theme Traits<\/h3>\n<p>Le th\u00e8me de WordPress News de Zoxpress est une solution tr\u00e8s compl\u00e8te qui permet aux utilisateurs de cr\u00e9er sans effort des sites de nouvelles d&rsquo;aspect professionnel. Ce th\u00e8me poss\u00e8de un design \u00e9l\u00e9gant et contemporain sp\u00e9cifiquement calibr\u00e9 pour une vitesse et des performances optimales, garantissant ainsi le chargement rapide et sans couture du site Web. Il est \u00e9quip\u00e9 d&rsquo;une pl\u00e9thore de fonctionnalit\u00e9s puissantes, telles qu&rsquo;un constructeur de pages glisser-d\u00e9coller convivial, plusieurs dispositions de page d&rsquo;accueil \u00e0 choisir, un tableau de widgets personnalis\u00e9s et des options de th\u00e8me avanc\u00e9es. Avec le th\u00e8me Zoxpress, vous pouvez adapter sans effort votre site Web \u00e0 votre go\u00fbt et pr\u00e9senter votre contenu de mani\u00e8re visuellement captivante. Que vous vous identifiiez en tant que blogueur, journaliste ou \u00e9diteur de nouvelles, ce th\u00e8me offre une multitude de ressources pour vous aider \u00e0 \u00e9tablir une pr\u00e9sence en ligne \u00e0 couper le souffle.<\/p>\n<ul>\n<li>La conception enti\u00e8rement r\u00e9active garantit que votre site Web a fi\u00e8re allure sur n&rsquo;importe quel appareil<\/li>\n<li>Livr\u00e9 avec plusieurs mod\u00e8les de page pr\u00e9d\u00e9finis, ce qui facilite le d\u00e9marrage<\/li>\n<li>Comprend une vari\u00e9t\u00e9 de widgets personnalis\u00e9s pour ajouter des fonctionnalit\u00e9s \u00e0 votre site<\/li>\n<li>Prise en charge int\u00e9gr\u00e9e pour les liens de m\u00e9dias sociaux et les options de partage<\/li>\n<li>Les options de typographie avanc\u00e9e vous permettent de personnaliser pleinement l&rsquo;apparence de votre site<\/li>\n<li>Prise en charge int\u00e9gr\u00e9e pour la vid\u00e9o, les galeries d&rsquo;images et autres contenus multim\u00e9dias<\/li>\n<li>Outils d&rsquo;optimisation SEO int\u00e9gr\u00e9s pour vous assurer que votre contenu est remarqu\u00e9 par les moteurs de recherche<\/li>\n<li>Documentation et soutien approfondies pour vous aider \u00e0 tirer le meilleur parti de votre th\u00e8me<\/li>\n<li>Mises \u00e0 jour r\u00e9guli\u00e8res et correctifs de bogues pour vous assurer que votre site reste \u00e0 jour et s\u00e9curis\u00e9<\/li>\n<li>Enti\u00e8rement compatible avec la derni\u00e8re version de WordPress et des plugins populaires<\/li>\n<\/ul>\n","protected":false},"excerpt":{"rendered":"<p>Zoxpress, un th\u00e8me de nouvelles WordPress tout-en-un qui convient exceptionnellement aux sites Web d&rsquo;actualit\u00e9s et de magazines, poss\u00e8de une interface parfaitement con\u00e7ue avec une esth\u00e9tique contemporaine. Ce th\u00e8me est rempli d&rsquo;une gamme de fonctionnalit\u00e9s impressionnantes qui distinguent sans effort votre site Web de la comp\u00e9tition. Ces fonctionnalit\u00e9s incluent la possibilit\u00e9 de personnaliser les dispositions en fonction de vos pr\u00e9f\u00e9rences, la prise en charge de plusieurs formats de post et un panneau d&rsquo;options de th\u00e8me remarquablement robuste. De plus, l&rsquo;adaptabilit\u00e9 et l&rsquo;optimisation du r\u00e9f\u00e9rencement de Zoxpress garantissent une exp\u00e9rience de navigation transparente pour vos utilisateurs, quel que soit l&rsquo;appareil qu&rsquo;ils utilisent. En s\u00e9lectionnant ZoxPress, vous optez pour un th\u00e8me d&rsquo;actualit\u00e9s qui offre non seulement une multitude de fonctionnalit\u00e9s mais assure \u00e9galement la convivialit\u00e9, en prenant avec succ\u00e8s votre contenu \u00e0 de nouveaux sommets.<\/p>\n","protected":false},"featured_media":146493,"comment_status":"open","ping_status":"open","template":"","meta":[],"product_brand":[2433],"product_cat":[1220,1212,1213],"product_tag":[1366],"class_list":{"0":"post-111651","1":"product","2":"type-product","3":"status-publish","4":"has-post-thumbnail","6":"product_brand-themeforest","7":"product_cat-blog-magazine","8":"product_cat-themes","9":"product_cat-wordpress-themes","10":"product_tag-themeforest","11":"member-discount","12":"discount-restricted","14":"first","15":"instock","16":"sale","17":"downloadable","18":"virtual","19":"sold-individually","20":"purchasable","21":"product-type-simple"},"_links":{"self":[{"href":"https:\/\/gpl-love.com\/fr\/wp-json\/wp\/v2\/product\/111651","targetHints":{"allow":["GET"]}}],"collection":[{"href":"https:\/\/gpl-love.com\/fr\/wp-json\/wp\/v2\/product"}],"about":[{"href":"https:\/\/gpl-love.com\/fr\/wp-json\/wp\/v2\/types\/product"}],"replies":[{"embeddable":true,"href":"https:\/\/gpl-love.com\/fr\/wp-json\/wp\/v2\/comments?post=111651"}],"wp:featuredmedia":[{"embeddable":true,"href":"https:\/\/gpl-love.com\/fr\/wp-json\/wp\/v2\/media\/146493"}],"wp:attachment":[{"href":"https:\/\/gpl-love.com\/fr\/wp-json\/wp\/v2\/media?parent=111651"}],"wp:term":[{"taxonomy":"product_brand","embeddable":true,"href":"https:\/\/gpl-love.com\/fr\/wp-json\/wp\/v2\/product_brand?post=111651"},{"taxonomy":"product_cat","embeddable":true,"href":"https:\/\/gpl-love.com\/fr\/wp-json\/wp\/v2\/product_cat?post=111651"},{"taxonomy":"product_tag","embeddable":true,"href":"https:\/\/gpl-love.com\/fr\/wp-json\/wp\/v2\/product_tag?post=111651"}],"curies":[{"name":"wp","href":"https:\/\/api.w.org\/{rel}","templated":true}]}}