{"id":111647,"date":"2026-01-10T00:00:00","date_gmt":"2026-01-09T23:00:00","guid":{"rendered":"http:\/\/gpl-love.com\/fr\/produit\/wp-sheet-editor-categories-tags-prouct-attributes-and-taxonomies-pro\/"},"modified":"2026-03-20T23:50:42","modified_gmt":"2026-03-20T22:50:42","slug":"wp-sheet-editor-categories-tags-prouct-attributes-and-taxonomies-pro","status":"publish","type":"product","link":"https:\/\/gpl-love.com\/fr\/produit\/wp-sheet-editor-categories-tags-prouct-attributes-and-taxonomies-pro\/","title":{"rendered":"WP Sheet Editor Categories Tags Product Attributes et Taxonomies Pro 1.7.22"},"content":{"rendered":"<h3>WP Sheet Editor Categories Tags Product Attributes et Taxonomies Pro Traits<\/h3>\n<p>Les cat\u00e9gories d&rsquo;\u00e9diteurs de feuilles WP Tags Attributs et Taxonomies Pro est un outil extr\u00eamement puissant qui accorde \u00e0 ses utilisateurs la possibilit\u00e9 de g\u00e9rer et de modifier sans effort les cat\u00e9gories, les balises, les attributs de produits et les taxonomies de leurs sites Web WordPress via une interface qui imite la structure de la structure de la structure de une feuille de calcul. Ce plugin ing\u00e9nieux vous accorde la capacit\u00e9 d&rsquo;effectuer des op\u00e9rations d&rsquo;\u00e9dition en vrac, ainsi que la possibilit\u00e9 d&rsquo;ajouter ou de supprimer l&rsquo;un de ces \u00e9l\u00e9ments susmentionn\u00e9s, vous permettant ainsi de conserver un temps et un effort pr\u00e9cieux. En outre, l&rsquo;avantage suppl\u00e9mentaire de pouvoir exporter et importer des donn\u00e9es dans le format CSV universellement reconnu facilite consid\u00e9rablement la mise \u00e0 jour de grandes quantit\u00e9s d&rsquo;informations en un seul coup. Il devient \u00e9vident que ce plugin constitue un actif indispensable pour tout site Web WordPress qui regorge d&rsquo;une multitude de cat\u00e9gories ou de produits, ce qui le rend un outil tr\u00e8s comp\u00e9tent et efficace \u00e0 des fins de gestion de contenu.<\/p>\n<ul>\n<li>Simplifie le processus de gestion des cat\u00e9gories, des balises, des attributs de produits et des taxonomies dans WordPress.<\/li>\n<li>Offre une interface conviviale pour l&rsquo;\u00e9dition et l&rsquo;organisation des donn\u00e9es du produit.<\/li>\n<li>Permet l&rsquo;\u00e9dition en vrac et la mise \u00e0 jour des informations sur les produits.<\/li>\n<li>Fournit des options de recherche et de filtre avanc\u00e9es pour trouver des produits sp\u00e9cifiques.<\/li>\n<li>Prend en charge les taxonomies personnalis\u00e9es pour une cat\u00e9gorisation unique de produits.<\/li>\n<li>Offre la possibilit\u00e9 d&rsquo;importer \/ exporter des donn\u00e9es de produit dans divers formats.<\/li>\n<li>Permet l&rsquo;int\u00e9gration avec les plugins de commerce \u00e9lectronique populaires comme WooCommerce et les t\u00e9l\u00e9chargements num\u00e9riques faciles.<\/li>\n<li>Augmente la productivit\u00e9 en rationalisant les t\u00e2ches de gestion des produits.<\/li>\n<li>R\u00e9duit le risque d&rsquo;erreurs ou d&rsquo;incoh\u00e9rences dans les donn\u00e9es du produit.<\/li>\n<li>Fournit une solution rentable pour une gestion efficace des produits dans WordPress.<\/li>\n<\/ul>\n","protected":false},"excerpt":{"rendered":"<p>Les cat\u00e9gories d&rsquo;\u00e9diteurs de feuilles WP Tags Attributs et Taxonomies Pro sont un plugin WordPress remarquablement convivial qui offre la commodit\u00e9 de centraliser la gestion de vos cat\u00e9gories, balises, attributs de produits et taxonomies. En tirant parti de cet outil robuste, vous pouvez g\u00e9n\u00e9rer, modifier et supprimer sans effort les cat\u00e9gories, les balises et les attributs en quelques clics simples. De plus, ce plugin pr\u00e9sente une interface de type de calcul esth\u00e9tiquement agr\u00e9able, rationalisant ainsi le processus de gestion de vos produits et taxonomies. De plus, le plugin permet l&rsquo;importation et l&rsquo;exportation transparentes de donn\u00e9es vers et depuis les fichiers CSV, facilitant le maintien sans effort de la pr\u00e9cision des donn\u00e9es. Si vous vous retrouvez \u00e0 rechercher une strat\u00e9gie influente et efficace pour superviser les cat\u00e9gories, les balises, les balises, les attributs de produits et les taxonomies de votre WordPress, ne recherchez pas plus loin que les cat\u00e9gories d&rsquo;\u00e9diteurs de feuilles WP Tags Attributs et Taxonomies Pro.<\/p>\n","protected":false},"featured_media":146209,"comment_status":"open","ping_status":"open","template":"","meta":[],"product_brand":[2733],"product_cat":[1187,1181,1186],"product_tag":[1545],"class_list":{"0":"post-111647","1":"product","2":"type-product","3":"status-publish","4":"has-post-thumbnail","6":"product_brand-wp-sheet-editor","7":"product_cat-administration-wordpress-plugins","8":"product_cat-plugins","9":"product_cat-wordpress-plugins","10":"product_tag-wp-sheet-editor","11":"member-discount","12":"discount-restricted","14":"first","15":"instock","16":"sale","17":"downloadable","18":"virtual","19":"sold-individually","20":"purchasable","21":"product-type-simple"},"_links":{"self":[{"href":"https:\/\/gpl-love.com\/fr\/wp-json\/wp\/v2\/product\/111647","targetHints":{"allow":["GET"]}}],"collection":[{"href":"https:\/\/gpl-love.com\/fr\/wp-json\/wp\/v2\/product"}],"about":[{"href":"https:\/\/gpl-love.com\/fr\/wp-json\/wp\/v2\/types\/product"}],"replies":[{"embeddable":true,"href":"https:\/\/gpl-love.com\/fr\/wp-json\/wp\/v2\/comments?post=111647"}],"wp:featuredmedia":[{"embeddable":true,"href":"https:\/\/gpl-love.com\/fr\/wp-json\/wp\/v2\/media\/146209"}],"wp:attachment":[{"href":"https:\/\/gpl-love.com\/fr\/wp-json\/wp\/v2\/media?parent=111647"}],"wp:term":[{"taxonomy":"product_brand","embeddable":true,"href":"https:\/\/gpl-love.com\/fr\/wp-json\/wp\/v2\/product_brand?post=111647"},{"taxonomy":"product_cat","embeddable":true,"href":"https:\/\/gpl-love.com\/fr\/wp-json\/wp\/v2\/product_cat?post=111647"},{"taxonomy":"product_tag","embeddable":true,"href":"https:\/\/gpl-love.com\/fr\/wp-json\/wp\/v2\/product_tag?post=111647"}],"curies":[{"name":"wp","href":"https:\/\/api.w.org\/{rel}","templated":true}]}}