{"id":111645,"date":"2024-06-17T00:00:00","date_gmt":"2024-06-16T22:00:00","guid":{"rendered":"http:\/\/gpl-love.com\/fr\/produit\/admin-2020-pro-wordpress-dashboard-theme\/"},"modified":"2026-03-20T22:53:02","modified_gmt":"2026-03-20T21:53:02","slug":"admin-2020-pro-wordpress-dashboard-theme","status":"publish","type":"product","link":"https:\/\/gpl-love.com\/fr\/produit\/admin-2020-pro-wordpress-dashboard-theme\/","title":{"rendered":"UiPress Pro (Admin 2020) WordPress Dashboard Theme 3.4.02"},"content":{"rendered":"<h3>UiPress Pro (Admin 2020) WordPress Dashboard Theme Traits<\/h3>\n<p>UIPress Pro (Admin 2020) est un th\u00e8me de tableau de bord WordPress extr\u00eamement puissant et global, m\u00e9ticuleusement con\u00e7u pour r\u00e9pondre aux besoins des administrateurs de sites Web professionnels. B\u00e9n\u00e9ficiant d&rsquo;une interface utilisateur \u00e9l\u00e9gamment rationalis\u00e9e et \u00e0 la pointe de la technologie, ce th\u00e8me offre un niveau d&rsquo;intuitivit\u00e9 et de facilit\u00e9 de navigation sans pr\u00e9c\u00e9dent, ce qui le rend une s\u00e9lection exemplaire pour les personnes cherchant \u00e0 g\u00e9rer sans effort leurs sites Web. Gr\u00e2ce \u00e0 Uipress Pro, vous avez la possibilit\u00e9 d&rsquo;adapter votre tableau de bord WordPress pour vous aligner pr\u00e9cis\u00e9ment sur vos exigences uniques, allant de l&rsquo;int\u00e9gration transparente de votre propre marque \u00e0 la personnalisation de la mise en page, sans parler de la vaste gamme de widgets et de plugins \u00e0 votre disposition. De plus, ce th\u00e8me vous fournit des outils d&rsquo;analyse et de rapports de pointe, vous permettant ainsi de surveiller le trafic et le comportement des utilisateurs de votre site Web avec une pr\u00e9cision en temps r\u00e9el. En r\u00e9sum\u00e9, UIPress Pro (Admin 2020) r\u00e8gne en supr\u00eame en tant que solution par excellence pour tous les administrateurs de sites Web aspirant \u00e0 optimiser leur tableau de bord WordPress et \u00e0 rationaliser les myriades de t\u00e2ches associ\u00e9es \u00e0 la gestion de leurs sites Web.<\/p>\n<ul>\n<li>Design moderne et \u00e9l\u00e9gant pour le tableau de bord WordPress<\/li>\n<li>Con\u00e7u pour la facilit\u00e9 d&rsquo;utilisation et la navigation transparente<\/li>\n<li>Enti\u00e8rement personnalisable pour la marque et la personnalisation<\/li>\n<li>Comprend une vari\u00e9t\u00e9 de widgets et de modules pr\u00e9d\u00e9finis pour des fonctionnalit\u00e9s suppl\u00e9mentaires<\/li>\n<li>Optimis\u00e9 pour la vitesse et les performances pour une utilisation efficace<\/li>\n<li>Compatible avec une vari\u00e9t\u00e9 de plugins et int\u00e9grations tiers<\/li>\n<li>Conception r\u00e9active de l&rsquo;accessibilit\u00e9 entre les appareils<\/li>\n<li>Mises \u00e0 jour r\u00e9guli\u00e8res et soutien \u00e0 l&rsquo;am\u00e9lioration continue et au d\u00e9pannage<\/li>\n<li>Interface intuitive et conviviale pour les d\u00e9butants et les utilisateurs exp\u00e9riment\u00e9s<\/li>\n<li>Documentation compl\u00e8te et tutoriels pour une installation et une utilisation faciles.<\/li>\n<\/ul>\n","protected":false},"excerpt":{"rendered":"<p>Le th\u00e8me du tableau de bord UIPress Pro WordPress, \u00e9galement connu sous le nom de th\u00e8me WordPress Admin 2020, propose une solution optimale pour am\u00e9liorer votre exp\u00e9rience utilisateur du tableau de bord WordPress. Son tableau de bord WordPress de conception moderne n&rsquo;est pas seulement \u00e9l\u00e9gant et propre, mais facilite \u00e9galement la gestion efficace du tableau de bord WordPress.<\/p>\n<p>Gr\u00e2ce \u00e0 des widgets de tableau de bord personnalisables et \u00e0 une interface utilisateur avanc\u00e9e pour WordPress, UIPress Pro assure une exp\u00e9rience de navigation d&rsquo;administration WordPress sans couture. Cette fonctionnalit\u00e9 sert \u00e0 am\u00e9liorer l&rsquo;exp\u00e9rience utilisateur globale avec UIPress Pro.<\/p>\n<p>Que vous g\u00e9riez un blog personnel \u00e0 l&rsquo;aide d&rsquo;Uipress Pro ou que vous g\u00e9rez un site Web professionnel avec Admin 2020, ce th\u00e8me appara\u00eet comme un outil puissant. Il rationalise votre flux de travail et aide \u00e0 organiser efficacement le contenu avec le th\u00e8me Admin 2020.<\/p>\n<p>Le tableau de bord WordPress am\u00e9lior\u00e9 avec UIPress Pro am\u00e9liore consid\u00e9rablement l&rsquo;efficacit\u00e9 de gestion des sites Web. En tant que tel, le th\u00e8me WordPress Admin 2020 se distingue comme un outil de gestion WordPress ultime.<\/p>\n<p>En r\u00e9sum\u00e9, que vous ayez besoin d&rsquo;une gestion efficace avec le th\u00e8me WordPress Admin 2020 ou que vous cherchez \u00e0 rationaliser votre flux de travail avec UIPress<\/p>\n","protected":false},"featured_media":143024,"comment_status":"open","ping_status":"open","template":"","meta":[],"product_brand":[2441],"product_cat":[1187,1181,1186],"product_tag":[2354],"class_list":{"0":"post-111645","1":"product","2":"type-product","3":"status-publish","4":"has-post-thumbnail","6":"product_brand-uipress","7":"product_cat-administration-wordpress-plugins","8":"product_cat-plugins","9":"product_cat-wordpress-plugins","10":"product_tag-uipress","11":"member-discount","12":"discount-restricted","14":"first","15":"instock","16":"sale","17":"downloadable","18":"virtual","19":"sold-individually","20":"purchasable","21":"product-type-simple"},"_links":{"self":[{"href":"https:\/\/gpl-love.com\/fr\/wp-json\/wp\/v2\/product\/111645","targetHints":{"allow":["GET"]}}],"collection":[{"href":"https:\/\/gpl-love.com\/fr\/wp-json\/wp\/v2\/product"}],"about":[{"href":"https:\/\/gpl-love.com\/fr\/wp-json\/wp\/v2\/types\/product"}],"replies":[{"embeddable":true,"href":"https:\/\/gpl-love.com\/fr\/wp-json\/wp\/v2\/comments?post=111645"}],"wp:featuredmedia":[{"embeddable":true,"href":"https:\/\/gpl-love.com\/fr\/wp-json\/wp\/v2\/media\/143024"}],"wp:attachment":[{"href":"https:\/\/gpl-love.com\/fr\/wp-json\/wp\/v2\/media?parent=111645"}],"wp:term":[{"taxonomy":"product_brand","embeddable":true,"href":"https:\/\/gpl-love.com\/fr\/wp-json\/wp\/v2\/product_brand?post=111645"},{"taxonomy":"product_cat","embeddable":true,"href":"https:\/\/gpl-love.com\/fr\/wp-json\/wp\/v2\/product_cat?post=111645"},{"taxonomy":"product_tag","embeddable":true,"href":"https:\/\/gpl-love.com\/fr\/wp-json\/wp\/v2\/product_tag?post=111645"}],"curies":[{"name":"wp","href":"https:\/\/api.w.org\/{rel}","templated":true}]}}