{"id":111644,"date":"2026-04-10T00:00:00","date_gmt":"2026-04-09T22:00:00","guid":{"rendered":"http:\/\/gpl-love.com\/fr\/produit\/consulting-business-finance-wordpress-theme-2\/"},"modified":"2026-04-10T12:30:22","modified_gmt":"2026-04-10T10:30:22","slug":"consulting-business-finance-wordpress-theme-2","status":"publish","type":"product","link":"https:\/\/gpl-love.com\/fr\/produit\/consulting-business-finance-wordpress-theme-2\/","title":{"rendered":"Consulting Business Finance WordPress Theme 6.7.8"},"content":{"rendered":"<h3>Consulting Business Finance WordPress Theme Traits<\/h3>\n<p>Le th\u00e8me WordPress de consultation des affaires est un outil incroyablement puissant et complexe, minutieusement d\u00e9velopp\u00e9 pour aider les entreprises dans leur qu\u00eate pour \u00e9tablir une formidable pr\u00e9sence en ligne. Ce th\u00e8me remarquable pr\u00e9sente un design extr\u00eamement \u00e9l\u00e9gant et de pointe, m\u00e9ticuleusement con\u00e7u pour r\u00e9pondre sp\u00e9cifiquement aux besoins et aux exigences uniques de la consultation et des entreprises li\u00e9es aux finances. Il poss\u00e8de un \u00e9ventail impressionnant de fonctionnalit\u00e9s et de fonctionnalit\u00e9s, attributs qui facilitent la convivialit\u00e9 transparente et la personnalisation sans effort. De plus, ce th\u00e8me poss\u00e8de la qualit\u00e9 inestimable de la r\u00e9activit\u00e9 compl\u00e8te, garantissant que votre site Web semblera exceptionnellement captivant et attrayant visuellement sur tous les appareils. De plus, sa convivialit\u00e9 inh\u00e9rente \u00e0 la r\u00e9f\u00e9rence am\u00e9liore les chances de votre site Web d&rsquo;atteindre des classements plus \u00e9lev\u00e9s dans le domaine farouchement concurrentiel des r\u00e9sultats des moteurs de recherche. Le th\u00e8me WordPress de consultation des affaires vous offre une occasion in\u00e9gal\u00e9e de pr\u00e9senter professionnellement et engagement votre expertise, vos services et vos produits, attirant finalement une richesse de clients potentiels dans votre entreprise estim\u00e9e.<\/p>\n<ul>\n<li>Sp\u00e9cialement con\u00e7u pour consulter les entreprises dans l&rsquo;industrie financi\u00e8re<\/li>\n<li>Disposition propre et moderne pour pr\u00e9senter les services et l&rsquo;expertise<\/li>\n<li>Personnalisation facile avec le g\u00e9n\u00e9rateur de pages glisser-d\u00e9poser<\/li>\n<li>L&rsquo;int\u00e9gration avec WooCommerce permet un paiement en ligne facile et un commerce \u00e9lectronique<\/li>\n<li>Comprend une conception r\u00e9active pour une visualisation optimale sur n&rsquo;importe quel appareil<\/li>\n<li>Plusieurs pages pr\u00e9-con\u00e7ues et mod\u00e8les personnalisables pour diverses utilisations<\/li>\n<li>SEO-optimis\u00e9 pour aider \u00e0 stimuler la pr\u00e9sence en ligne et les classements des moteurs de recherche<\/li>\n<li>Support client 24\/7 et mises \u00e0 jour r\u00e9guli\u00e8res garantissent des performances optimales<\/li>\n<li>Int\u00e9gration avec des plugins populaires tels que WPFORMS et Yoast pour ajouter des fonctionnalit\u00e9s<\/li>\n<li>Comprend une section de blog personnalisable pour aider \u00e0 \u00e9tablir un leadership \u00e9clair\u00e9 et \u00e0 fournir des ressources pr\u00e9cieuses aux clients.<\/li>\n<\/ul>\n","protected":false},"excerpt":{"rendered":"<p>Ce th\u00e8me WordPress de financement commercial de consultation est con\u00e7u pour r\u00e9pondre aux besoins des professionnels travaillant dans le secteur des finances. Avec un design \u00e9l\u00e9gant et \u00e9l\u00e9gant, ce th\u00e8me est parfait pour les consultants, les conseillers financiers et d&rsquo;autres professionnels qui ont besoin d&rsquo;une puissante pr\u00e9sence en ligne. Le th\u00e8me offre des fonctionnalit\u00e9s \u00e9lev\u00e9es, vous permettant de cr\u00e9er facilement un site Web frappant. Il est enti\u00e8rement personnalisable, vous permet de modifier chaque \u00e9l\u00e9ment et de le faire correspondre \u00e0 l&rsquo;esth\u00e9tique de votre marque. Le th\u00e8me WordPress de Consulting Business Finance poss\u00e8de \u00e9galement une conception r\u00e9active, garantissant que votre site Web est et fonctionne parfaitement sur tous les appareils. En outre, il est optimis\u00e9e en SEO d&rsquo;aider votre entreprise \u00e0 se classer plus haut dans les r\u00e9sultats des moteurs de recherche. Avec ce th\u00e8me WordPress, vous pouvez pr\u00e9senter vos services, mettre en \u00e9vidence vos comp\u00e9tences et attirer efficacement les clients potentiels. Ce th\u00e8me est un outil pr\u00e9cieux pour tout professionnel de la finance qui cherche \u00e0 avoir un fort impact num\u00e9rique.<\/p>\n","protected":false},"featured_media":143414,"comment_status":"open","ping_status":"open","template":"","meta":[],"product_brand":[2433],"product_cat":[1516,1212,1213],"product_tag":[1366],"class_list":{"0":"post-111644","1":"product","2":"type-product","3":"status-publish","4":"has-post-thumbnail","6":"product_brand-themeforest","7":"product_cat-entreprise","8":"product_cat-themes","9":"product_cat-wordpress-themes","10":"product_tag-themeforest","11":"member-discount","12":"discount-restricted","14":"first","15":"instock","16":"sale","17":"downloadable","18":"virtual","19":"sold-individually","20":"purchasable","21":"product-type-simple"},"_links":{"self":[{"href":"https:\/\/gpl-love.com\/fr\/wp-json\/wp\/v2\/product\/111644","targetHints":{"allow":["GET"]}}],"collection":[{"href":"https:\/\/gpl-love.com\/fr\/wp-json\/wp\/v2\/product"}],"about":[{"href":"https:\/\/gpl-love.com\/fr\/wp-json\/wp\/v2\/types\/product"}],"replies":[{"embeddable":true,"href":"https:\/\/gpl-love.com\/fr\/wp-json\/wp\/v2\/comments?post=111644"}],"wp:featuredmedia":[{"embeddable":true,"href":"https:\/\/gpl-love.com\/fr\/wp-json\/wp\/v2\/media\/143414"}],"wp:attachment":[{"href":"https:\/\/gpl-love.com\/fr\/wp-json\/wp\/v2\/media?parent=111644"}],"wp:term":[{"taxonomy":"product_brand","embeddable":true,"href":"https:\/\/gpl-love.com\/fr\/wp-json\/wp\/v2\/product_brand?post=111644"},{"taxonomy":"product_cat","embeddable":true,"href":"https:\/\/gpl-love.com\/fr\/wp-json\/wp\/v2\/product_cat?post=111644"},{"taxonomy":"product_tag","embeddable":true,"href":"https:\/\/gpl-love.com\/fr\/wp-json\/wp\/v2\/product_tag?post=111644"}],"curies":[{"name":"wp","href":"https:\/\/api.w.org\/{rel}","templated":true}]}}