{"id":111642,"date":"2021-02-09T00:00:00","date_gmt":"2021-02-08T23:00:00","guid":{"rendered":"http:\/\/gpl-love.com\/fr\/produit\/nomos-modern-ajax-shop-designed-for-mobile-and-seo-friendly\/"},"modified":"2026-04-10T18:34:45","modified_gmt":"2026-04-10T16:34:45","slug":"nomos-modern-ajax-shop-designed-for-mobile-and-seo-friendly","status":"publish","type":"product","link":"https:\/\/gpl-love.com\/fr\/produit\/nomos-modern-ajax-shop-designed-for-mobile-and-seo-friendly\/","title":{"rendered":"Nomos Modern AJAX Shop Designed For Mobile And SEO Friendly 2.4.9"},"content":{"rendered":"<h3>Nomos Modern AJAX Shop Designed For Mobile And SEO Friendly Traits<\/h3>\n<p>Le Nomos Modern Ajax Shop est une plate-forme de commerce \u00e9lectronique exemplaire qui a \u00e9t\u00e9 m\u00e9ticuleusement con\u00e7ue pour offrir une exp\u00e9rience d&rsquo;achat in\u00e9gal\u00e9e aux clients et aux d\u00e9taillants. Ce syst\u00e8me de pointe a \u00e9t\u00e9 complexe optimis\u00e9 pour s&rsquo;adapter parfaitement aux appareils mobiles et exploiter l&rsquo;optimisation des moteurs de recherche, facilitant ainsi les clients en localisant et en acqu\u00e9rant des produits via tout appareil choisi. B\u00e9n\u00e9ficiant d&rsquo;une interface \u00e9l\u00e9gante et instinctive, le Nomos Modern Ajax Shop se r\u00e9v\u00e8le \u00eatre un choix impeccable pour les d\u00e9taillants qui aspirent \u00e0 augmenter leurs ventes en ligne et \u00e0 \u00e9tendre leurs entreprises. Ind\u00e9pendamment de la conduite de marchandises tangibles ou des t\u00e9l\u00e9chargements num\u00e9riques, cette plate-forme remarquable s&rsquo;adresse \u00e0 toutes les conditions n\u00e9cessaires pour triompher sur le march\u00e9 farouchement concurrentiel d&rsquo;aujourd&rsquo;hui. Alors pourquoi tergiverser davantage? Initiez aujourd&rsquo;hui l&rsquo;utilisation de la boutique Nomos Modern Ajax et propulsez votre entreprise en ligne \u00e0 des hauteurs sans pr\u00e9c\u00e9dent!<\/p>\n<ul>\n<li>Design \u00e9l\u00e9gant et moderne<\/li>\n<li>Disposition r\u00e9active optimis\u00e9e pour les appareils mobiles<\/li>\n<li>Panier d&rsquo;achat aliment\u00e9 par l&rsquo;Ajax pour une exp\u00e9rience utilisateur transparente<\/li>\n<li>Int\u00e9gration avec des passerelles de paiement populaires, y compris PayPal et Stripe<\/li>\n<li>Pages de produits personnalisables avec plusieurs images et descriptions de produits<\/li>\n<li>Cat\u00e9gorisation et filtrage de produit facile pour une navigation rapide et efficace<\/li>\n<li>Code et m\u00e9ta-\u00e9tiquettes conviviales pour am\u00e9liorer les classements des moteurs de recherche<\/li>\n<li>Tableau de bord convivial pour la gestion des produits, des commandes et des stocks<\/li>\n<li>Options de partage des m\u00e9dias sociaux pour les produits<\/li>\n<li>Analyse int\u00e9gr\u00e9e pour suivre les ventes et le comportement des clients<\/li>\n<li>Support client gratuit et fiable et mises \u00e0 jour<\/li>\n<\/ul>\n","protected":false},"excerpt":{"rendered":"<p>Le Nomos Modern Ajax Shop pr\u00e9sente une solution id\u00e9ale pour les entreprises qui cherchent \u00e0 augmenter leur pr\u00e9sence mobile et \u00e0 am\u00e9liorer leur classement SEO, offrant un design vierge et contemporain aux c\u00f4t\u00e9s de la technologie Ajax de pointe qui assure une exp\u00e9rience d&rsquo;achat sans couture sur divers appareils. De plus, son architecture, qui est amicale pour l&rsquo;optimisation des moteurs de recherche, est pr\u00eate \u00e0 amplifier le trafic de votre site Web et \u00e0 renforcer votre importance en ligne. En tirant parti de la puissance de Nomos, vous pouvez \u00e9lever votre entreprise de commerce \u00e9lectronique \u00e0 des hauteurs sans pr\u00e9c\u00e9dent.<\/p>\n","protected":false},"featured_media":144821,"comment_status":"open","ping_status":"open","template":"","meta":[],"product_brand":[2433],"product_cat":[1238,1851,1212],"product_tag":[1366],"class_list":{"0":"post-111642","1":"product","2":"type-product","3":"status-publish","4":"has-post-thumbnail","6":"product_brand-themeforest","7":"product_cat-commerce-electronique-themes","8":"product_cat-entreprise-commerce-electronique-themes","9":"product_cat-themes","10":"product_tag-themeforest","11":"member-discount","12":"discount-restricted","14":"first","15":"instock","16":"sale","17":"downloadable","18":"virtual","19":"sold-individually","20":"purchasable","21":"product-type-simple"},"_links":{"self":[{"href":"https:\/\/gpl-love.com\/fr\/wp-json\/wp\/v2\/product\/111642","targetHints":{"allow":["GET"]}}],"collection":[{"href":"https:\/\/gpl-love.com\/fr\/wp-json\/wp\/v2\/product"}],"about":[{"href":"https:\/\/gpl-love.com\/fr\/wp-json\/wp\/v2\/types\/product"}],"replies":[{"embeddable":true,"href":"https:\/\/gpl-love.com\/fr\/wp-json\/wp\/v2\/comments?post=111642"}],"wp:featuredmedia":[{"embeddable":true,"href":"https:\/\/gpl-love.com\/fr\/wp-json\/wp\/v2\/media\/144821"}],"wp:attachment":[{"href":"https:\/\/gpl-love.com\/fr\/wp-json\/wp\/v2\/media?parent=111642"}],"wp:term":[{"taxonomy":"product_brand","embeddable":true,"href":"https:\/\/gpl-love.com\/fr\/wp-json\/wp\/v2\/product_brand?post=111642"},{"taxonomy":"product_cat","embeddable":true,"href":"https:\/\/gpl-love.com\/fr\/wp-json\/wp\/v2\/product_cat?post=111642"},{"taxonomy":"product_tag","embeddable":true,"href":"https:\/\/gpl-love.com\/fr\/wp-json\/wp\/v2\/product_tag?post=111642"}],"curies":[{"name":"wp","href":"https:\/\/api.w.org\/{rel}","templated":true}]}}