{"id":111640,"date":"2024-02-09T00:00:00","date_gmt":"2024-02-08T23:00:00","guid":{"rendered":"http:\/\/gpl-love.com\/fr\/produit\/toro-clean-minimal-woocommerce-theme\/"},"modified":"2026-04-10T18:43:42","modified_gmt":"2026-04-10T16:43:42","slug":"toro-clean-minimal-woocommerce-theme","status":"publish","type":"product","link":"https:\/\/gpl-love.com\/fr\/produit\/toro-clean-minimal-woocommerce-theme\/","title":{"rendered":"Toro Clean, Minimal WooCommerce Theme 1.6.0"},"content":{"rendered":"<h3>Toro Clean, Minimal WooCommerce Theme Traits<\/h3>\n<p>Le th\u00e8me WooCommerce Toro Clean Minimal, avec son design professionnel et moderne, sert d&rsquo;une excellente solution de commerce \u00e9lectronique pour les personnes \u00e0 la recherche d&rsquo;une disposition simple et \u00e9l\u00e9gante. En adoptant une approche minimaliste, ce th\u00e8me met en \u00e9vidence efficacement vos produits sur la page Web tout en offrant des fonctionnalit\u00e9s et des fonctionnalit\u00e9s essentielles n\u00e9cessaires \u00e0 une boutique en ligne florissante. De plus, ce th\u00e8me enti\u00e8rement r\u00e9actif permet \u00e0 vos clients d&rsquo;acheter facilement sur n&rsquo;importe quel appareil, et sa vitesse optimis\u00e9e garantit un chargement de page rapide. De plus, avec un \u00e9ventail d&rsquo;options de personnalisation \u00e0 votre disposition, vous pouvez adapter sans effort votre magasin pour s&rsquo;aligner parfaitement avec votre marque. Ainsi, le th\u00e8me de WooCommerce Toro Clean Minimal pr\u00e9sente un choix exceptionnel pour ceux qui d\u00e9sirent une boutique en ligne qui d\u00e9gage le professionnalisme et la modernit\u00e9 sans aucun encombrement inutile.<\/p>\n<ul>\n<li>Design propre et moderne<\/li>\n<li>Disposition enti\u00e8rement r\u00e9active<\/li>\n<li>Optimis\u00e9 pour WooCommerce<\/li>\n<li>Options de personnalisation faciles<\/li>\n<li>Multipliers de page d&rsquo;accueil et de page d&rsquo;atelier<\/li>\n<li>Styles d&rsquo;en-t\u00eate et de pied de page flexibles<\/li>\n<li>Fonctionnalit\u00e9 AJAX Add-to-Cart<\/li>\n<li>Int\u00e9gration int\u00e9gr\u00e9e des m\u00e9dias sociaux<\/li>\n<li>Code de r\u00e9f\u00e9rencement<\/li>\n<li>Vitesse de chargement rapide<\/li>\n<li>Pr\u00eat pour la traduction<\/li>\n<li>R\u00e9guli\u00e8rement mis \u00e0 jour avec de nouvelles fonctionnalit\u00e9s et corrections de bogues<\/li>\n<li>Support client expert.<\/li>\n<\/ul>\n","protected":false},"excerpt":{"rendered":"<p>Le th\u00e8me WooCommerce Toro Clean et minimal pr\u00e9sente une r\u00e9solution id\u00e9ale pour les personnes \u00e0 la recherche d&rsquo;un emporium virtuel professionnel mais minimaliste. Gr\u00e2ce \u00e0 son plan propre, ce th\u00e8me accentue votre marchandise et vous permet de les montrer de la mani\u00e8re la plus optimale concevable. De plus, sa fonctionnalit\u00e9 compl\u00e8te r\u00e9active garantit que l&rsquo;esth\u00e9tique de votre magasin est conserv\u00e9e quel que soit l&rsquo;appareil utilis\u00e9. De plus, l&rsquo;int\u00e9gration transparente avec WooCommerce permet la gestion des stocks sans effort, le traitement des commandes et l&rsquo;acceptation des paiements. Que vous commercialisez des produits tangibles ou intangibles, le th\u00e8me WooCommerce Toro Clean et Minimal vous accordera les ressources n\u00e9cessaires pour atteindre le triomphe.<\/p>\n","protected":false},"featured_media":145598,"comment_status":"open","ping_status":"open","template":"","meta":[],"product_brand":[2433],"product_cat":[1238,1851,1212],"product_tag":[1366],"class_list":{"0":"post-111640","1":"product","2":"type-product","3":"status-publish","4":"has-post-thumbnail","6":"product_brand-themeforest","7":"product_cat-commerce-electronique-themes","8":"product_cat-entreprise-commerce-electronique-themes","9":"product_cat-themes","10":"product_tag-themeforest","11":"member-discount","12":"discount-restricted","14":"first","15":"instock","16":"sale","17":"downloadable","18":"virtual","19":"sold-individually","20":"purchasable","21":"product-type-simple"},"_links":{"self":[{"href":"https:\/\/gpl-love.com\/fr\/wp-json\/wp\/v2\/product\/111640","targetHints":{"allow":["GET"]}}],"collection":[{"href":"https:\/\/gpl-love.com\/fr\/wp-json\/wp\/v2\/product"}],"about":[{"href":"https:\/\/gpl-love.com\/fr\/wp-json\/wp\/v2\/types\/product"}],"replies":[{"embeddable":true,"href":"https:\/\/gpl-love.com\/fr\/wp-json\/wp\/v2\/comments?post=111640"}],"wp:featuredmedia":[{"embeddable":true,"href":"https:\/\/gpl-love.com\/fr\/wp-json\/wp\/v2\/media\/145598"}],"wp:attachment":[{"href":"https:\/\/gpl-love.com\/fr\/wp-json\/wp\/v2\/media?parent=111640"}],"wp:term":[{"taxonomy":"product_brand","embeddable":true,"href":"https:\/\/gpl-love.com\/fr\/wp-json\/wp\/v2\/product_brand?post=111640"},{"taxonomy":"product_cat","embeddable":true,"href":"https:\/\/gpl-love.com\/fr\/wp-json\/wp\/v2\/product_cat?post=111640"},{"taxonomy":"product_tag","embeddable":true,"href":"https:\/\/gpl-love.com\/fr\/wp-json\/wp\/v2\/product_tag?post=111640"}],"curies":[{"name":"wp","href":"https:\/\/api.w.org\/{rel}","templated":true}]}}