{"id":111638,"date":"2023-09-14T00:00:00","date_gmt":"2023-09-13T22:00:00","guid":{"rendered":"http:\/\/gpl-love.com\/fr\/produit\/elemix-modern-creative-elementor-woocommerce-theme\/"},"modified":"2026-03-20T23:03:26","modified_gmt":"2026-03-20T22:03:26","slug":"elemix-modern-creative-elementor-woocommerce-theme","status":"publish","type":"product","link":"https:\/\/gpl-love.com\/fr\/produit\/elemix-modern-creative-elementor-woocommerce-theme\/","title":{"rendered":"Elemix Modern et Creative Elementor WooCommerce Theme 1.2.4"},"content":{"rendered":"<h3>Elemix Modern et Creative Elementor WooCommerce Theme Traits<\/h3>\n<p>Elemix est un th\u00e8me \u00e9l\u00e9mentor exemplaire et innovant qui offre une exp\u00e9rience utilisateur ininterrompue et sans couture pour les magasins en ligne. En raison de son design \u00e9l\u00e9gant et sophistiqu\u00e9 ainsi que de ses fonctionnalit\u00e9s hautement personnalisables, il permet aux utilisateurs de fa\u00e7onner sans effort un site Web distinctif et hautement professionnel. Elemix est non seulement enti\u00e8rement r\u00e9actif mais \u00e9galement optimis\u00e9 pour la vitesse, garantissant ainsi que les clients peuvent sans effort et rapidement parcourir et se procurer des produits sur n&rsquo;importe quel appareil. De plus, ce th\u00e8me comprend une gamme diversifi\u00e9e de mod\u00e8les pr\u00e9-con\u00e7us pour les pages de produits, les pages de caisse et au-del\u00e0, le rendant sans effort facile pour cultiver une boutique en ligne harmonieuse et visuellement s\u00e9duisante. Avec Elemix \u00e0 leur disposition, les utilisateurs ont la possibilit\u00e9 de g\u00e9n\u00e9rer un site Web de commerce \u00e9lectronique contemporain et puissant qui renforcera sans aucun doute leurs chiffres de vente d&rsquo;entreprise et augmentera.<\/p>\n<ul>\n<li>Conception moderne et cr\u00e9ative avec des options personnalisables<\/li>\n<li>Construit sp\u00e9cifiquement pour le g\u00e9n\u00e9rateur de page Elementor et la plate-forme WooCommerce<\/li>\n<li>Enti\u00e8rement r\u00e9actif et convivial<\/li>\n<li>Options de disposition multiples pour la page d&rsquo;accueil, les pages de produits et le blog<\/li>\n<li>Grides de produits personnalisables et options de vue rapide<\/li>\n<li>Int\u00e9gration avec les passerelles de paiement populaires<\/li>\n<li>Documentation compl\u00e8te et support client inclus<\/li>\n<li>Importation de d\u00e9monstration en un clic pour une configuration facile<\/li>\n<li>SEO optimis\u00e9 pour une meilleure visibilit\u00e9 sur les moteurs de recherche<\/li>\n<li>Mises \u00e0 jour r\u00e9guli\u00e8res et am\u00e9liorations<\/li>\n<\/ul>\n","protected":false},"excerpt":{"rendered":"<p>Nous sommes ravis de pr\u00e9senter Elemix, une solution exceptionnelle qui vous permet de cr\u00e9er un site Web de commerce \u00e9lectronique de pointe et imaginatif. En exploitant les puissantes capacit\u00e9s de Elementor et WooCommerce, Elemix vous accorde \u00e0 acc\u00e9der \u00e0 une interface de glisser-d\u00e9poser parfaitement intuitive, simplifiant le processus de conception de votre boutique en ligne. Avec sa vaste gamme d&rsquo;\u00e9l\u00e9ments de conception flexibles et personnalisables, vous avez la libert\u00e9 d&rsquo;adapter votre site Web en fonction de vos besoins uniques. De plus, Elemix fournit une s\u00e9lection remarquable de mod\u00e8les pr\u00e9-con\u00e7us qui servent de base robuste, vous permettant de les construire avec confiance et cr\u00e9ativit\u00e9. Que vous soyez un concepteur de sites Web et chevronn\u00e9, Elemix int\u00e8gre de mani\u00e8re transparente les fonctionnalit\u00e9s et l&rsquo;attrait visuel pour propulser votre entreprise de commerce \u00e9lectronique \u00e0 des sommets sans pr\u00e9c\u00e9dent.<\/p>\n","protected":false},"featured_media":143710,"comment_status":"open","ping_status":"open","template":"","meta":[],"product_brand":[2433],"product_cat":[1238,1851,1212],"product_tag":[1366],"class_list":{"0":"post-111638","1":"product","2":"type-product","3":"status-publish","4":"has-post-thumbnail","6":"product_brand-themeforest","7":"product_cat-commerce-electronique-themes","8":"product_cat-entreprise-commerce-electronique-themes","9":"product_cat-themes","10":"product_tag-themeforest","11":"member-discount","12":"discount-restricted","14":"first","15":"instock","16":"sale","17":"downloadable","18":"virtual","19":"sold-individually","20":"purchasable","21":"product-type-simple"},"_links":{"self":[{"href":"https:\/\/gpl-love.com\/fr\/wp-json\/wp\/v2\/product\/111638","targetHints":{"allow":["GET"]}}],"collection":[{"href":"https:\/\/gpl-love.com\/fr\/wp-json\/wp\/v2\/product"}],"about":[{"href":"https:\/\/gpl-love.com\/fr\/wp-json\/wp\/v2\/types\/product"}],"replies":[{"embeddable":true,"href":"https:\/\/gpl-love.com\/fr\/wp-json\/wp\/v2\/comments?post=111638"}],"wp:featuredmedia":[{"embeddable":true,"href":"https:\/\/gpl-love.com\/fr\/wp-json\/wp\/v2\/media\/143710"}],"wp:attachment":[{"href":"https:\/\/gpl-love.com\/fr\/wp-json\/wp\/v2\/media?parent=111638"}],"wp:term":[{"taxonomy":"product_brand","embeddable":true,"href":"https:\/\/gpl-love.com\/fr\/wp-json\/wp\/v2\/product_brand?post=111638"},{"taxonomy":"product_cat","embeddable":true,"href":"https:\/\/gpl-love.com\/fr\/wp-json\/wp\/v2\/product_cat?post=111638"},{"taxonomy":"product_tag","embeddable":true,"href":"https:\/\/gpl-love.com\/fr\/wp-json\/wp\/v2\/product_tag?post=111638"}],"curies":[{"name":"wp","href":"https:\/\/api.w.org\/{rel}","templated":true}]}}