{"id":111636,"date":"2022-02-04T00:00:00","date_gmt":"2022-02-03T23:00:00","guid":{"rendered":"http:\/\/gpl-love.com\/fr\/produit\/calafate-portfolio-woocommerce-creative-wordpress-theme\/"},"modified":"2026-03-20T22:57:52","modified_gmt":"2026-03-20T21:57:52","slug":"calafate-portfolio-woocommerce-creative-wordpress-theme","status":"publish","type":"product","link":"https:\/\/gpl-love.com\/fr\/produit\/calafate-portfolio-woocommerce-creative-wordpress-theme\/","title":{"rendered":"Calafate Portfolio et WooCommerce Creative WordPress Theme 1.7"},"content":{"rendered":"<h3>Calafate Portfolio et WooCommerce Creative WordPress Theme Traits<\/h3>\n<p>Lorsque vous associez le portefeuille de calafate et les th\u00e8mes WOOCommerce Creative WordPress, vous obtenez une plate-forme extraordinaire qui non seulement pr\u00e9sente vos capacit\u00e9s cr\u00e9atives, mais facilite \u00e9galement la vente de vos produits via un support en ligne. Le th\u00e8me du portefeuille Calafate se pr\u00e9sente d&rsquo;une approche de conception minimaliste, permettant \u00e0 votre portefeuille de prendre le devant de la sc\u00e8ne et de vraiment briller. De plus, le th\u00e8me cr\u00e9atif WooCommerce s&rsquo;int\u00e8gre parfaitement au th\u00e8me du portefeuille Calafate, r\u00e9sultant en une boutique en ligne non seulement frappante visuellement mais aussi incroyablement conviviale. En utilisant le portefeuille Calafate et les th\u00e8mes cr\u00e9atifs de WooCommerce, vous avez la libert\u00e9 de personnaliser tous les aspects de votre site Web, allant de la palette de couleurs \u00e0 la mise en page, garantissant que votre pr\u00e9sence en ligne est non seulement distinctive mais repr\u00e9sente \u00e9galement de mani\u00e8re ad\u00e9quate votre marque. Que vous vous identifiiez en tant qu&rsquo;artiste, concepteur ou photographe, cette combinaison dynamique de th\u00e8mes sert de solution id\u00e9ale pour construire une boutique en ligne immersive et tr\u00e8s efficace.<\/p>\n<ul>\n<li>Portfolio premium et th\u00e8me WordPress de commerce \u00e9lectronique<\/li>\n<li>Design moderne et cr\u00e9atif parfait pour les artistes, les designers et les photographes<\/li>\n<li>Enti\u00e8rement r\u00e9actif et optimis\u00e9 pour tous les appareils<\/li>\n<li>Fonctionnalit\u00e9 WooCommerce int\u00e9gr\u00e9e pour une vente en ligne facile<\/li>\n<li>Plusieurs dispositions de page d&rsquo;accueil et de portefeuille \u00e0 choisir<\/li>\n<li>Options personnalisables pour les couleurs, les polices et la mise en page<\/li>\n<li>Builder de page facile \u00e0 utiliser pour cr\u00e9er des pages personnalis\u00e9es<\/li>\n<li>SEO optimis\u00e9 pour un meilleur classement des moteurs de recherche<\/li>\n<li>Compatible avec tous les principaux navigateurs<\/li>\n<li>Documentation approfondie et support gratuit offert.<\/li>\n<\/ul>\n","protected":false},"excerpt":{"rendered":"<p>Pr\u00e9sentation du portefeuille Calafate et du th\u00e8me WOOCommerce Creative WordPress &#8211; un outil puissant con\u00e7u pour les professionnels cr\u00e9atifs, les magasins en ligne et les entreprises. Ce th\u00e8me WordPress unique combine la robuste plate-forme WooCommerce, permettant aux utilisateurs de configurer et de g\u00e9rer efficacement leurs magasins en ligne. Le th\u00e8me Calafate est hautement personnalisable, en mettant l&rsquo;accent sur les pr\u00e9sentations de style de portefeuille, offrant une solution id\u00e9ale pour pr\u00e9senter votre travail, vos produits ou vos services de mani\u00e8re visuellement convaincante. Les caract\u00e9ristiques cl\u00e9s incluent une conception r\u00e9active, en veillant \u00e0 ce que votre site Web soit super sur divers appareils et la possibilit\u00e9 de personnaliser votre contenu avec le constructeur de portefeuille personnalis\u00e9. Avec son design \u00e9l\u00e9gant et son interface conviviale, le th\u00e8me de la calafate est parfait pour ceux qui cherchent \u00e0 am\u00e9liorer leur pr\u00e9sence en ligne et \u00e0 captiver les clients potentiels. D\u00e9couvrez les avantages et donnez vie \u00e0 votre vision cr\u00e9ative avec le portefeuille Calafate et le th\u00e8me WOOCommerce Creative WordPress.<\/p>\n","protected":false},"featured_media":143346,"comment_status":"open","ping_status":"open","template":"","meta":[],"product_brand":[2433],"product_cat":[1516,1212,1213],"product_tag":[1366],"class_list":{"0":"post-111636","1":"product","2":"type-product","3":"status-publish","4":"has-post-thumbnail","6":"product_brand-themeforest","7":"product_cat-entreprise","8":"product_cat-themes","9":"product_cat-wordpress-themes","10":"product_tag-themeforest","11":"member-discount","12":"discount-restricted","14":"first","15":"instock","16":"sale","17":"downloadable","18":"virtual","19":"sold-individually","20":"purchasable","21":"product-type-simple"},"_links":{"self":[{"href":"https:\/\/gpl-love.com\/fr\/wp-json\/wp\/v2\/product\/111636","targetHints":{"allow":["GET"]}}],"collection":[{"href":"https:\/\/gpl-love.com\/fr\/wp-json\/wp\/v2\/product"}],"about":[{"href":"https:\/\/gpl-love.com\/fr\/wp-json\/wp\/v2\/types\/product"}],"replies":[{"embeddable":true,"href":"https:\/\/gpl-love.com\/fr\/wp-json\/wp\/v2\/comments?post=111636"}],"wp:featuredmedia":[{"embeddable":true,"href":"https:\/\/gpl-love.com\/fr\/wp-json\/wp\/v2\/media\/143346"}],"wp:attachment":[{"href":"https:\/\/gpl-love.com\/fr\/wp-json\/wp\/v2\/media?parent=111636"}],"wp:term":[{"taxonomy":"product_brand","embeddable":true,"href":"https:\/\/gpl-love.com\/fr\/wp-json\/wp\/v2\/product_brand?post=111636"},{"taxonomy":"product_cat","embeddable":true,"href":"https:\/\/gpl-love.com\/fr\/wp-json\/wp\/v2\/product_cat?post=111636"},{"taxonomy":"product_tag","embeddable":true,"href":"https:\/\/gpl-love.com\/fr\/wp-json\/wp\/v2\/product_tag?post=111636"}],"curies":[{"name":"wp","href":"https:\/\/api.w.org\/{rel}","templated":true}]}}