{"id":111632,"date":"2022-04-05T00:00:00","date_gmt":"2022-04-04T22:00:00","guid":{"rendered":"http:\/\/gpl-love.com\/fr\/produit\/arcane-the-gaming-community-theme\/"},"modified":"2026-03-20T22:54:54","modified_gmt":"2026-03-20T21:54:54","slug":"arcane-the-gaming-community-theme","status":"publish","type":"product","link":"https:\/\/gpl-love.com\/fr\/produit\/arcane-the-gaming-community-theme\/","title":{"rendered":"Arcane The Gaming Community Theme 3.6.5"},"content":{"rendered":"<h3>Arcane The Gaming Community Theme Traits<\/h3>\n<p>Arcane Le th\u00e8me de la communaut\u00e9 des jeux appara\u00eet comme la solution ultime pour les joueurs ardents aspirant \u00e0 \u00e9tablir un site Web distinctif et captivant enti\u00e8rement consacr\u00e9 au domaine du jeu. Ce th\u00e8me exceptionnel regorge d&rsquo;une gamme de fonctionnalit\u00e9s remarquables qui permettent aux utilisateurs de personnaliser leur site Web, en le distinguant des masses. B\u00e9n\u00e9ficiant d&rsquo;un design \u00e0 couper le souffle coupl\u00e9 \u00e0 une interface navigable sans effort, Arcane que le th\u00e8me de la communaut\u00e9 des jeux offre aux utilisateurs la possibilit\u00e9 de forger un site Web qui d\u00e9gage un professionnalisme dans une p\u00e9riode de temps remarquablement courte. En plus de ses attributs impressionnants, ce th\u00e8me englobe un assortiment de mod\u00e8les pr\u00e9d\u00e9sign\u00e9s qui s&rsquo;adressent \u00e0 divers genres de sites Web de jeux, rendant ainsi le processus d&rsquo;initiation un brise. En outre, son r\u00e9pertoire est enrichi d&rsquo;un assortiment de fonctionnalit\u00e9s qui facilitent la pr\u00e9sentation du contenu li\u00e9 au jeu, englobant les types de messages sur mesure d\u00e9sign\u00e9s pour les critiques de jeux, les mises \u00e0 jour d&rsquo;actualit\u00e9s et les \u00e9v\u00e9nements \u00e0 venir. De plus, l&rsquo;int\u00e9gration des widgets de m\u00e9dias sociaux est de mani\u00e8re transparente, donnant aux utilisateurs la commodit\u00e9 de partager du contenu sur un \u00e9ventail de plateformes de m\u00e9dias sociaux. Notamment, les options de personnalisation puissantes du th\u00e8me, coupl\u00e9es \u00e0 sa documentation approfondie, aboutissant \u00e0 la cr\u00e9ation d&rsquo;un site Web de jeu in\u00e9gal\u00e9, rendant Arcane sur le th\u00e8me de la communaut\u00e9 de jeux un choix impeccable pour les individus portant des aspirations \u00e0 manifester un site Web de jeu qui transcende toutes les attentes.<\/p>\n<ul>\n<li>Fournit un th\u00e8me visuellement engageant et immersif pour votre site Web de communaut\u00e9 de jeu<\/li>\n<li>Comprend des graphiques tranchants et une palette de couleurs sombres qui \u00e9tablit l&rsquo;ambiance des amateurs de jeux<\/li>\n<li>Enti\u00e8rement personnalisable pour r\u00e9pondre aux besoins et pr\u00e9f\u00e9rences sp\u00e9cifiques de votre communaut\u00e9<\/li>\n<li>Facile \u00e0 g\u00e9rer et \u00e0 naviguer, permettant un engagement transparent avec votre public<\/li>\n<li>Offre une large gamme de fonctionnalit\u00e9s avanc\u00e9es, y compris des widgets personnalis\u00e9s, des options d&rsquo;adh\u00e9sion et plus<\/li>\n<li>Prend en charge plusieurs langues, garantissant que votre site Web est accessible \u00e0 un public mondial<\/li>\n<li>Fournit un excellent support client, avec une \u00e9quipe d&rsquo;experts d\u00e9di\u00e9e disponible pour vous aider avec tout probl\u00e8me ou questions<\/li>\n<li>Compatible avec une vari\u00e9t\u00e9 de syst\u00e8mes de gestion de contenu populaires, y compris WordPress, Joomla!, Et Drupal<\/li>\n<li>R\u00e9guli\u00e8rement mis \u00e0 jour avec de nouvelles fonctionnalit\u00e9s et am\u00e9liorations pour garder votre site Web frais et \u00e0 jour<\/li>\n<li>Offre une garantie de remboursement de 30 jours, en vous assurant que vous pouvez essayer le th\u00e8me sans risque.<\/li>\n<\/ul>\n","protected":false},"excerpt":{"rendered":"<p>Plongez dans le domaine des jeux en ligne avec le th\u00e8me de la communaut\u00e9 des jeux Arcanes. Ce th\u00e8me est con\u00e7u pour r\u00e9unir les joueurs de tous les horizons. Avec son interface conviviale, ses fonctionnalit\u00e9s personnalisables et son esth\u00e9tique vibrante, c&rsquo;est la plate-forme parfaite pour construire votre communaut\u00e9 de jeux. Que vous soyez dans les RPG, FPS ou MMORPG, la polyvalence d&rsquo;Arcane vous permet d&rsquo;adapter votre site aux pr\u00e9f\u00e9rences de votre communaut\u00e9. Ses caract\u00e9ristiques cl\u00e9s incluent un design \u00e9l\u00e9gant, une navigation facile et des outils int\u00e9gr\u00e9s pour les tournois et les guerres d&rsquo;\u00e9quipe. Engagez et connectez-vous avec ses coll\u00e8gues joueurs, partagez des conseils et des strat\u00e9gies et cr\u00e9ez un centre dynamique et interactif pour vos besoins de jeu. Avec Arcane, vous ne jouez pas seulement au jeu, vous faites \u00e9galement partie d&rsquo;une communaut\u00e9 mondiale florissante.<\/p>\n","protected":false},"featured_media":143149,"comment_status":"open","ping_status":"open","template":"","meta":[],"product_brand":[2433],"product_cat":[1242,1212,1213],"product_tag":[1366],"class_list":{"0":"post-111632","1":"product","2":"type-product","3":"status-publish","4":"has-post-thumbnail","6":"product_brand-themeforest","7":"product_cat-creatif","8":"product_cat-themes","9":"product_cat-wordpress-themes","10":"product_tag-themeforest","11":"member-discount","12":"discount-restricted","14":"first","15":"instock","16":"sale","17":"downloadable","18":"virtual","19":"sold-individually","20":"purchasable","21":"product-type-simple"},"_links":{"self":[{"href":"https:\/\/gpl-love.com\/fr\/wp-json\/wp\/v2\/product\/111632","targetHints":{"allow":["GET"]}}],"collection":[{"href":"https:\/\/gpl-love.com\/fr\/wp-json\/wp\/v2\/product"}],"about":[{"href":"https:\/\/gpl-love.com\/fr\/wp-json\/wp\/v2\/types\/product"}],"replies":[{"embeddable":true,"href":"https:\/\/gpl-love.com\/fr\/wp-json\/wp\/v2\/comments?post=111632"}],"wp:featuredmedia":[{"embeddable":true,"href":"https:\/\/gpl-love.com\/fr\/wp-json\/wp\/v2\/media\/143149"}],"wp:attachment":[{"href":"https:\/\/gpl-love.com\/fr\/wp-json\/wp\/v2\/media?parent=111632"}],"wp:term":[{"taxonomy":"product_brand","embeddable":true,"href":"https:\/\/gpl-love.com\/fr\/wp-json\/wp\/v2\/product_brand?post=111632"},{"taxonomy":"product_cat","embeddable":true,"href":"https:\/\/gpl-love.com\/fr\/wp-json\/wp\/v2\/product_cat?post=111632"},{"taxonomy":"product_tag","embeddable":true,"href":"https:\/\/gpl-love.com\/fr\/wp-json\/wp\/v2\/product_tag?post=111632"}],"curies":[{"name":"wp","href":"https:\/\/api.w.org\/{rel}","templated":true}]}}