{"id":111627,"date":"2021-02-09T00:00:00","date_gmt":"2021-02-08T23:00:00","guid":{"rendered":"http:\/\/gpl-love.com\/fr\/produit\/uptime-responsive-elementor-wordpress-theme-for-business\/"},"modified":"2026-04-10T18:44:30","modified_gmt":"2026-04-10T16:44:30","slug":"uptime-responsive-elementor-wordpress-theme-for-business","status":"publish","type":"product","link":"https:\/\/gpl-love.com\/fr\/produit\/uptime-responsive-elementor-wordpress-theme-for-business\/","title":{"rendered":"Uptime Responsive Elementor WordPress Th\u00e8me pour Business 1.1.1"},"content":{"rendered":"<h3>Uptime Responsive Elementor WordPress Th\u00e8me pour Business Traits<\/h3>\n<p>Le th\u00e8me WordPress \u00e9l\u00e9mentor r\u00e9actif pour les affaires est un th\u00e8me extr\u00eamement moderne et remarquablement polyvalent qui est exceptionnellement bien adapt\u00e9 aux entreprises de tous types. Ce th\u00e8me remarquable a \u00e9t\u00e9 m\u00e9ticuleusement con\u00e7u pour \u00eatre exceptionnellement r\u00e9actif, garantissant ainsi qu&rsquo;il pr\u00e9sentera une apparence exquise sur n&rsquo;importe quel appareil, que ce soit un bureau, un ordinateur portable, une tablette ou un smartphone. Avec l&rsquo;\u00e9l\u00e9mentor extr\u00eamement puissant, vous poss\u00e9dez une commande absolue sur la conception de votre site Web, vous permettant de fabriquer une apparence enti\u00e8rement sans pr\u00e9c\u00e9dent et personnalis\u00e9e unique qui d\u00e9gage l&rsquo;essence de votre marque. La disponibilit\u00e9 poss\u00e8de \u00e9galement une myriade de mod\u00e8les pr\u00e9existants, facilitant ainsi un d\u00e9but acc\u00e9l\u00e9r\u00e9 et la personnalisation sur mesure de votre site Web pour s&rsquo;aligner sur vos exigences sp\u00e9cifiques. Que vous soyez propri\u00e9taire d&rsquo;une entreprise minuscule ou d&rsquo;une soci\u00e9t\u00e9 colossale, la disponibilit\u00e9 se pr\u00e9sente ind\u00e9niablement comme la solution idyllique pour la cr\u00e9ation d&rsquo;un site Web sophistiqu\u00e9 professionnellement et compl\u00e8tement captivant qui vous permettra de transcender la concurrence incessante.<\/p>\n<ul>\n<li>Un design professionnel et moderne qui offre un look \u00e9l\u00e9gant et sophistiqu\u00e9 sur tout site Web d&rsquo;entreprise.<\/li>\n<li>Enti\u00e8rement personnalisable avec Elementor Page Builder, permettant une disposition de site Web hautement personnalis\u00e9e et unique.<\/li>\n<li>Construit avec la r\u00e9activit\u00e9 \u00e0 l&rsquo;esprit, garantissant que votre site Web a fi\u00e8re allure sur n&rsquo;importe quelle taille d&rsquo;\u00e9cran, y compris les ordinateurs de bureau, les tablettes et les smartphones.<\/li>\n<li>Comprend une vari\u00e9t\u00e9 de mod\u00e8les et de modules pr\u00e9fabriqu\u00e9s, ce qui facilite la cr\u00e9ation de nouveaux pages et de nouveaux contenus rapidement.<\/li>\n<li>SEO-optimis\u00e9, aidant \u00e0 am\u00e9liorer les classements des moteurs de recherche et \u00e0 g\u00e9n\u00e9rer plus de trafic vers votre site.<\/li>\n<li>Chargement rapide et optimis\u00e9 pour les performances, garantissant que votre site Web fonctionne bien et efficacement.<\/li>\n<li>INT\u00c9RAGE SEMBLABLEMENT AU PLIGINS POPULAIRES comme WOOCOMMERCE et Contact Form 7, permettant une fonctionnalit\u00e9 facile de commerce \u00e9lectronique et de formulaire de contact.<\/li>\n<li>Comprend une gamme d&rsquo;options de personnalisation pour les en-t\u00eates, les pieds de page, les polices, les couleurs et plus encore, vous donnant un contr\u00f4le total sur l&rsquo;apparence de votre site Web.<\/li>\n<li>Livr\u00e9 avec du contenu de d\u00e9monstration et un installateur en un clic pour une configuration et une personnalisation faciles.<\/li>\n<\/ul>\n","protected":false},"excerpt":{"rendered":"<p>Le th\u00e8me WordPress Elementor de la disponibilit\u00e9 pour les entreprises est une solution id\u00e9ale pour les propri\u00e9taires d&rsquo;entreprise qui souhaitent un site Web poli et sophistiqu\u00e9. En utilisant le constructeur de pages d&rsquo;\u00e9l\u00e9ments glisser-d\u00e9coller convivial, vous avez la possibilit\u00e9 de personnaliser votre site Web pour r\u00e9pondre \u00e0 vos exigences uniques. Ce th\u00e8me est enti\u00e8rement r\u00e9actif, ce qui signifie qu&rsquo;il s&rsquo;affiche magnifiquement sur n&rsquo;importe quel appareil, en plus d&rsquo;\u00eatre emball\u00e9 avec une gamme de fonctionnalit\u00e9s impressionnantes, y compris diverses options d&rsquo;en-t\u00eate, des dispositions de blog personnalisables et un panneau d&rsquo;options de th\u00e8me robuste. Que vous op\u00e9rez une entreprise \u00e0 petite \u00e9chelle ou une grande entreprise, le th\u00e8me de disponibilit\u00e9 est le choix ultime pour \u00e9tablir une pr\u00e9sence en ligne \u00e0 couper le souffle.<\/p>\n","protected":false},"featured_media":145667,"comment_status":"open","ping_status":"open","template":"","meta":[],"product_brand":[2433],"product_cat":[1516,1212,1213],"product_tag":[1366],"class_list":{"0":"post-111627","1":"product","2":"type-product","3":"status-publish","4":"has-post-thumbnail","6":"product_brand-themeforest","7":"product_cat-entreprise","8":"product_cat-themes","9":"product_cat-wordpress-themes","10":"product_tag-themeforest","11":"member-discount","12":"discount-restricted","14":"first","15":"instock","16":"sale","17":"downloadable","18":"virtual","19":"sold-individually","20":"purchasable","21":"product-type-simple"},"_links":{"self":[{"href":"https:\/\/gpl-love.com\/fr\/wp-json\/wp\/v2\/product\/111627","targetHints":{"allow":["GET"]}}],"collection":[{"href":"https:\/\/gpl-love.com\/fr\/wp-json\/wp\/v2\/product"}],"about":[{"href":"https:\/\/gpl-love.com\/fr\/wp-json\/wp\/v2\/types\/product"}],"replies":[{"embeddable":true,"href":"https:\/\/gpl-love.com\/fr\/wp-json\/wp\/v2\/comments?post=111627"}],"wp:featuredmedia":[{"embeddable":true,"href":"https:\/\/gpl-love.com\/fr\/wp-json\/wp\/v2\/media\/145667"}],"wp:attachment":[{"href":"https:\/\/gpl-love.com\/fr\/wp-json\/wp\/v2\/media?parent=111627"}],"wp:term":[{"taxonomy":"product_brand","embeddable":true,"href":"https:\/\/gpl-love.com\/fr\/wp-json\/wp\/v2\/product_brand?post=111627"},{"taxonomy":"product_cat","embeddable":true,"href":"https:\/\/gpl-love.com\/fr\/wp-json\/wp\/v2\/product_cat?post=111627"},{"taxonomy":"product_tag","embeddable":true,"href":"https:\/\/gpl-love.com\/fr\/wp-json\/wp\/v2\/product_tag?post=111627"}],"curies":[{"name":"wp","href":"https:\/\/api.w.org\/{rel}","templated":true}]}}