{"id":111625,"date":"2025-10-17T00:00:00","date_gmt":"2025-10-16T22:00:00","guid":{"rendered":"http:\/\/gpl-love.com\/fr\/produit\/wp-migrate-db-pro-migrating-wordpress-databases\/"},"modified":"2026-03-20T23:50:16","modified_gmt":"2026-03-20T22:50:16","slug":"wp-migrate-db-pro-migrating-wordpress-databases","status":"publish","type":"product","link":"https:\/\/gpl-love.com\/fr\/produit\/wp-migrate-db-pro-migrating-wordpress-databases\/","title":{"rendered":"WP Migrate DB Pro Migrating WordPress Databases 2.7.6"},"content":{"rendered":"<h3>WP Migrate DB Pro Migrating WordPress Databases Traits<\/h3>\n<p>WP Migrate DB Pro, un outil exceptionnel et tr\u00e8s efficace, offre une solution in\u00e9gal\u00e9e pour la t\u00e2che complexe de migration de bases de donn\u00e9es WordPress. Ce plugin remarquable permet aux utilisateurs de transf\u00e9rer sans effort leur base de donn\u00e9es WordPress compl\u00e8te d&rsquo;un endroit \u00e0 un autre, garantissant une transition transparente et sans faille d\u00e9pourvue de toute perte ou corruption de donn\u00e9es. Avec son ing\u00e9nieuse automatisation, WP Migrate DB Pro g\u00e8re avec diligence tout le processus de migration, le simplifiant au plus haut degr\u00e9. Simplement en ex\u00e9cutant une poign\u00e9e de clics, les utilisateurs peuvent exporter de mani\u00e8re approfondie leur base de donn\u00e9es et l&rsquo;importer par la suite dans une nouvelle destination. De plus, ce plugin poss\u00e8de une interface instinctive, m\u00e9ticuleusement con\u00e7ue pour accueillir m\u00eame les utilisateurs les plus non techniques. Ind\u00e9niablement, WP migrate DB Pro appara\u00eet comme la solution par excellence pour les personnes cherchant \u00e0 d\u00e9placer leur site Web WordPress estim\u00e9 ou \u00e0 prot\u00e9ger leur pr\u00e9cieuse base de donn\u00e9es gr\u00e2ce \u00e0 des sauvegardes m\u00e9ticuleuses.<\/p>\n<ul>\n<li>Migrer facilement les bases de donn\u00e9es WordPress entre les serveurs ou les environnements<\/li>\n<li>Int\u00e9gration transparente avec WordPress pour un processus de transfert en douceur<\/li>\n<li>Comprend la prise en charge des donn\u00e9es s\u00e9rialis\u00e9es, garantir que tout le contenu est transf\u00e9r\u00e9 avec pr\u00e9cision<\/li>\n<li>Option pour exclure la s\u00e9lection de tables ou de colonnes \u00e0 partir de la migration<\/li>\n<li>Interface utilisateur simple qui n\u00e9cessite des connaissances techniques minimales<\/li>\n<li>Cr\u00e9ation automatique de sauvegarde avant la migration pour plus de tranquillit\u00e9 d&rsquo;esprit<\/li>\n<li>Compatibilit\u00e9 avec un large \u00e9ventail d&rsquo;environnements d&rsquo;h\u00e9bergement, notamment Vagrant et Docker<\/li>\n<li>Fonctionnalit\u00e9 d&rsquo;importation et d&rsquo;exportation robuste pour une plus grande flexibilit\u00e9 dans la gestion de votre site WordPress<\/li>\n<li>Mises \u00e0 jour r\u00e9guli\u00e8res et support client exceptionnel pour assurer la poursuite des performances et une fiabilit\u00e9.<\/li>\n<\/ul>\n","protected":false},"excerpt":{"rendered":"<p>WP migrate DB Pro, un outil de migration exceptionnel, a \u00e9t\u00e9 m\u00e9ticuleusement con\u00e7u pour rationaliser la t\u00e2che complexe de transf\u00e9rer des bases de donn\u00e9es WordPress d&rsquo;une source \u00e0 une destination. En ex\u00e9cutant sans effort quelques clics simples, vous pouvez d\u00e9placer de mani\u00e8re transparente vos bases de donn\u00e9es, non perturb\u00e9es par tout semblant de compromis de donn\u00e9es, en assurant la pr\u00e9servation de sa saintet\u00e9 tout au long de l&rsquo;ensemble du voyage. Que ce soit l&rsquo;exigence de d\u00e9m\u00e9nager votre site Web vers un nouveau serveur, l&rsquo;aspiration \u00e0 am\u00e9liorer votre plan d&rsquo;h\u00e9bergement ou la lucidit\u00e9 de la consolidation de vos donn\u00e9es inestimables, WP migrate DB Pro se manifeste comme le parangon d\u00e9finitif de la migration WordPress. Par cons\u00e9quent, pourquoi tergiverser? Embrassez les prouesses stimulantes de WP migrate DB Pro aujourd&rsquo;hui et soyez \u00e9tonn\u00e9 par la fluidit\u00e9 sans pr\u00e9c\u00e9dent qu&rsquo;il offre \u00e0 vos efforts de migration WordPress!<\/p>\n","protected":false},"featured_media":146180,"comment_status":"open","ping_status":"open","template":"","meta":[],"product_brand":[2725],"product_cat":[1187,1181,1186],"product_tag":[1539],"class_list":{"0":"post-111625","1":"product","2":"type-product","3":"status-publish","4":"has-post-thumbnail","6":"product_brand-deliciousbrains","7":"product_cat-administration-wordpress-plugins","8":"product_cat-plugins","9":"product_cat-wordpress-plugins","10":"product_tag-deliciousbrains","11":"member-discount","12":"discount-restricted","14":"first","15":"instock","16":"sale","17":"downloadable","18":"virtual","19":"sold-individually","20":"purchasable","21":"product-type-simple"},"_links":{"self":[{"href":"https:\/\/gpl-love.com\/fr\/wp-json\/wp\/v2\/product\/111625","targetHints":{"allow":["GET"]}}],"collection":[{"href":"https:\/\/gpl-love.com\/fr\/wp-json\/wp\/v2\/product"}],"about":[{"href":"https:\/\/gpl-love.com\/fr\/wp-json\/wp\/v2\/types\/product"}],"replies":[{"embeddable":true,"href":"https:\/\/gpl-love.com\/fr\/wp-json\/wp\/v2\/comments?post=111625"}],"wp:featuredmedia":[{"embeddable":true,"href":"https:\/\/gpl-love.com\/fr\/wp-json\/wp\/v2\/media\/146180"}],"wp:attachment":[{"href":"https:\/\/gpl-love.com\/fr\/wp-json\/wp\/v2\/media?parent=111625"}],"wp:term":[{"taxonomy":"product_brand","embeddable":true,"href":"https:\/\/gpl-love.com\/fr\/wp-json\/wp\/v2\/product_brand?post=111625"},{"taxonomy":"product_cat","embeddable":true,"href":"https:\/\/gpl-love.com\/fr\/wp-json\/wp\/v2\/product_cat?post=111625"},{"taxonomy":"product_tag","embeddable":true,"href":"https:\/\/gpl-love.com\/fr\/wp-json\/wp\/v2\/product_tag?post=111625"}],"curies":[{"name":"wp","href":"https:\/\/api.w.org\/{rel}","templated":true}]}}