{"id":111623,"date":"2021-02-09T00:00:00","date_gmt":"2021-02-08T23:00:00","guid":{"rendered":"http:\/\/gpl-love.com\/fr\/produit\/aabbe-digital-marketplace-wordpress-theme\/"},"modified":"2026-03-20T22:52:46","modified_gmt":"2026-03-20T21:52:46","slug":"aabbe-digital-marketplace-wordpress-theme","status":"publish","type":"product","link":"https:\/\/gpl-love.com\/fr\/produit\/aabbe-digital-marketplace-wordpress-theme\/","title":{"rendered":"Aabbe Digital Marketplace WordPress Theme 3.3.0"},"content":{"rendered":"<h3>Aabbe Digital Marketplace WordPress Theme Traits<\/h3>\n<p>Le th\u00e8me WordPress du march\u00e9 num\u00e9rique AABBE, un mod\u00e8le tr\u00e8s recherch\u00e9 et polyvalent, a \u00e9t\u00e9 m\u00e9ticuleusement con\u00e7u pour r\u00e9pondre aux besoins sp\u00e9cifiques des march\u00e9s num\u00e9riques. Ce th\u00e8me exceptionnel r\u00e9pond sans effort aux exigences des magasins et entreprises en ligne engag\u00e9s dans la vente de produits num\u00e9riques, allant des logiciels, des livres \u00e9lectroniques, de la musique, des vid\u00e9os, et bien plus encore. B\u00e9n\u00e9ficiant d&rsquo;une interface conviviale associ\u00e9e \u00e0 des capacit\u00e9s de personnalisation in\u00e9gal\u00e9es, le th\u00e8me WordPress du march\u00e9 num\u00e9rique AABBE permet aux utilisateurs de fa\u00e7onner sans effort un site Web distinctif et professionnel qui incarne vraiment leur entreprise. Ce qui distingue ce th\u00e8me, c&rsquo;est son large \u00e9ventail de fonctionnalit\u00e9s qui incluent une conception r\u00e9active, des fonctionnalit\u00e9s de recherche de pointe, des critiques compl\u00e8tes de produits et un panier d&rsquo;achat parfaitement int\u00e9gr\u00e9. En outre, ce th\u00e8me remarquable s&rsquo;int\u00e8gre parfaitement aux principaux plugins tels que WooCommerce et les t\u00e9l\u00e9chargements num\u00e9riques faciles, facilitant ainsi la gestion sans effort de votre boutique en ligne. En exploitant la puissance du th\u00e8me WordPress du march\u00e9 num\u00e9rique AABBE, vous pouvez \u00e9tablir sans effort une boutique en ligne robuste et efficace qui propulse non seulement votre entreprise \u00e0 de nouveaux sommets, mais vous permet \u00e9galement d&rsquo;\u00e9tendre efficacement votre client\u00e8le.<\/p>\n<ul>\n<li>Un th\u00e8me de march\u00e9 en ligne moderne et professionnel pour WordPress<\/li>\n<li>Con\u00e7u sp\u00e9cifiquement pour les produits num\u00e9riques, mais \u00e9galement adapt\u00e9 aux produits physiques<\/li>\n<li>Interface intuitive et amicale pour les acheteurs et les vendeurs<\/li>\n<li>Options avanc\u00e9es de recherche et de filtre pour la navigation de produit facile<\/li>\n<li>Prend en charge plusieurs passerelles de paiement, y compris PayPal et Stripe<\/li>\n<li>Conception r\u00e9active pour une visualisation transparente sur tous les appareils<\/li>\n<li>Syst\u00e8me de r\u00e9vision et de notations des clients int\u00e9gr\u00e9s pour \u00e9tablir la confiance et la cr\u00e9dibilit\u00e9<\/li>\n<li>SEO optimis\u00e9 pour am\u00e9liorer le classement des moteurs de recherche<\/li>\n<li>Page d&rsquo;accueil personnalisable et pages de produits pour pr\u00e9senter efficacement les produits<\/li>\n<li>Livr\u00e9 avec 6 mois de support client inclus, avec la possibilit\u00e9 d&rsquo;\u00e9tendre.<\/li>\n<\/ul>\n","protected":false},"excerpt":{"rendered":"<p>Le th\u00e8me WordPress du march\u00e9 num\u00e9rique AABBE est un th\u00e8me WordPress personnalisable pour un march\u00e9 en ligne, parfait pour ceux qui aspirent \u00e0 cr\u00e9er leur propre vitrine num\u00e9rique. Avec son interface conviviale, AABBE est plus qu&rsquo;un simple th\u00e8me WordPress de logiciel. C&rsquo;est \u00e9galement une plate-forme id\u00e9ale pour vendre de la musique, des graphiques et un large assortiment de produits num\u00e9riques.<\/p>\n<p>Cette plate-forme holistique pour les transactions de produits num\u00e9riques est facile \u00e0 adapter, assurant un site Web raffin\u00e9 et visuellement attrayant. Il se d\u00e9marque avec ses fonctionnalit\u00e9s uniques, telles que plusieurs passerelles de paiement, la prise en charge du vendeur dans les th\u00e8mes WordPress et les notes des utilisateurs, l&rsquo;am\u00e9lioration de l&rsquo;exp\u00e9rience utilisateur et la promotion des \u00e9changes num\u00e9riques transparents.<\/p>\n<p>AABBE vise \u00e0 \u00e9lever votre march\u00e9 en ligne en offrant des avantages distincts. Non seulement il aide \u00e0 vendre des produits num\u00e9riques, mais fournit \u00e9galement un soutien complet aux vendeurs, ce qui facilite les transactions en douceur. De plus, l&rsquo;inclusion des notes des utilisateurs contribue \u00e0 la transparence globale et \u00e0 la fiabilit\u00e9 du march\u00e9.<\/p>\n<p>Exploiter le potentiel du th\u00e8me WordPress du march\u00e9 num\u00e9rique AABBE et vivre ses avantages distincts<\/p>\n","protected":false},"featured_media":143007,"comment_status":"open","ping_status":"open","template":"","meta":[],"product_brand":[2433],"product_cat":[1238,1851,1212],"product_tag":[1366],"class_list":{"0":"post-111623","1":"product","2":"type-product","3":"status-publish","4":"has-post-thumbnail","6":"product_brand-themeforest","7":"product_cat-commerce-electronique-themes","8":"product_cat-entreprise-commerce-electronique-themes","9":"product_cat-themes","10":"product_tag-themeforest","11":"member-discount","12":"discount-restricted","14":"first","15":"instock","16":"sale","17":"downloadable","18":"virtual","19":"sold-individually","20":"purchasable","21":"product-type-simple"},"_links":{"self":[{"href":"https:\/\/gpl-love.com\/fr\/wp-json\/wp\/v2\/product\/111623","targetHints":{"allow":["GET"]}}],"collection":[{"href":"https:\/\/gpl-love.com\/fr\/wp-json\/wp\/v2\/product"}],"about":[{"href":"https:\/\/gpl-love.com\/fr\/wp-json\/wp\/v2\/types\/product"}],"replies":[{"embeddable":true,"href":"https:\/\/gpl-love.com\/fr\/wp-json\/wp\/v2\/comments?post=111623"}],"wp:featuredmedia":[{"embeddable":true,"href":"https:\/\/gpl-love.com\/fr\/wp-json\/wp\/v2\/media\/143007"}],"wp:attachment":[{"href":"https:\/\/gpl-love.com\/fr\/wp-json\/wp\/v2\/media?parent=111623"}],"wp:term":[{"taxonomy":"product_brand","embeddable":true,"href":"https:\/\/gpl-love.com\/fr\/wp-json\/wp\/v2\/product_brand?post=111623"},{"taxonomy":"product_cat","embeddable":true,"href":"https:\/\/gpl-love.com\/fr\/wp-json\/wp\/v2\/product_cat?post=111623"},{"taxonomy":"product_tag","embeddable":true,"href":"https:\/\/gpl-love.com\/fr\/wp-json\/wp\/v2\/product_tag?post=111623"}],"curies":[{"name":"wp","href":"https:\/\/api.w.org\/{rel}","templated":true}]}}