{"id":111621,"date":"2022-03-30T00:00:00","date_gmt":"2022-03-29T22:00:00","guid":{"rendered":"http:\/\/gpl-love.com\/fr\/produit\/the-fox-modern-blog-magazine-wordpress-theme\/"},"modified":"2026-04-10T18:42:17","modified_gmt":"2026-04-10T16:42:17","slug":"the-fox-modern-blog-magazine-wordpress-theme","status":"publish","type":"product","link":"https:\/\/gpl-love.com\/fr\/produit\/the-fox-modern-blog-magazine-wordpress-theme\/","title":{"rendered":"The Fox Modern Blog Magazine WordPress Theme 4.7.2"},"content":{"rendered":"<h3>The Fox Modern Blog Magazine WordPress Theme Traits<\/h3>\n<p>Le th\u00e8me du magazine Fox Modern Blog WordPress est la solution parfaite pour les blogueurs et les \u00e9diteurs de magazines qui cherchent \u00e0 cr\u00e9er une pr\u00e9sence en ligne \u00e9l\u00e9gante et professionnelle. Avec son design \u00e9l\u00e9gant et moderne, ce th\u00e8me impressionnera certainement vos lecteurs et les inciter \u00e0 revenir pour plus.<\/p>\n<p>Ce th\u00e8me est rempli de fonctionnalit\u00e9s qui facilitent la pr\u00e9sentation de votre contenu de mani\u00e8re visuellement attrayante. Le constructeur de pages int\u00e9gr\u00e9 vous permet de cr\u00e9er de superbes dispositions en quelques clics, ce qui facilite la personnalisation de l&rsquo;apparence de votre site Web. Que vous soyez un d\u00e9butant ou un concepteur Web exp\u00e9riment\u00e9, ce th\u00e8me est convivial et intuitif, ce qui vous fait gagner du temps et des efforts.<\/p>\n<p>L&rsquo;une des fonctionnalit\u00e9s remarquables du renard est ses vastes options de personnalisation. Avec des sch\u00e9mas de couleurs illimit\u00e9s, des options de police et des choix de mise en page, vous pouvez cr\u00e9er un site Web qui refl\u00e8te vraiment votre style et votre marque. De plus, le th\u00e8me est enti\u00e8rement r\u00e9actif, garantissant que votre site a fi\u00e8re allure sur n&rsquo;importe quel appareil, du bureau au mobile.<\/p>\n<p>En plus de ses fonctionnalit\u00e9s de conception impressionnantes, le Fox offre \u00e9galement des fonctionnalit\u00e9s puissantes. Le th\u00e8me est optimis\u00e9 par le r\u00e9f\u00e9rencement, donc votre contenu se classera plus haut dans les r\u00e9sultats des moteurs de recherche et attirera plus de trafic organique. Il comprend \u00e9galement l&rsquo;int\u00e9gration des m\u00e9dias sociaux, permettant aux lecteurs de partager facilement votre contenu sur leurs plateformes pr\u00e9f\u00e9r\u00e9es.<\/p>\n<p>Avec le renard, vous avez \u00e9galement la possibilit\u00e9 de mon\u00e9tiser votre site Web. Le th\u00e8me est compatible avec les plugins publicitaires populaires, ce qui facilite l&rsquo;affichage des publicit\u00e9s et g\u00e9n\u00e9rer des revenus. De plus, l&rsquo;int\u00e9gration WooCommerce int\u00e9gr\u00e9e vous permet de configurer une boutique en ligne et de vendre des produits directement \u00e0 partir de votre site Web.<\/p>\n<p>Dans l&rsquo;ensemble, le th\u00e8me du magazine Fox Modern Blog WordPress est une solution polyvalente et riche en fonctionnalit\u00e9s pour les blogueurs et les \u00e9diteurs de magazines. Avec sa conception \u00e9tonnante, ses options de personnalisation et ses fonctionnalit\u00e9s puissantes, ce th\u00e8me vous aidera \u00e0 cr\u00e9er une pr\u00e9sence en ligne professionnelle et engageante.<\/p>\n<ul>\n<li>Un th\u00e8me WordPress enti\u00e8rement personnalisable con\u00e7u pour les sites Web de blogs et de magazines modernes<\/li>\n<li>Livr\u00e9 avec plusieurs d\u00e9mos pr\u00e9-construites \u00e0 choisir<\/li>\n<li>Changez facilement les couleurs, les polices et les dispositions pour cr\u00e9er un design unique pour votre site Web<\/li>\n<li>Prend en charge plusieurs formats de publication, y compris la vid\u00e9o, l&rsquo;audio et la galerie<\/li>\n<li>Comprend un en-t\u00eate et une section de pied de page personnalisables<\/li>\n<li>La conception adapt\u00e9e aux mobiles et r\u00e9active garantit que votre site Web a fi\u00e8re allure sur n&rsquo;importe quel appareil<\/li>\n<li>SEO optimis\u00e9 pour un meilleur classement des moteurs de recherche<\/li>\n<li>Prend en charge l&rsquo;int\u00e9gration des m\u00e9dias sociaux pour un partage facile du contenu<\/li>\n<li>Construit avec un code propre et bien organis\u00e9 pour une vitesse de chargement plus rapide<\/li>\n<li>Compatible avec les plugins WordPress populaires, y compris WooCommerce et Formulaire de contact 7<\/li>\n<li>Comprend une documentation d\u00e9taill\u00e9e et un support client pour toute question ou probl\u00e8me.<\/li>\n<\/ul>\n","protected":false},"excerpt":{"rendered":"<p>Le th\u00e8me du magazine Fox Modern Blog WordPress, un th\u00e8me exquis et \u00e0 la mode, a \u00e9t\u00e9 m\u00e9ticuleusement d\u00e9velopp\u00e9 pour r\u00e9pondre aux besoins des blogueurs et des sites Web de magazines en ligne. B\u00e9n\u00e9ficiant d&rsquo;un design vierge et contemporain, ce th\u00e8me offre une pl\u00e9thore d&rsquo;options personnalisables qui vous permettent d&rsquo;impr\u00e9gner votre site avec une touche d&rsquo;unicit\u00e9, englobant un large \u00e9ventail de styles d&rsquo;en-t\u00eate, une s\u00e9lection infinie de couleurs et une vaste collection de widgets et de courts m\u00e9trages . De plus, il poss\u00e8de un syst\u00e8me de r\u00e9vision int\u00e9gr\u00e9, des listes de postes de pointe et une prise en charge compl\u00e8te de tous les principaux navigateurs Web. Sans aucun doute, le th\u00e8me WordPress du magazine Blog Fox Modern sert de solution ultime pour les personnes cherchant \u00e0 \u00e9tablir une pr\u00e9sence en ligne poli et captivante.<\/p>\n","protected":false},"featured_media":145470,"comment_status":"open","ping_status":"open","template":"","meta":[],"product_brand":[2433],"product_cat":[1220,1212,1213],"product_tag":[1366],"class_list":{"0":"post-111621","1":"product","2":"type-product","3":"status-publish","4":"has-post-thumbnail","6":"product_brand-themeforest","7":"product_cat-blog-magazine","8":"product_cat-themes","9":"product_cat-wordpress-themes","10":"product_tag-themeforest","11":"member-discount","12":"discount-restricted","14":"first","15":"instock","16":"sale","17":"downloadable","18":"virtual","19":"sold-individually","20":"purchasable","21":"product-type-simple"},"_links":{"self":[{"href":"https:\/\/gpl-love.com\/fr\/wp-json\/wp\/v2\/product\/111621","targetHints":{"allow":["GET"]}}],"collection":[{"href":"https:\/\/gpl-love.com\/fr\/wp-json\/wp\/v2\/product"}],"about":[{"href":"https:\/\/gpl-love.com\/fr\/wp-json\/wp\/v2\/types\/product"}],"replies":[{"embeddable":true,"href":"https:\/\/gpl-love.com\/fr\/wp-json\/wp\/v2\/comments?post=111621"}],"wp:featuredmedia":[{"embeddable":true,"href":"https:\/\/gpl-love.com\/fr\/wp-json\/wp\/v2\/media\/145470"}],"wp:attachment":[{"href":"https:\/\/gpl-love.com\/fr\/wp-json\/wp\/v2\/media?parent=111621"}],"wp:term":[{"taxonomy":"product_brand","embeddable":true,"href":"https:\/\/gpl-love.com\/fr\/wp-json\/wp\/v2\/product_brand?post=111621"},{"taxonomy":"product_cat","embeddable":true,"href":"https:\/\/gpl-love.com\/fr\/wp-json\/wp\/v2\/product_cat?post=111621"},{"taxonomy":"product_tag","embeddable":true,"href":"https:\/\/gpl-love.com\/fr\/wp-json\/wp\/v2\/product_tag?post=111621"}],"curies":[{"name":"wp","href":"https:\/\/api.w.org\/{rel}","templated":true}]}}