{"id":111619,"date":"2021-02-24T00:00:00","date_gmt":"2021-02-23T23:00:00","guid":{"rendered":"http:\/\/gpl-love.com\/fr\/produit\/use-your-drive-google-drive-plugin-for-wordpress\/"},"modified":"2026-04-10T18:45:28","modified_gmt":"2026-04-10T16:45:28","slug":"use-your-drive-google-drive-plugin-for-wordpress","status":"publish","type":"product","link":"https:\/\/gpl-love.com\/fr\/produit\/use-your-drive-google-drive-plugin-for-wordpress\/","title":{"rendered":"wePOS Pro Point of Sales Plugin pour WooCommerce 1.11.1"},"content":{"rendered":"<h3>wePOS Pro Point of Sales Plugin pour WooCommerce Traits<\/h3>\n<p>Le plugin WEPOS Pro Point of Sales for WooCommerce est une solution incroyablement compl\u00e8te et robuste qui a \u00e9t\u00e9 sp\u00e9cialement con\u00e7ue pour aider les entreprises \u00e0 l&rsquo;optimisation et \u00e0 la rationalisation de leurs op\u00e9rations de vente. Ce plugin remarquable est capable d&rsquo;y parvenir en offrant une multitude de fonctionnalit\u00e9s et de fonctionnalit\u00e9s exceptionnelles. En mettant en \u0153uvre ce plugin, les entreprises peuvent g\u00e9rer efficacement et efficacement toutes leurs activit\u00e9s de vente \u00e0 partir d&rsquo;un emplacement centralis\u00e9, ce qui simplifie et am\u00e9liorait finalement l&rsquo;ensemble du processus. Le plugin WEPOS Pro Point of Sales for WooCommerce poss\u00e8de une interface incroyablement conviviale, qui permet au personnel de vente de superviser et de r\u00e9glementer les transactions de vente, l&rsquo;inventaire, les clients et les paiements. De plus, ce plugin remarquable est \u00e9quip\u00e9 d&rsquo;une gamme de capacit\u00e9s puissantes, telles que la num\u00e9risation des codes \u00e0 barres, la cat\u00e9gorisation des produits et la gestion des stocks, permettant ainsi aux entreprises de surveiller avec pr\u00e9cision leur inventaire et de g\u00e9rer les commandes habilement. De plus, ce plugin s&rsquo;int\u00e8gre de mani\u00e8re transparente \u00e0 WooCommerce, le rendant incroyablement accessible et pratique pour les entreprises qui poss\u00e8dent d\u00e9j\u00e0 une boutique en ligne. En d\u00e9ployant le plugin WEPOS Pro Point of Sales pour WooCommerce, les entreprises peuvent acc\u00e9l\u00e9rer le processus de vente et am\u00e9liorer leurs strat\u00e9gies globales de gestion des ventes, entra\u00eenant par la suite une productivit\u00e9 accrue et une rentabilit\u00e9 amplifi\u00e9e.<\/p>\n<ul>\n<li>Permet l&rsquo;int\u00e9gration transparente de WooCommerce avec des syst\u00e8mes de point de vente (POS)<\/li>\n<li>Fournit une synchronisation en temps r\u00e9el des ventes, des stocks et des donn\u00e9es des clients entre les canaux en ligne et hors ligne<\/li>\n<li>Permet aux d\u00e9taillants d&rsquo;accepter plusieurs m\u00e9thodes de paiement, y compris en esp\u00e8ces, en cartes de cr\u00e9dit et en paiements mobiles<\/li>\n<li>Rationalise la gestion des magasins en consolidant les donn\u00e9es de vente et d&rsquo;inventaire dans un seul syst\u00e8me<\/li>\n<li>Offre des capacit\u00e9s de rapport avanc\u00e9es qui permettent aux d\u00e9taillants de suivre les tendances des ventes, de mesurer les performances et de prendre des d\u00e9cisions bas\u00e9es sur les donn\u00e9es<\/li>\n<li>Empowers Les d\u00e9taillants \u00e0 g\u00e9rer plusieurs appareils POS dans diff\u00e9rents emplacements \u00e0 partir d&rsquo;un tableau de bord central<\/li>\n<li>Facilite le traitement des commandes plus rapide et plus pr\u00e9cis en r\u00e9duisant la saisie manuelle des donn\u00e9es et en \u00e9liminant le besoin de saisie en double<\/li>\n<li>Am\u00e9liore l&rsquo;exp\u00e9rience client en permettant un paiement plus rapide et une ex\u00e9cution pr\u00e9cise des commandes<\/li>\n<li>Fournit des options de personnalisation flexibles pour r\u00e9pondre aux besoins uniques de chaque d\u00e9taillant<\/li>\n<li>Offre un support technique d\u00e9di\u00e9 et une documentation conviviale pour aider les d\u00e9taillants \u00e0 d\u00e9marrer rapidement et facilement.<\/li>\n<\/ul>\n","protected":false},"excerpt":{"rendered":"<p>Le plugin WEPOS Pro Point of Sales for WooCommerce est un outil essentiel dont aucun d\u00e9taillant en ligne ne devrait \u00eatre sans s&rsquo;ils cherchent \u00e0 optimiser et \u00e0 rationaliser leur processus de vente. Ce plugin ph\u00e9nom\u00e9nal s&rsquo;int\u00e8gre de mani\u00e8re transparente \u00e0 votre boutique WooCommerce existante, vous offrant l&rsquo;occasion inestimable de superviser et de g\u00e9rer efficacement toutes les facettes de vos op\u00e9rations de vente, englobant la gestion des stocks, les donn\u00e9es des clients et le traitement des commandes, le tout \u00e0 partir de la commodit\u00e9 d&rsquo;un emplacement centralis\u00e9. Remarquablement convivial, exceptionnellement adaptable et m\u00e9ticuleusement con\u00e7u avec le plus grand d\u00e9vouement \u00e0 faciliter la croissance acc\u00e9l\u00e9r\u00e9e de votre entreprise et l&rsquo;efficacit\u00e9 am\u00e9lior\u00e9e, le plugin WePos Pro Point of Sales est un atout in\u00e9gal\u00e9. Embarquez dans un voyage transformateur aujourd&rsquo;hui et t\u00e9moignez de la diff\u00e9rence remarquable qu&rsquo;elle fera en renfor\u00e7ant vos r\u00e9sultats!<\/p>\n","protected":false},"featured_media":145752,"comment_status":"open","ping_status":"open","template":"","meta":[],"product_brand":[2689],"product_cat":[1182,1223,1181],"product_tag":[1497],"class_list":{"0":"post-111619","1":"product","2":"type-product","3":"status-publish","4":"has-post-thumbnail","6":"product_brand-wedevs","7":"product_cat-commerce-electronique-plugins","8":"product_cat-personnalisation-commerce-electronique-plugins","9":"product_cat-plugins","10":"product_tag-wedevs","11":"member-discount","12":"discount-restricted","14":"first","15":"instock","16":"sale","17":"downloadable","18":"virtual","19":"sold-individually","20":"purchasable","21":"product-type-simple"},"_links":{"self":[{"href":"https:\/\/gpl-love.com\/fr\/wp-json\/wp\/v2\/product\/111619","targetHints":{"allow":["GET"]}}],"collection":[{"href":"https:\/\/gpl-love.com\/fr\/wp-json\/wp\/v2\/product"}],"about":[{"href":"https:\/\/gpl-love.com\/fr\/wp-json\/wp\/v2\/types\/product"}],"replies":[{"embeddable":true,"href":"https:\/\/gpl-love.com\/fr\/wp-json\/wp\/v2\/comments?post=111619"}],"wp:featuredmedia":[{"embeddable":true,"href":"https:\/\/gpl-love.com\/fr\/wp-json\/wp\/v2\/media\/145752"}],"wp:attachment":[{"href":"https:\/\/gpl-love.com\/fr\/wp-json\/wp\/v2\/media?parent=111619"}],"wp:term":[{"taxonomy":"product_brand","embeddable":true,"href":"https:\/\/gpl-love.com\/fr\/wp-json\/wp\/v2\/product_brand?post=111619"},{"taxonomy":"product_cat","embeddable":true,"href":"https:\/\/gpl-love.com\/fr\/wp-json\/wp\/v2\/product_cat?post=111619"},{"taxonomy":"product_tag","embeddable":true,"href":"https:\/\/gpl-love.com\/fr\/wp-json\/wp\/v2\/product_tag?post=111619"}],"curies":[{"name":"wp","href":"https:\/\/api.w.org\/{rel}","templated":true}]}}