{"id":111617,"date":"2024-02-12T00:00:00","date_gmt":"2024-02-11T23:00:00","guid":{"rendered":"http:\/\/gpl-love.com\/fr\/produit\/fennik-multipurpose-creative-wordpress-theme\/"},"modified":"2026-03-20T23:05:44","modified_gmt":"2026-03-20T22:05:44","slug":"fennik-multipurpose-creative-wordpress-theme","status":"publish","type":"product","link":"https:\/\/gpl-love.com\/fr\/produit\/fennik-multipurpose-creative-wordpress-theme\/","title":{"rendered":"Fennik Multipurpose Creative WordPress Theme 1.2.1"},"content":{"rendered":"<h3>Fennik Multipurpose Creative WordPress Theme Traits<\/h3>\n<p>Le th\u00e8me WordPress cr\u00e9atif polyvalent Fennik est une solution extraordinairement polyvalente et dynamiquement robuste qui s&rsquo;adresse aux individus \u00e0 la recherche de la cr\u00e9ation d&rsquo;un site Web visuellement frappant et extr\u00eamement fonctionnel. Avec son design rationalis\u00e9 et contemporain, ce th\u00e8me accueille sans effort un large \u00e9ventail d&rsquo;industries, englobant les startups, les agences de cr\u00e9ation et les pigistes. Fennik accorde aux utilisateurs d&rsquo;acc\u00e9der \u00e0 une vaste s\u00e9lection de fonctionnalit\u00e9s personnalisables, y compris une abondance d&rsquo;options de mise en page, de nombreux sch\u00e9mas de couleurs et la capacit\u00e9 de personnaliser les polices, vous accordant la possibilit\u00e9 de construire un site Web qui s&rsquo;aligne parfaitement sur l&rsquo;esth\u00e9tique de votre marque. Paramant pour son attrait, la conception r\u00e9active de Fennik garantit une apparence impeccable sur tous les appareils, soulignant davantage son adaptabilit\u00e9. De plus, une interface intuitive garantit une navigation conviviale et une personnalisation sans effort. B\u00e9n\u00e9ficiant de la capacit\u00e9 d&rsquo;exposer efficacement votre portefeuille, de faciliter les ventes de produits en ligne ou de cr\u00e9er une pr\u00e9sence en ligne extraordinairement captivante, le th\u00e8me WordPress cr\u00e9atif polyvalent Fennik sert d&rsquo;outil global, de rencontrer et de d\u00e9passer tous vos besoins pour r\u00e9ussir dans le domaine num\u00e9rique.<\/p>\n<ul>\n<li>Th\u00e8me hautement polyvalent et polyvalent pour les sites Web WordPress<\/li>\n<li>Design propre et moderne en mettant l&rsquo;accent sur la cr\u00e9ativit\u00e9 et la personnalisation<\/li>\n<li>Enti\u00e8rement r\u00e9actif et adapt\u00e9 aux mobiles, assurant une exp\u00e9rience utilisateur optimale sur tous les appareils<\/li>\n<li>Livr\u00e9 avec une vari\u00e9t\u00e9 de mod\u00e8les et de dispositions pr\u00e9-con\u00e7us pour une cr\u00e9ation de site Web facile<\/li>\n<li>Page de page glisser-d\u00e9poser int\u00e9gr\u00e9 pour les options de personnalisation ultime<\/li>\n<li>Comprend l&rsquo;int\u00e9gration WooCommerce pour les fonctionnalit\u00e9s de commerce \u00e9lectronique sans couture<\/li>\n<li>Compatible avec plusieurs plugins et modules compl\u00e9mentaires pour les fonctionnalit\u00e9s \u00e9largies<\/li>\n<li>Fournit une documentation approfondie et un support client pour une configuration et une utilisation faciles<\/li>\n<li>R\u00e9guli\u00e8rement mis \u00e0 jour avec de nouvelles fonctionnalit\u00e9s et am\u00e9liorations pour garder votre site Web \u00e0 jour et pertinent<\/li>\n<li>Id\u00e9al pour les professionnels cr\u00e9atifs, les agences, les pigistes, les blogueurs et les entreprises de toutes tailles.<\/li>\n<\/ul>\n","protected":false},"excerpt":{"rendered":"<p>\u00cates-vous \u00e0 la recherche du th\u00e8me WordPress ultime qui pr\u00e9sentera efficacement vos comp\u00e9tences artistiques et vos prouesses imaginatives? Si c&rsquo;est le cas, votre qu\u00eate se termine ici par le th\u00e8me WordPress cr\u00e9atif polyvalent Fennik remarquable. En raison de son design \u00e9l\u00e9gant et contemporain, Fennik se d\u00e9marque comme le choix ultime pour les artistes, les designers, les photographes et d&rsquo;innombrables autres personnes cr\u00e9atives. Ce th\u00e8me exceptionnellement polyvalent offre une vaste gamme d&rsquo;options de personnalisation, vous permettant ainsi de fa\u00e7onner un site Web qui incarne parfaitement votre style distinct et vos perspectives visionnaires. Que vous souhaitiez afficher votre portefeuille, \u00e9tablir une boutique en ligne ou simplement construire une pr\u00e9sence num\u00e9rique visuellement captivante, le th\u00e8me WordPress cr\u00e9atif polyvalent Fennik englobe toutes les caract\u00e9ristiques et outils essentiels n\u00e9cessaires pour r\u00e9aliser vos aspirations. Par cons\u00e9quent, perdre plus de temps serait une d\u00e9cision imprudente. Embarquez dans le voyage de fabrication de votre site Web de r\u00eave aujourd&rsquo;hui et saisissez les immenses possibilit\u00e9s offertes par Fennik.<\/p>\n","protected":false},"featured_media":143859,"comment_status":"open","ping_status":"open","template":"","meta":[],"product_brand":[2433],"product_cat":[1214,1212,1213],"product_tag":[1366],"class_list":{"0":"post-111617","1":"product","2":"type-product","3":"status-publish","4":"has-post-thumbnail","6":"product_brand-themeforest","7":"product_cat-polyvalent","8":"product_cat-themes","9":"product_cat-wordpress-themes","10":"product_tag-themeforest","11":"member-discount","12":"discount-restricted","14":"first","15":"instock","16":"sale","17":"downloadable","18":"virtual","19":"sold-individually","20":"purchasable","21":"product-type-simple"},"_links":{"self":[{"href":"https:\/\/gpl-love.com\/fr\/wp-json\/wp\/v2\/product\/111617","targetHints":{"allow":["GET"]}}],"collection":[{"href":"https:\/\/gpl-love.com\/fr\/wp-json\/wp\/v2\/product"}],"about":[{"href":"https:\/\/gpl-love.com\/fr\/wp-json\/wp\/v2\/types\/product"}],"replies":[{"embeddable":true,"href":"https:\/\/gpl-love.com\/fr\/wp-json\/wp\/v2\/comments?post=111617"}],"wp:featuredmedia":[{"embeddable":true,"href":"https:\/\/gpl-love.com\/fr\/wp-json\/wp\/v2\/media\/143859"}],"wp:attachment":[{"href":"https:\/\/gpl-love.com\/fr\/wp-json\/wp\/v2\/media?parent=111617"}],"wp:term":[{"taxonomy":"product_brand","embeddable":true,"href":"https:\/\/gpl-love.com\/fr\/wp-json\/wp\/v2\/product_brand?post=111617"},{"taxonomy":"product_cat","embeddable":true,"href":"https:\/\/gpl-love.com\/fr\/wp-json\/wp\/v2\/product_cat?post=111617"},{"taxonomy":"product_tag","embeddable":true,"href":"https:\/\/gpl-love.com\/fr\/wp-json\/wp\/v2\/product_tag?post=111617"}],"curies":[{"name":"wp","href":"https:\/\/api.w.org\/{rel}","templated":true}]}}