{"id":111615,"date":"2022-02-23T00:00:00","date_gmt":"2022-02-22T23:00:00","guid":{"rendered":"http:\/\/gpl-love.com\/fr\/produit\/livecanvas-bootstrap-4-wordpress-page-builder\/"},"modified":"2026-03-20T23:22:42","modified_gmt":"2026-03-20T22:22:42","slug":"livecanvas-bootstrap-4-wordpress-page-builder","status":"publish","type":"product","link":"https:\/\/gpl-love.com\/fr\/produit\/livecanvas-bootstrap-4-wordpress-page-builder\/","title":{"rendered":"LiveCanvas Bootstrap 4 WordPress Page Builder 2.1.1"},"content":{"rendered":"<h3>LiveCanvas Bootstrap 4 WordPress Page Builder Traits<\/h3>\n<p>Livecanvas Bootstrap 4 WordPress Page Builder est un instrument exceptionnellement robuste et formidable qui permet aux utilisateurs de fabriquer sans effort des pages Web sur mesure. Cet outil dynamique est \u00e9quip\u00e9 d&rsquo;une interface de glisser-d\u00e9poser incroyablement conviviale, rationalisant le processus d&rsquo;incorporation de divers \u00e9l\u00e9ments, tels que du texte, des images, des vid\u00e9os, etc. dans vos pages Web. Ce qui distingue vraiment Livecanvas, c&rsquo;est que sa fondation construite sur le framework Bootstrap 4 de pointe, garantissant que vos pages sont non seulement frappantes visuellement, mais aussi tr\u00e8s r\u00e9actives sur tous les appareils. En \u00e9liminant la n\u00e9cessit\u00e9 de plonger dans un codage complexe, Livecanvas permet aux concepteurs Web de cr\u00e9er des sites Web captivants visuellement avec une efficacit\u00e9 in\u00e9gal\u00e9e. Pour tout concepteur Web exigeant cherchant \u00e0 optimiser leur flux de travail et \u00e0 \u00e9laborer sans effort des sites Web \u00e9poustouflants qui sont un jeu d&rsquo;enfant \u00e0 g\u00e9rer, Livecanvas est un atout indispensable.<\/p>\n<ul>\n<li>Builder de page WordPress puissant et convivial<\/li>\n<li>Bas\u00e9 sur le framework Bootstrap 4 populaire pour la conception r\u00e9active<\/li>\n<li>Interface intuitive de glisser-d\u00e9poser pour la cr\u00e9ation de sites Web-Sindning Building<\/li>\n<li>Mod\u00e8les et blocs pr\u00e9-construits pour commencer rapidement<\/li>\n<li>Options de conception enti\u00e8rement personnalisables pour un contr\u00f4le cr\u00e9atif complet<\/li>\n<li>Aper\u00e7u en direct des modifications lorsque vous les faites<\/li>\n<li>Int\u00e9gration transparente avec des fonctionnalit\u00e9s et des plugins WordPress<\/li>\n<li>Prend en charge les sites Web multi-langues<\/li>\n<li>Optimis\u00e9 pour la vitesse et les performances<\/li>\n<li>Support client complet et documentation.<\/li>\n<\/ul>\n","protected":false},"excerpt":{"rendered":"<p>LiveCanvas Bootstrap 4 WordPress Page Builder est un outil incroyablement robuste et de pointe qui permet aux utilisateurs de cr\u00e9er sans effort des pages Web visuellement captivantes et r\u00e9actives. Ce logiciel innovant poss\u00e8de une interface intuitive de glisser-d\u00e9poser, \u00e9liminant ainsi la n\u00e9cessit\u00e9 d&rsquo;une expertise de codage et permettant aux individus de concevoir et de personnaliser en toute confiance les dispositions dans le contenu de leur c\u0153ur. Plongez-vous dans un monde de possibilit\u00e9s illimit\u00e9es car les Livecanvas offrent une vaste gamme de composants pr\u00e9d\u00e9finis, tels que des formes, des boutons, des ic\u00f4nes et de nombreux autres \u00e9l\u00e9ments fonctionnels, facilitant l&rsquo;incorporation transparente de ces ajouts dans vos pages. De plus, Livecanvas s&rsquo;int\u00e8gre de mani\u00e8re transparente \u00e0 WordPress, une plate-forme de renomm\u00e9e mondiale, permettant aux utilisateurs de publier sans effort leurs pages m\u00e9ticuleusement con\u00e7ues tout en garantissant simultan\u00e9ment la gestion fluide et efficace de l&rsquo;ensemble de leur site Web. Amplifiez vos efforts de d\u00e9veloppement Web et d\u00e9bloquez un potentiel in\u00e9gal\u00e9 en adoptant les capacit\u00e9s remarquables des livecanvas sans d\u00e9lai!<\/p>\n","protected":false},"featured_media":144391,"comment_status":"open","ping_status":"open","template":"","meta":[],"product_brand":[2584],"product_cat":[1189,1181,1186],"product_tag":[1537],"class_list":{"0":"post-111615","1":"product","2":"type-product","3":"status-publish","4":"has-post-thumbnail","6":"product_brand-livecanvas","7":"product_cat-personnalisation","8":"product_cat-plugins","9":"product_cat-wordpress-plugins","10":"product_tag-livecanvas","11":"member-discount","12":"discount-restricted","14":"first","15":"instock","16":"sale","17":"downloadable","18":"virtual","19":"sold-individually","20":"purchasable","21":"product-type-simple"},"_links":{"self":[{"href":"https:\/\/gpl-love.com\/fr\/wp-json\/wp\/v2\/product\/111615","targetHints":{"allow":["GET"]}}],"collection":[{"href":"https:\/\/gpl-love.com\/fr\/wp-json\/wp\/v2\/product"}],"about":[{"href":"https:\/\/gpl-love.com\/fr\/wp-json\/wp\/v2\/types\/product"}],"replies":[{"embeddable":true,"href":"https:\/\/gpl-love.com\/fr\/wp-json\/wp\/v2\/comments?post=111615"}],"wp:featuredmedia":[{"embeddable":true,"href":"https:\/\/gpl-love.com\/fr\/wp-json\/wp\/v2\/media\/144391"}],"wp:attachment":[{"href":"https:\/\/gpl-love.com\/fr\/wp-json\/wp\/v2\/media?parent=111615"}],"wp:term":[{"taxonomy":"product_brand","embeddable":true,"href":"https:\/\/gpl-love.com\/fr\/wp-json\/wp\/v2\/product_brand?post=111615"},{"taxonomy":"product_cat","embeddable":true,"href":"https:\/\/gpl-love.com\/fr\/wp-json\/wp\/v2\/product_cat?post=111615"},{"taxonomy":"product_tag","embeddable":true,"href":"https:\/\/gpl-love.com\/fr\/wp-json\/wp\/v2\/product_tag?post=111615"}],"curies":[{"name":"wp","href":"https:\/\/api.w.org\/{rel}","templated":true}]}}