{"id":111613,"date":"2024-08-20T00:00:00","date_gmt":"2024-08-19T22:00:00","guid":{"rendered":"http:\/\/gpl-love.com\/fr\/produit\/mydelivery-wordpress-delivery-on-whatsapp\/"},"modified":"2026-04-10T18:32:37","modified_gmt":"2026-04-10T16:32:37","slug":"mydelivery-wordpress-delivery-on-whatsapp","status":"publish","type":"product","link":"https:\/\/gpl-love.com\/fr\/produit\/mydelivery-wordpress-delivery-on-whatsapp\/","title":{"rendered":"MyDelivery WordPress Delivery on WhatsApp 2.2.7"},"content":{"rendered":"<h3>MyDelivery WordPress Delivery on WhatsApp Traits<\/h3>\n<p>Le plugin MyDelivery WordPress se pr\u00e9sente comme un outil remarquable pour les entreprises de livraison, offrant une int\u00e9gration sans effort de WhatsApp comme canal de communication pour leurs clients pr\u00e9cieux. Gr\u00e2ce \u00e0 l&rsquo;utilisation de ce plugin, les clients ont la capacit\u00e9 de passer leurs commandes, de suivre facilement leurs livraisons et de recevoir rapidement des notifications directement sur la plate-forme de messagerie tr\u00e8s populaire, WhatsApp. Sais\u00e9e pour son interface conviviale, le plugin MyDelivery permet sans effort les entreprises, en particulier celles de petites et moyennes tailles, de configurer leurs op\u00e9rations de livraison sur la plate-forme en quelques minutes. En outre, le plugin est exceptionnellement flexible, permettant aux entreprises de personnaliser la messagerie et les notifications conform\u00e9ment \u00e0 leur identit\u00e9 de marque unique et \u00e0 leurs exigences sp\u00e9cifiques. En utilisant le plugin MyDelivery en conjonction avec WhatsApp, les entreprises sont autoris\u00e9es \u00e0 offrir \u00e0 leurs clients ch\u00e9ris une exp\u00e9rience transparente et exceptionnellement pratique, conduisant invariablement \u00e0 un sentiment accru de satisfaction et de loyaut\u00e9 parmi leur client\u00e8le.<\/p>\n<ul>\n<li>Un plugin WordPress robuste con\u00e7u pour rationaliser votre processus de livraison<\/li>\n<li>Une int\u00e9gration facile avec WhatsApp permet une communication transparente avec les clients<\/li>\n<li>Notifications et mises \u00e0 jour instantan\u00e9es envoy\u00e9es directement aux comptes WhatsApp des clients<\/li>\n<li>Des options de livraison personnalisables vous permettent d&rsquo;adapter chaque commande aux besoins de vos clients<\/li>\n<li>Processus de configuration simple sans codage requis<\/li>\n<li>Le suivi en temps r\u00e9el garantit que les clients peuvent facilement suivre leur statut de livraison<\/li>\n<li>Les rapports et analyses d\u00e9taill\u00e9s vous aident \u00e0 identifier les domaines \u00e0 am\u00e9liorer votre processus de livraison<\/li>\n<li>Un service fiable et rapide garantit que vos clients re\u00e7oivent leurs commandes \u00e0 temps, \u00e0 chaque fois.<\/li>\n<\/ul>\n","protected":false},"excerpt":{"rendered":"<p>MyDelivery, un plugin WordPress tr\u00e8s robuste et efficace, vous pr\u00e9sente la capacit\u00e9 remarquable non seulement de recevoir des commandes, mais aussi de les g\u00e9rer efficacement directement gr\u00e2ce \u00e0 l&rsquo;utilisation de WhatsApp. Gr\u00e2ce \u00e0 son interface intuitivement con\u00e7ue, ce plugin facilite de mani\u00e8re transparente la r\u00e9ception des commandes, facilite le traitement des paiements et permet le suivi des livraisons &#8211; le tout dans la plus grande commodit\u00e9 que WhatsApp fournit. Quelle que soit l&rsquo;\u00e9chelle de votre entreprise, qu&rsquo;il s&rsquo;agisse d&rsquo;une petite entreprise ou d&rsquo;une boutique en ligne tentaculaire, MyDelivery sert de solution parfaite pour rationaliser vos op\u00e9rations de livraison, simplifiant ainsi la gestion des commandes et garantissant la plus grande satisfaction du client. N&rsquo;h\u00e9sitez pas \u00e0 essayer aujourd&rsquo;hui et \u00e0 t\u00e9moigner de premi\u00e8re main l&rsquo;impact transformateur que MyDelivery peut avoir sur votre entreprise.<\/p>\n","protected":false},"featured_media":144636,"comment_status":"open","ping_status":"open","template":"","meta":[],"product_brand":[2600],"product_cat":[1182,1200,1181],"product_tag":[1535],"class_list":{"0":"post-111613","1":"product","2":"type-product","3":"status-publish","4":"has-post-thumbnail","6":"product_brand-mydelivery","7":"product_cat-commerce-electronique-plugins","8":"product_cat-commercialisation","9":"product_cat-plugins","10":"product_tag-mydelivery","11":"member-discount","12":"discount-restricted","14":"first","15":"instock","16":"sale","17":"downloadable","18":"virtual","19":"sold-individually","20":"purchasable","21":"product-type-simple"},"_links":{"self":[{"href":"https:\/\/gpl-love.com\/fr\/wp-json\/wp\/v2\/product\/111613","targetHints":{"allow":["GET"]}}],"collection":[{"href":"https:\/\/gpl-love.com\/fr\/wp-json\/wp\/v2\/product"}],"about":[{"href":"https:\/\/gpl-love.com\/fr\/wp-json\/wp\/v2\/types\/product"}],"replies":[{"embeddable":true,"href":"https:\/\/gpl-love.com\/fr\/wp-json\/wp\/v2\/comments?post=111613"}],"wp:featuredmedia":[{"embeddable":true,"href":"https:\/\/gpl-love.com\/fr\/wp-json\/wp\/v2\/media\/144636"}],"wp:attachment":[{"href":"https:\/\/gpl-love.com\/fr\/wp-json\/wp\/v2\/media?parent=111613"}],"wp:term":[{"taxonomy":"product_brand","embeddable":true,"href":"https:\/\/gpl-love.com\/fr\/wp-json\/wp\/v2\/product_brand?post=111613"},{"taxonomy":"product_cat","embeddable":true,"href":"https:\/\/gpl-love.com\/fr\/wp-json\/wp\/v2\/product_cat?post=111613"},{"taxonomy":"product_tag","embeddable":true,"href":"https:\/\/gpl-love.com\/fr\/wp-json\/wp\/v2\/product_tag?post=111613"}],"curies":[{"name":"wp","href":"https:\/\/api.w.org\/{rel}","templated":true}]}}