{"id":111611,"date":"2021-02-09T00:00:00","date_gmt":"2021-02-08T23:00:00","guid":{"rendered":"http:\/\/gpl-love.com\/fr\/produit\/rion-fashion-wordpress-theme-for-woocommerce\/"},"modified":"2026-04-10T18:38:23","modified_gmt":"2026-04-10T16:38:23","slug":"rion-fashion-wordpress-theme-for-woocommerce","status":"publish","type":"product","link":"https:\/\/gpl-love.com\/fr\/produit\/rion-fashion-wordpress-theme-for-woocommerce\/","title":{"rendered":"Rion Fashion WordPress Th\u00e8me pour WooCommerce 1.0.6"},"content":{"rendered":"<h3>Rion Fashion WordPress Th\u00e8me pour WooCommerce Traits<\/h3>\n<p>Le th\u00e8me Rion Fashion WordPress pour WooCommerce se pr\u00e9sente comme la solution id\u00e9ale pour les personnes cherchant \u00e0 \u00e9tablir et \u00e0 g\u00e9rer une boutique de mode en ligne. Son design \u00e9l\u00e9gant et moderne donne un sentiment de sophistication, permettant efficacement \u00e0 vos produits de se distinguer et de captiver les clients potentiels. De plus, ce th\u00e8me poss\u00e8de une r\u00e9activit\u00e9 compl\u00e8te, le rendant visuellement attrayant et fonctionnel sur tous les appareils. De plus, sa vaste gamme d&rsquo;options de personnalisation vous permet d&rsquo;adapter le th\u00e8me en fonction de vos besoins sp\u00e9cifiques. En raison de son int\u00e9gration avec WooCommerce, ce th\u00e8me donne acc\u00e8s \u00e0 une gamme de fonctionnalit\u00e9s indispensables essentielles pour le fonctionnement transparent d&rsquo;une boutique en ligne prosp\u00e8re, englobant les galeries de produits, la gestion des commandes et le traitement des paiements. Que vous soyez un entrepreneur ambitieux qui s&rsquo;efforce d&rsquo;\u00e9tendre votre empreinte num\u00e9rique ou un professionnel chevronn\u00e9 du commerce \u00e9lectronique, le th\u00e8me WordPress de Rion Fashion pour WooCommerce repr\u00e9sente sans \u00e9quivoque un choix exceptionnel.<\/p>\n<ul>\n<li>Th\u00e8me WordPress \u00e9l\u00e9gant et moderne con\u00e7u sp\u00e9cifiquement pour les entreprises de commerce \u00e9lectronique de la mode<\/li>\n<li>Int\u00e9gration facile avec le plugin WooCommerce populaire pour la vente en ligne transparente<\/li>\n<li>La conception enti\u00e8rement r\u00e9active garantit que votre site Web aura fi\u00e8re allure sur le bureau, les tablettes et les appareils mobiles<\/li>\n<li>Les options de page d&rsquo;accueil multiples et de blog au choix, permettant une personnalisation compl\u00e8te de l&rsquo;apparence de votre site Web<\/li>\n<li>Personnalisez les styles de police, les couleurs et les arri\u00e8re-plans pour am\u00e9liorer davantage l&rsquo;attrait visuel de votre marque<\/li>\n<li>Comprend une vari\u00e9t\u00e9 de widgets et de codes shortcodes utiles pour vous aider \u00e0 cr\u00e9er facilement des pages et des affichages de produits personnalis\u00e9s<\/li>\n<li>Le widget Instagram int\u00e9gr\u00e9 vous permet de pr\u00e9senter votre flux dans votre site Web et d&rsquo;encourager l&rsquo;engagement des m\u00e9dias sociaux<\/li>\n<li>Livr\u00e9 avec une documentation d\u00e9taill\u00e9e et un support client 24\/7, assurant une exp\u00e9rience de configuration fluide et sans tracas<\/li>\n<li>R\u00e9guli\u00e8rement mis \u00e0 jour pour assurer la compatibilit\u00e9 avec les derni\u00e8res versions WordPress et WooCommerce, ainsi que pour ajouter de nouvelles fonctionnalit\u00e9s et fonctionnalit\u00e9s<\/li>\n<\/ul>\n","protected":false},"excerpt":{"rendered":"<p>Le th\u00e8me Rion Fashion WordPress pour WooCommerce est un th\u00e8me exquis et sophistiqu\u00e9, sur mesure pour les plateformes de commerce \u00e9lectronique sp\u00e9cialis\u00e9s dans les marchandises de mode. Ce th\u00e8me offre une vaste gamme d&rsquo;options de personnalisation, offrant aux utilisateurs la possibilit\u00e9 de concevoir un site Web in\u00e9gal\u00e9 qui est \u00e0 la fois distinctif et d\u00e9gage du professionnalisme, le distinguant ainsi sans aucun doute de ses concurrents. B\u00e9n\u00e9ficiant d&rsquo;une disposition \u00e9l\u00e9gante et \u00e9pur\u00e9e, coupl\u00e9e \u00e0 une interface conviviale, le th\u00e8me WordPress de la mode Rion pour WooCommerce est sans \u00e9quivoque la quintessence de la grandeur num\u00e9rique. Que vous soyez un blogueur de mode influent, le propri\u00e9taire d&rsquo;une boutique \u00e0 la mode, ou simplement un ardent passionn\u00e9 de mode, ce th\u00e8me remarquable est sans \u00e9quivoque la solution par excellence pour pr\u00e9senter efficacement votre catalogue de produits m\u00e9ticuleusement organis\u00e9 et cultiver une image de marque remarquable.<\/p>\n","protected":false},"featured_media":145139,"comment_status":"open","ping_status":"open","template":"","meta":[],"product_brand":[2433],"product_cat":[1238,1851,1212],"product_tag":[1366],"class_list":{"0":"post-111611","1":"product","2":"type-product","3":"status-publish","4":"has-post-thumbnail","6":"product_brand-themeforest","7":"product_cat-commerce-electronique-themes","8":"product_cat-entreprise-commerce-electronique-themes","9":"product_cat-themes","10":"product_tag-themeforest","11":"member-discount","12":"discount-restricted","14":"first","15":"instock","16":"sale","17":"downloadable","18":"virtual","19":"sold-individually","20":"purchasable","21":"product-type-simple"},"_links":{"self":[{"href":"https:\/\/gpl-love.com\/fr\/wp-json\/wp\/v2\/product\/111611","targetHints":{"allow":["GET"]}}],"collection":[{"href":"https:\/\/gpl-love.com\/fr\/wp-json\/wp\/v2\/product"}],"about":[{"href":"https:\/\/gpl-love.com\/fr\/wp-json\/wp\/v2\/types\/product"}],"replies":[{"embeddable":true,"href":"https:\/\/gpl-love.com\/fr\/wp-json\/wp\/v2\/comments?post=111611"}],"wp:featuredmedia":[{"embeddable":true,"href":"https:\/\/gpl-love.com\/fr\/wp-json\/wp\/v2\/media\/145139"}],"wp:attachment":[{"href":"https:\/\/gpl-love.com\/fr\/wp-json\/wp\/v2\/media?parent=111611"}],"wp:term":[{"taxonomy":"product_brand","embeddable":true,"href":"https:\/\/gpl-love.com\/fr\/wp-json\/wp\/v2\/product_brand?post=111611"},{"taxonomy":"product_cat","embeddable":true,"href":"https:\/\/gpl-love.com\/fr\/wp-json\/wp\/v2\/product_cat?post=111611"},{"taxonomy":"product_tag","embeddable":true,"href":"https:\/\/gpl-love.com\/fr\/wp-json\/wp\/v2\/product_tag?post=111611"}],"curies":[{"name":"wp","href":"https:\/\/api.w.org\/{rel}","templated":true}]}}