{"id":111609,"date":"2021-02-09T00:00:00","date_gmt":"2021-02-08T23:00:00","guid":{"rendered":"http:\/\/gpl-love.com\/fr\/produit\/cyberbukit-tts-text-to-speech-saas-ready\/"},"modified":"2026-03-20T23:00:24","modified_gmt":"2026-03-20T22:00:24","slug":"cyberbukit-tts-text-to-speech-saas-ready","status":"publish","type":"product","link":"https:\/\/gpl-love.com\/fr\/produit\/cyberbukit-tts-text-to-speech-saas-ready\/","title":{"rendered":"CyberBukit TTS &#8211; Text to Speech \u2013 SaaS Ready 1.0.2"},"content":{"rendered":"<h3>CyberBukit TTS &#8211; Text to Speech \u2013 SaaS Ready Traits<\/h3>\n<p>Cyberbukit TTS, un texte innovant \u00e0 la technologie de la parole, a la capacit\u00e9 de convertir votre contenu \u00e9crit en audio qui semble naturel. Ce logiciel, qui est pr\u00eat au SaaS, est particuli\u00e8rement id\u00e9al pour les entreprises et les personnes qui visent \u00e0 offrir \u00e0 leur public une exp\u00e9rience utilisateur am\u00e9lior\u00e9e. En utilisant les cyberbukit TTS, vous pouvez transformer sans effort n&rsquo;importe quel texte en discours, \u00e9conomisant ainsi un temps et des ressources pr\u00e9cieux. L&rsquo;algorithme avanc\u00e9 du logiciel garantit la production d&rsquo;audio de haute qualit\u00e9 qui est \u00e0 la fois claire et facilement compr\u00e9hensible. De plus, la nature conviviale du logiciel garantit que n&rsquo;importe qui peut facilement commencer \u00e0 l&rsquo;utiliser. Dans l&rsquo;ensemble, Cyberbukit TTS s&rsquo;av\u00e8re \u00eatre un investissement exceptionnel pour ceux qui cherchent \u00e0 am\u00e9liorer leur livraison de contenu et \u00e0 captiver leur public de mani\u00e8re nouvelle.<\/p>\n<ul>\n<li>Texte avanc\u00e9 vers la technologie de la parole<\/li>\n<li>Plate-forme SaaS bas\u00e9e sur le cloud<\/li>\n<li>Prend en charge plusieurs langues et accents<\/li>\n<li>Voix et styles personnalisables<\/li>\n<li>Int\u00e9gration facile avec d&rsquo;autres plateformes et applications<\/li>\n<li>Sortie audio de haute qualit\u00e9<\/li>\n<li>Solution de gain de temps pour les voix off, les podcasts et les vid\u00e9os<\/li>\n<li>Prix \u200b\u200bcomp\u00e9titifs avec des plans de prix flexibles<\/li>\n<li>Services de support client et de maintenance fiables<\/li>\n<li>Interface conviviale pour une exp\u00e9rience transparente<\/li>\n<\/ul>\n","protected":false},"excerpt":{"rendered":"<p>D\u00e9couvrez le pouvoir de la synth\u00e8se de la parole de type humain avec les logiciels TTS &#8211; TTS \u00e0 discours de Cyberbukit. Ce produit pr\u00eat pour le SaaS peut transformer sans effort n&rsquo;importe quel texte en discours clair et r\u00e9aliste, offrant une solution transparente aux entreprises et aux particuliers. Avec TTS, vous pouvez convertir des livres \u00e9lectroniques en livres audio, am\u00e9liorer les interactions du service client avec les r\u00e9ponses vocales et fournir aux utilisateurs visuellement des utilisateurs un contenu lisible. Ses capacit\u00e9s sup\u00e9rieures de texte \u00e0 la disposition en font un outil id\u00e9al pour une vari\u00e9t\u00e9 d&rsquo;applications, y compris l&rsquo;\u00e9ducation, le service \u00e0 la client\u00e8le et le divertissement. CyberBukit TTS donne vie \u00e0 votre texte, ce qui le rend plus attrayant et accessible pour tout le monde.<\/p>\n","protected":false},"featured_media":143509,"comment_status":"open","ping_status":"open","template":"","meta":[],"product_brand":[2435],"product_cat":[1189,1181,1186],"product_tag":[1231],"class_list":{"0":"post-111609","1":"product","2":"type-product","3":"status-publish","4":"has-post-thumbnail","6":"product_brand-codecanyon","7":"product_cat-personnalisation","8":"product_cat-plugins","9":"product_cat-wordpress-plugins","10":"product_tag-codecanyon","11":"member-discount","12":"discount-restricted","14":"first","15":"instock","16":"sale","17":"downloadable","18":"virtual","19":"sold-individually","20":"purchasable","21":"product-type-simple"},"_links":{"self":[{"href":"https:\/\/gpl-love.com\/fr\/wp-json\/wp\/v2\/product\/111609","targetHints":{"allow":["GET"]}}],"collection":[{"href":"https:\/\/gpl-love.com\/fr\/wp-json\/wp\/v2\/product"}],"about":[{"href":"https:\/\/gpl-love.com\/fr\/wp-json\/wp\/v2\/types\/product"}],"replies":[{"embeddable":true,"href":"https:\/\/gpl-love.com\/fr\/wp-json\/wp\/v2\/comments?post=111609"}],"wp:featuredmedia":[{"embeddable":true,"href":"https:\/\/gpl-love.com\/fr\/wp-json\/wp\/v2\/media\/143509"}],"wp:attachment":[{"href":"https:\/\/gpl-love.com\/fr\/wp-json\/wp\/v2\/media?parent=111609"}],"wp:term":[{"taxonomy":"product_brand","embeddable":true,"href":"https:\/\/gpl-love.com\/fr\/wp-json\/wp\/v2\/product_brand?post=111609"},{"taxonomy":"product_cat","embeddable":true,"href":"https:\/\/gpl-love.com\/fr\/wp-json\/wp\/v2\/product_cat?post=111609"},{"taxonomy":"product_tag","embeddable":true,"href":"https:\/\/gpl-love.com\/fr\/wp-json\/wp\/v2\/product_tag?post=111609"}],"curies":[{"name":"wp","href":"https:\/\/api.w.org\/{rel}","templated":true}]}}