{"id":111607,"date":"2023-05-17T00:00:00","date_gmt":"2023-05-16T22:00:00","guid":{"rendered":"http:\/\/gpl-love.com\/fr\/produit\/ewebot-marketing-seo-digital-agency\/"},"modified":"2026-03-20T23:05:11","modified_gmt":"2026-03-20T22:05:11","slug":"ewebot-marketing-seo-digital-agency","status":"publish","type":"product","link":"https:\/\/gpl-love.com\/fr\/produit\/ewebot-marketing-seo-digital-agency\/","title":{"rendered":"Ewebot Marketing SEO Digital Agency 2.9.6"},"content":{"rendered":"<h3>Ewebot Marketing SEO Digital Agency Traits<\/h3>\n<p>EWEBOT Marketing SEO Digital Agency, une plate-forme tr\u00e8s polyvalente et fiable, est d\u00e9di\u00e9e \u00e0 la fourniture aux entreprises des solutions de marketing num\u00e9rique de pointe. Cette plate-forme en ligne exceptionnelle \u00e9tend une vaste gamme de services englobant l&rsquo;optimisation du site Web, la recherche de mots cl\u00e9s, le marketing de contenu, la gestion des m\u00e9dias sociaux et un assortiment d&rsquo;autres offres inestimables. L&rsquo;\u00e9quipe d&rsquo;experts brillants chez ewebot exploite habilement des outils innovants et met en \u0153uvre des strat\u00e9gies sophistiqu\u00e9es pour aider les entreprises \u00e0 augmenter leur pr\u00e9sence en ligne, \u00e0 amasser un plus grand afflux de trafic et \u00e0 augmenter consid\u00e9rablement les taux de conversion. En adh\u00e9rant \u00e0 une m\u00e9thodologie m\u00e9ticuleuse bas\u00e9e sur les donn\u00e9es, Ewebot garantit que chaque campagne de marketing est m\u00e9ticuleusement adapt\u00e9e \u00e0 l&rsquo;alignement de mani\u00e8re transparente avec les besoins et les aspirations uniques de sa client\u00e8le. En fin de compte, l&rsquo;agence Digital SEO marketing EWEBOT appara\u00eet comme une solution globale et tr\u00e8s efficace qui permet aux entreprises d&rsquo;\u00e9lever leurs efforts de marketing en ligne \u00e0 des sommets sans pr\u00e9c\u00e9dent.<\/p>\n<ul>\n<li>EWEBOT est une agence de marketing num\u00e9rique compl\u00e8te sp\u00e9cialis\u00e9e dans l&rsquo;optimisation des moteurs de recherche (SEO)<\/li>\n<li>Notre \u00e9quipe de professionnels exp\u00e9riment\u00e9s travaillera avec vous pour optimiser votre site Web et am\u00e9liorer votre classement de moteur de recherche<\/li>\n<li>Nous proposons une vari\u00e9t\u00e9 de services de r\u00e9f\u00e9rence<\/li>\n<li>Ewebot utilise les derni\u00e8res technologies et les meilleures pratiques pour vous assurer d&rsquo;obtenir les meilleurs r\u00e9sultats possibles<\/li>\n<li>Notre \u00e9quipe cr\u00e9era une strat\u00e9gie de r\u00e9f\u00e9rencement personnalis\u00e9e qui est adapt\u00e9e \u00e0 vos objectifs commerciaux et aux besoins uniques<\/li>\n<li>Nous fournirons des rapports de progr\u00e8s r\u00e9guliers et des mises \u00e0 jour pour vous assurer que vous \u00eates toujours inform\u00e9 de votre campagne SEO<\/li>\n<li>Ewebot propose \u00e9galement une gamme d&rsquo;autres services de marketing num\u00e9rique, notamment le marketing des m\u00e9dias sociaux, la publicit\u00e9 PPC et le marketing de contenu<\/li>\n<li>Notre objectif est d&rsquo;aider votre entreprise \u00e0 r\u00e9ussir en ligne en conduisant plus de trafic vers votre site Web et en am\u00e9liorant votre visibilit\u00e9 en ligne<\/li>\n<li>Contactez-nous d\u00e8s aujourd&rsquo;hui pour savoir comment nous pouvons vous aider \u00e0 atteindre vos objectifs de marketing num\u00e9rique avec nos services de r\u00e9f\u00e9rencement complets.<\/li>\n<\/ul>\n","protected":false},"excerpt":{"rendered":"<p>\u00cates-vous \u00e0 la recherche des meilleures solutions de marketing num\u00e9rique pour votre entreprise? Si c&rsquo;est le cas, vous n&rsquo;avez pas besoin de chercher plus loin que l&rsquo;agence num\u00e9rique SEO Marketing EWEBOT. Compos\u00e9s d&rsquo;une \u00e9quipe d&rsquo;experts hautement qualifi\u00e9s, nous utilisons la technologie de marketing la plus de pointe pour vous aider \u00e0 atteindre vos objectifs commerciaux en am\u00e9liorant votre visibilit\u00e9 en ligne, en conduisant plus de trafic vers votre site Web, et bien plus encore. Avec un historique de succ\u00e8s \u00e9prouv\u00e9 et une approche individualis\u00e9e adapt\u00e9e \u00e0 chaque client, l&rsquo;agence num\u00e9rique SEO marketing EWEBOT est la destination ultime pour tous vos besoins num\u00e9riques. Que vous ayez besoin de services de r\u00e9f\u00e9rencement de premier ordre, de strat\u00e9gies de marketing des m\u00e9dias sociaux, de campagnes publicitaires PPC ou de conception et de d\u00e9veloppement de sites Web exceptionnels, nous poss\u00e9dons les outils et l&rsquo;expertise n\u00e9cessaires pour fournir les r\u00e9sultats souhait\u00e9s. Ne perdez pas de temps et contactez-nous aujourd&rsquo;hui pour mieux comprendre nos offres!<\/p>\n","protected":false},"featured_media":143823,"comment_status":"open","ping_status":"open","template":"","meta":[],"product_brand":[2433],"product_cat":[1516,1212,1213],"product_tag":[1366],"class_list":{"0":"post-111607","1":"product","2":"type-product","3":"status-publish","4":"has-post-thumbnail","6":"product_brand-themeforest","7":"product_cat-entreprise","8":"product_cat-themes","9":"product_cat-wordpress-themes","10":"product_tag-themeforest","11":"member-discount","12":"discount-restricted","14":"first","15":"instock","16":"sale","17":"downloadable","18":"virtual","19":"sold-individually","20":"purchasable","21":"product-type-simple"},"_links":{"self":[{"href":"https:\/\/gpl-love.com\/fr\/wp-json\/wp\/v2\/product\/111607","targetHints":{"allow":["GET"]}}],"collection":[{"href":"https:\/\/gpl-love.com\/fr\/wp-json\/wp\/v2\/product"}],"about":[{"href":"https:\/\/gpl-love.com\/fr\/wp-json\/wp\/v2\/types\/product"}],"replies":[{"embeddable":true,"href":"https:\/\/gpl-love.com\/fr\/wp-json\/wp\/v2\/comments?post=111607"}],"wp:featuredmedia":[{"embeddable":true,"href":"https:\/\/gpl-love.com\/fr\/wp-json\/wp\/v2\/media\/143823"}],"wp:attachment":[{"href":"https:\/\/gpl-love.com\/fr\/wp-json\/wp\/v2\/media?parent=111607"}],"wp:term":[{"taxonomy":"product_brand","embeddable":true,"href":"https:\/\/gpl-love.com\/fr\/wp-json\/wp\/v2\/product_brand?post=111607"},{"taxonomy":"product_cat","embeddable":true,"href":"https:\/\/gpl-love.com\/fr\/wp-json\/wp\/v2\/product_cat?post=111607"},{"taxonomy":"product_tag","embeddable":true,"href":"https:\/\/gpl-love.com\/fr\/wp-json\/wp\/v2\/product_tag?post=111607"}],"curies":[{"name":"wp","href":"https:\/\/api.w.org\/{rel}","templated":true}]}}