{"id":111603,"date":"2021-02-09T00:00:00","date_gmt":"2021-02-08T23:00:00","guid":{"rendered":"http:\/\/gpl-love.com\/fr\/produit\/coi-fashion-woocommerce-theme\/"},"modified":"2026-03-20T22:58:45","modified_gmt":"2026-03-20T21:58:45","slug":"coi-fashion-woocommerce-theme","status":"publish","type":"product","link":"https:\/\/gpl-love.com\/fr\/produit\/coi-fashion-woocommerce-theme\/","title":{"rendered":"Coi Fashion WooCommerce Theme 1.0.9"},"content":{"rendered":"<h3>Coi Fashion WooCommerce Theme Traits<\/h3>\n<p>COI Fashion WooCommerce Th\u00e8me, un th\u00e8me impeccablement chic et contemporain m\u00e9ticuleusement con\u00e7u exclusivement pour le domaine des emporiums de la mode et des v\u00eatements, manifeste un design extr\u00eamement raffin une mani\u00e8re polie et visuellement captivante. L&rsquo;interface conviviale de ce th\u00e8me s&rsquo;harmonise de mani\u00e8re transparente avec la plate-forme WooCommerce, permettant ainsi aux propri\u00e9taires de magasins la possibilit\u00e9 de superviser sans effort leur inventaire, leurs chiffres de vente et leurs donn\u00e9es de consommation. De plus, COI Fashion englobe un assortiment d&rsquo;options pour pr\u00e9senter des produits, y compris des fonctionnalit\u00e9s rapides de vue rapide et la possibilit\u00e9 d&rsquo;agrandir les produits, tout en offrant des fonctionnalit\u00e9s qui renforcent efficacement les ventes et facilitent les remises promotionnelles. En r\u00e9sum\u00e9, le th\u00e8me WooCommerce de la mode COI est une alternative exemplaire qui catapultera sans aucun doute la pr\u00e9sence en ligne et renforcera les marges b\u00e9n\u00e9ficiaires de tout fournisseur estim\u00e9 de la mode ou des v\u00eatements.<\/p>\n<ul>\n<li>Conception r\u00e9active optimis\u00e9e pour les appareils mobiles<\/li>\n<li>Personnalisation facile via le personnalisateur WordPress<\/li>\n<li>Options de page d&rsquo;accueil multiples et d&rsquo;en-t\u00eate<\/li>\n<li>Prise en charge int\u00e9gr\u00e9e du plugin WooCommerce<\/li>\n<li>Mod\u00e8les de page et de page de produit pr\u00e9d\u00e9finis<\/li>\n<li>Typographie personnalisable avec int\u00e9gration de polices Google<\/li>\n<li>Compatible avec les plugins populaires tels que MailChimp et le formulaire de contact 7<\/li>\n<li>Graphiques pr\u00eats pour la r\u00e9tine et optimis\u00e9s pour les vitesses de chargement rapide<\/li>\n<li>Code efficace et bien \u00e9crit pour des performances optimales<\/li>\n<li>Documentation d\u00e9taill\u00e9e et soutien du d\u00e9veloppeur de th\u00e8me.<\/li>\n<\/ul>\n","protected":false},"excerpt":{"rendered":"<p>COI est un th\u00e8me WooCommerce de mode haut de gamme con\u00e7u pour \u00e9lever votre boutique en ligne. Ce th\u00e8me hautement personnalisable pr\u00e9sente un design propre et moderne qui est parfait pour les boutiques de mode, les magasins de v\u00eatements ou toute autre entreprise de commerce \u00e9lectronique qui cherche \u00e0 avoir un impact en ligne. La r\u00e9activit\u00e9 de COI garantit que votre site Web est magnifique sur tous les appareils, tandis que son codage adapt\u00e9 au r\u00e9f\u00e9rencement stimule votre visibilit\u00e9 sur les moteurs de recherche. Le th\u00e8me comprend une vari\u00e9t\u00e9 de dispositions pr\u00e9d\u00e9finies et de plugins puissants tels que Elementor, Slider Revolution et WooCommerce, vous offrant la flexibilit\u00e9 de concevoir un site Web unique et professionnel. Avec COI, vous pouvez facilement g\u00e9rer votre inventaire, suivre les commandes et vous connecter avec vos clients. D\u00e9couvrez les avantages d&rsquo;un th\u00e8me WooCommerce de haute qualit\u00e9 avec des utilisateurs avec COI.<\/p>\n","protected":false},"featured_media":143403,"comment_status":"open","ping_status":"open","template":"","meta":[],"product_brand":[2433],"product_cat":[1238,1851,1212],"product_tag":[1366],"class_list":{"0":"post-111603","1":"product","2":"type-product","3":"status-publish","4":"has-post-thumbnail","6":"product_brand-themeforest","7":"product_cat-commerce-electronique-themes","8":"product_cat-entreprise-commerce-electronique-themes","9":"product_cat-themes","10":"product_tag-themeforest","11":"member-discount","12":"discount-restricted","14":"first","15":"instock","16":"sale","17":"downloadable","18":"virtual","19":"sold-individually","20":"purchasable","21":"product-type-simple"},"_links":{"self":[{"href":"https:\/\/gpl-love.com\/fr\/wp-json\/wp\/v2\/product\/111603","targetHints":{"allow":["GET"]}}],"collection":[{"href":"https:\/\/gpl-love.com\/fr\/wp-json\/wp\/v2\/product"}],"about":[{"href":"https:\/\/gpl-love.com\/fr\/wp-json\/wp\/v2\/types\/product"}],"replies":[{"embeddable":true,"href":"https:\/\/gpl-love.com\/fr\/wp-json\/wp\/v2\/comments?post=111603"}],"wp:featuredmedia":[{"embeddable":true,"href":"https:\/\/gpl-love.com\/fr\/wp-json\/wp\/v2\/media\/143403"}],"wp:attachment":[{"href":"https:\/\/gpl-love.com\/fr\/wp-json\/wp\/v2\/media?parent=111603"}],"wp:term":[{"taxonomy":"product_brand","embeddable":true,"href":"https:\/\/gpl-love.com\/fr\/wp-json\/wp\/v2\/product_brand?post=111603"},{"taxonomy":"product_cat","embeddable":true,"href":"https:\/\/gpl-love.com\/fr\/wp-json\/wp\/v2\/product_cat?post=111603"},{"taxonomy":"product_tag","embeddable":true,"href":"https:\/\/gpl-love.com\/fr\/wp-json\/wp\/v2\/product_tag?post=111603"}],"curies":[{"name":"wp","href":"https:\/\/api.w.org\/{rel}","templated":true}]}}