{"id":111589,"date":"2021-12-11T00:00:00","date_gmt":"2021-12-10T23:00:00","guid":{"rendered":"http:\/\/gpl-love.com\/fr\/produit\/woocommerce-review-for-discount\/"},"modified":"2026-03-20T23:47:33","modified_gmt":"2026-03-20T22:47:33","slug":"woocommerce-review-for-discount","status":"publish","type":"product","link":"https:\/\/gpl-love.com\/fr\/produit\/woocommerce-review-for-discount\/","title":{"rendered":"WooCommerce Review pour Discount 1.6.22"},"content":{"rendered":"<h3>WooCommerce Review pour Discount Traits<\/h3>\n<p>La revue WooCommerce pour la remise est un plugin extr\u00eamement robuste et influent qui incite efficacement les clients \u00e0 soumettre des avis pr\u00e9cieux sur votre boutique en ligne estim\u00e9e. Gr\u00e2ce \u00e0 la fourniture de remises irr\u00e9sistibles et de promotions s\u00e9duisantes, ce plugin sert de catalyseur efficace pour augmenter l&rsquo;engagement des clients et propulser les ventes \u00e0 des sommets sans pr\u00e9c\u00e9dent. De plus, ce plugin poss\u00e8de une interface incroyablement conviviale, facilitant la configuration sans effort des r\u00e9glementations de r\u00e9duction, le ciblage pr\u00e9cis de produits ou cat\u00e9gories sp\u00e9cifiques, ainsi que de l&rsquo;\u00e9tablissement d&rsquo;une dur\u00e9e de r\u00e9vision minimale. En outre, cela vous apporte l&rsquo;occasion inestimable de personnaliser l&rsquo;e-mail de sollicitation de r\u00e9vision, tout en vous accordant l&rsquo;autonomie pour s\u00e9lectionner les plateformes d&rsquo;examen avec lesquelles vous d\u00e9sirez vous int\u00e9grer de mani\u00e8re transparente. Pour encapsuler, la r\u00e9vision de WooCommerce pour la remise est ind\u00e9niablement comme un outil indispensable pour tous les propri\u00e9taires de magasin de WooCommerce exigeants, car il fortifie sans reproducie la fid\u00e9lit\u00e9 des clients et amplifie l&rsquo;\u00e9minence de sa position en ligne.<\/p>\n<ul>\n<li>Encourage les clients \u00e0 laisser des avis en offrant des codes de r\u00e9duction en \u00e9change<\/li>\n<li>S&rsquo;int\u00e8gre parfaitement \u00e0 WooCommerce, une plate-forme de commerce \u00e9lectronique populaire<\/li>\n<li>Permet aux propri\u00e9taires de magasins de d\u00e9finir des r\u00e8gles et des conditions sp\u00e9cifiques pour les codes de r\u00e9duction \u00e9mis par le biais de r\u00e9visions<\/li>\n<li>Fournit un moyen facile et automatis\u00e9 de suivre et de g\u00e9rer l&rsquo;utilisation du code de r\u00e9duction<\/li>\n<li>Augmente l&rsquo;engagement et la fid\u00e9lit\u00e9 des clients gr\u00e2ce \u00e0 des commentaires incit\u00e9s<\/li>\n<li>Stimule les ventes et les revenus en offrant des incitations aux avis et aux achats<\/li>\n<li>Am\u00e9liore la visibilit\u00e9 et la cr\u00e9dibilit\u00e9 du produit gr\u00e2ce \u00e0 des revues et des notes accrues.<\/li>\n<\/ul>\n","protected":false},"excerpt":{"rendered":"<p>Le plugin WooCommerce Review for Discount est un outil incroyablement robuste qui motive efficacement vos pr\u00e9cieux clients \u00e0 laisser des avis perspicaces sur vos produits \u00e9tonnants, le tout en \u00e9change d&rsquo;un code de r\u00e9duction exclusif. Ce plugin exceptionnel s&rsquo;int\u00e8gre sans effort avec la plate-forme WooCommerce tr\u00e8s populaire, vous accordant la capacit\u00e9 remarquable d&rsquo;incorporer sans effort un examen pour une opportunit\u00e9 de r\u00e9duction sur les pages de produits, dans toute votre boutique, ou m\u00eame simplement dans une cat\u00e9gorie d\u00e9sign\u00e9e. De plus, vos clients estim\u00e9s \u00e9prouveront la plus grande commodit\u00e9 car ils partagent joyeusement leurs pr\u00e9cieux commentaires et recevront simultan\u00e9ment un code de coupon unique qu&rsquo;ils peuvent utiliser avec impatience vers leur prochain achat. En embrassant de tout c\u0153ur les capacit\u00e9s remarquables du plugin WooCommerce Review for Discount, vous propulserez sans effort votre entreprise vers des niveaux sans pr\u00e9c\u00e9dent d&rsquo;engagement actif, des chiffres de vente exorbitants et un sentiment de fid\u00e9lit\u00e9 et de d\u00e9votion in\u00e9gal\u00e9s.<\/p>\n","protected":false},"featured_media":146009,"comment_status":"open","ping_status":"open","template":"","meta":[],"product_brand":[2440],"product_cat":[1200,1182,1181],"product_tag":[1398],"class_list":{"0":"post-111589","1":"product","2":"type-product","3":"status-publish","4":"has-post-thumbnail","6":"product_brand-woocommerce","7":"product_cat-commercialisation","8":"product_cat-commerce-electronique-plugins","9":"product_cat-plugins","10":"product_tag-woocommerce","11":"member-discount","12":"discount-restricted","14":"first","15":"instock","16":"sale","17":"downloadable","18":"virtual","19":"sold-individually","20":"purchasable","21":"product-type-simple"},"_links":{"self":[{"href":"https:\/\/gpl-love.com\/fr\/wp-json\/wp\/v2\/product\/111589","targetHints":{"allow":["GET"]}}],"collection":[{"href":"https:\/\/gpl-love.com\/fr\/wp-json\/wp\/v2\/product"}],"about":[{"href":"https:\/\/gpl-love.com\/fr\/wp-json\/wp\/v2\/types\/product"}],"replies":[{"embeddable":true,"href":"https:\/\/gpl-love.com\/fr\/wp-json\/wp\/v2\/comments?post=111589"}],"wp:featuredmedia":[{"embeddable":true,"href":"https:\/\/gpl-love.com\/fr\/wp-json\/wp\/v2\/media\/146009"}],"wp:attachment":[{"href":"https:\/\/gpl-love.com\/fr\/wp-json\/wp\/v2\/media?parent=111589"}],"wp:term":[{"taxonomy":"product_brand","embeddable":true,"href":"https:\/\/gpl-love.com\/fr\/wp-json\/wp\/v2\/product_brand?post=111589"},{"taxonomy":"product_cat","embeddable":true,"href":"https:\/\/gpl-love.com\/fr\/wp-json\/wp\/v2\/product_cat?post=111589"},{"taxonomy":"product_tag","embeddable":true,"href":"https:\/\/gpl-love.com\/fr\/wp-json\/wp\/v2\/product_tag?post=111589"}],"curies":[{"name":"wp","href":"https:\/\/api.w.org\/{rel}","templated":true}]}}