{"id":111586,"date":"2022-06-08T00:00:00","date_gmt":"2022-06-07T22:00:00","guid":{"rendered":"http:\/\/gpl-love.com\/fr\/produit\/woocommerce-product-enquiry-form\/"},"modified":"2026-04-10T18:48:03","modified_gmt":"2026-04-10T16:48:03","slug":"woocommerce-product-enquiry-form","status":"publish","type":"product","link":"https:\/\/gpl-love.com\/fr\/produit\/woocommerce-product-enquiry-form\/","title":{"rendered":"WooCommerce Product Enquiry Form 1.2.24"},"content":{"rendered":"<h3>WooCommerce Product Enquiry Form Traits<\/h3>\n<p>Le formulaire de recherche de produit WooCommerce s&rsquo;av\u00e8re \u00eatre un outil incroyablement robuste et efficace qui vous donne la possibilit\u00e9 d&rsquo;amasser des informations importantes et pertinentes concernant les d\u00e9sirs et les pr\u00e9f\u00e9rences de vos clients. Cette forme poss\u00e8de une simplicit\u00e9 inh\u00e9rente \u00e0 son processus d&rsquo;int\u00e9gration dans votre boutique en ligne, et en outre, il propose une interface conviviale qui facilite la soumission sans effort des demandes li\u00e9es aux produits par votre client\u00e8le estim\u00e9e. La forme elle-m\u00eame poss\u00e8de un immense niveau de personnalisation, vous permettant d&rsquo;adapter ses \u00e9l\u00e9ments \u00e0 vos sp\u00e9cifications pr\u00e9cises, permettant l&rsquo;ajout d&rsquo;un vaste gamme de champs pour garantir l&rsquo;acquisition de toutes les informations clients n\u00e9cessaires. Gr\u00e2ce \u00e0 l&rsquo;utilisation du formulaire de demande de produit WooCommerce, vous obtiendrez une compr\u00e9hension inestimable des exigences de vos clients et en fin de compte, vous fournissez une assistance requise pour s&rsquo;assurer qu&rsquo;ils prennent des d\u00e9cisions d&rsquo;achat bien inform\u00e9es.<\/p>\n<ul>\n<li>Int\u00e9grez de mani\u00e8re transparente un formulaire de demande de produit dans votre boutique WooCommerce<\/li>\n<li>Permettez aux clients de se renseigner sur des produits sp\u00e9cifiques sans s&rsquo;engager dans un achat<\/li>\n<li>Personnalisez le formulaire pour inclure des champs pour des d\u00e9tails sp\u00e9cifiques de produit, tels que les options de couleur ou de taille<\/li>\n<li>Recevez des notifications de nouvelles demandes et r\u00e9pondez-les directement de votre tableau de bord WordPress<\/li>\n<li>Am\u00e9liorer la satisfaction du client en fournissant une ligne de communication directe pour les questions pr\u00e9-vente<\/li>\n<li>Am\u00e9liorer les taux de conversion en r\u00e9pondant aux pr\u00e9occupations et aux objections avant qu&rsquo;un achat ne soit effectu\u00e9<\/li>\n<li>Augmenter la fid\u00e9lit\u00e9 des clients en d\u00e9montrant un engagement envers le service et le soutien personnalis\u00e9s<\/li>\n<li>Facile \u00e0 installer et \u00e0 utiliser, sans comp\u00e9tences de codage ou de d\u00e9veloppement requises<\/li>\n<li>Compatible avec tous les th\u00e8mes et plugins WooCommerce<\/li>\n<li>Id\u00e9al pour les magasins en ligne vendant des produits personnalisables ou complexes o\u00f9 les clients peuvent avoir des questions ou des pr\u00e9occupations sp\u00e9cifiques.<\/li>\n<\/ul>\n","protected":false},"excerpt":{"rendered":"<p>Le formulaire de recherche de produit WooCommerce est un outil de recherche de produits extr\u00eamement robuste et efficace qui a \u00e9t\u00e9 m\u00e9ticuleusement con\u00e7u dans l&rsquo;objectif principal non seulement d&rsquo;am\u00e9liorer la satisfaction du client, mais aussi de stimuler consid\u00e9rablement les ventes. Cet outil exceptionnel permet aux clients de soumettre sans effort des demandes de renseignements relatives \u00e0 des produits particuliers directement \u00e0 partir de la page du produit d\u00e9sign\u00e9, facilitant par la suite une gestion pratique et efficace pour les propri\u00e9taires de magasins. Gr\u00e2ce \u00e0 sa mise en \u0153uvre ing\u00e9nieuse, ce plugin amplifie remarquablement l&rsquo;exp\u00e9rience d&rsquo;achat globale en favorisant une augmentation de l&rsquo;engagement et en att\u00e9nuant efficacement les obstacles potentiels qui peuvent entraver les interactions des clients avec les produits. En outre, cette solution remarquable poss\u00e8de un large \u00e9ventail de champs de forme hautement personnalisables, ainsi que des notifications par e-mail inestimables et un impressionnant m\u00e9canisme de protection anti-spam, qui contribuent tous collectivement \u00e0 garantir une communication transparente et ininterrompue entre vous, en tant que propri\u00e9taire du magasin, et votre clients estim\u00e9s. Par cons\u00e9quent, il est fortement recommand\u00e9 d&rsquo;acqu\u00e9rir rapidement le formulaire de demande de produit WooCommerce aujourd&rsquo;hui pour rationaliser sans effort vos op\u00e9rations de service \u00e0 la client\u00e8le et, en fin de compte, faire monter en fl\u00e8che vos chiffres de vente \u00e0 des hauteurs sans pr\u00e9c\u00e9dent.<\/p>\n","protected":false},"featured_media":145985,"comment_status":"open","ping_status":"open","template":"","meta":[],"product_brand":[2440],"product_cat":[1182,1223,1181],"product_tag":[1398],"class_list":{"0":"post-111586","1":"product","2":"type-product","3":"status-publish","4":"has-post-thumbnail","6":"product_brand-woocommerce","7":"product_cat-commerce-electronique-plugins","8":"product_cat-personnalisation-commerce-electronique-plugins","9":"product_cat-plugins","10":"product_tag-woocommerce","11":"member-discount","12":"discount-restricted","14":"first","15":"instock","16":"sale","17":"downloadable","18":"virtual","19":"sold-individually","20":"purchasable","21":"product-type-simple"},"_links":{"self":[{"href":"https:\/\/gpl-love.com\/fr\/wp-json\/wp\/v2\/product\/111586","targetHints":{"allow":["GET"]}}],"collection":[{"href":"https:\/\/gpl-love.com\/fr\/wp-json\/wp\/v2\/product"}],"about":[{"href":"https:\/\/gpl-love.com\/fr\/wp-json\/wp\/v2\/types\/product"}],"replies":[{"embeddable":true,"href":"https:\/\/gpl-love.com\/fr\/wp-json\/wp\/v2\/comments?post=111586"}],"wp:featuredmedia":[{"embeddable":true,"href":"https:\/\/gpl-love.com\/fr\/wp-json\/wp\/v2\/media\/145985"}],"wp:attachment":[{"href":"https:\/\/gpl-love.com\/fr\/wp-json\/wp\/v2\/media?parent=111586"}],"wp:term":[{"taxonomy":"product_brand","embeddable":true,"href":"https:\/\/gpl-love.com\/fr\/wp-json\/wp\/v2\/product_brand?post=111586"},{"taxonomy":"product_cat","embeddable":true,"href":"https:\/\/gpl-love.com\/fr\/wp-json\/wp\/v2\/product_cat?post=111586"},{"taxonomy":"product_tag","embeddable":true,"href":"https:\/\/gpl-love.com\/fr\/wp-json\/wp\/v2\/product_tag?post=111586"}],"curies":[{"name":"wp","href":"https:\/\/api.w.org\/{rel}","templated":true}]}}