{"id":111584,"date":"2023-06-28T00:00:00","date_gmt":"2023-06-27T22:00:00","guid":{"rendered":"http:\/\/gpl-love.com\/fr\/produit\/woocommerce-page-builder-for-wpbakery\/"},"modified":"2026-04-10T18:47:41","modified_gmt":"2026-04-10T16:47:41","slug":"woocommerce-page-builder-for-wpbakery","status":"publish","type":"product","link":"https:\/\/gpl-love.com\/fr\/produit\/woocommerce-page-builder-for-wpbakery\/","title":{"rendered":"WooCommerce Page Builder For WPBakery 3.4.3.6"},"content":{"rendered":"<h3>WooCommerce Page Builder For WPBakery Traits<\/h3>\n<p>WooCommerce Page Builder pour WPBakery s&rsquo;av\u00e8re \u00eatre un outil exceptionnel pour les personnes qui cherchent \u00e0 cr\u00e9er des sites Web de commerce \u00e9lectronique visuellement attrayants. Son interface conviviale facilite une exp\u00e9rience de construction de pages glisser-d\u00e9poser, utilisant WPBakery comme fondation, ce qui permet ainsi efficacement de temps et d&rsquo;efforts pr\u00e9cieux pour les utilisateurs. En outre, cet outil remarquable offre une vaste gamme de mod\u00e8les et de blocs pr\u00e9-con\u00e7us, qui peuvent tous \u00eatre commod\u00e9ment personnalis\u00e9s afin de r\u00e9pondre aux besoins sp\u00e9cifiques d&rsquo;une entreprise donn\u00e9e. L&rsquo;incorporation de l&rsquo;int\u00e9gration WooCommerce am\u00e9liore encore ses fonctionnalit\u00e9s, accordant aux utilisateurs la possibilit\u00e9 d&rsquo;ajouter sans effort des produits, de g\u00e9rer l&rsquo;inventaire et de g\u00e9rer efficacement les commandes, en l&rsquo;\u00e9tablissant ainsi comme une solution tout compris pour les sites Web de commerce \u00e9lectronique. De plus, ce plugin est fier d&rsquo;\u00eatre enti\u00e8rement r\u00e9actif et compatible avec tous les th\u00e8mes WordPress, garantissant que le site Web r\u00e9sultant d\u00e9gagera une apparence \u00e9tonnante sur tous les appareils. En conclusion, WooCommerce Page Builder pour WPBakery appara\u00eet comme un excellent outil, permettant aux individus de construire une boutique en ligne d&rsquo;apparence professionnelle sans la n\u00e9cessit\u00e9 de toute connaissance de codage.<\/p>\n<ul>\n<li>Cr\u00e9ez des pages de produits personnalis\u00e9es directement dans votre boutique WooCommerce<\/li>\n<li>Interface intuitive et facile \u00e0 utiliser<\/li>\n<li>Aucune connaissance de codage ou technique requise<\/li>\n<li>Compatible avec WPBakery Page Builder<\/li>\n<li>Mod\u00e8les enti\u00e8rement personnalisables et options de conception<\/li>\n<li>Choisissez parmi plusieurs mises en page et styles de produits<\/li>\n<li>Ajouter des descriptions de produits, des images, des vid\u00e9os et plus encore<\/li>\n<li>Prend en charge WooCommerce Shortcodes pour la flexibilit\u00e9 ultime<\/li>\n<li>Am\u00e9liorer l&rsquo;engagement des utilisateurs avec les fonctionnalit\u00e9s et aper\u00e7us des produits dynamiques<\/li>\n<li>Int\u00e9grez de mani\u00e8re transparente \u00e0 la disposition et \u00e0 la conception de votre site Web existant.<\/li>\n<\/ul>\n","protected":false},"excerpt":{"rendered":"<p>Le g\u00e9n\u00e9rateur de page WooCommerce pour WPBakery est un plugin incroyablement robuste qui offre une exp\u00e9rience transparente et conviviale pour la construction de pages de produits personnalis\u00e9es adapt\u00e9es \u00e0 votre boutique en ligne sp\u00e9cifique. \u00c9quip\u00e9 d&rsquo;une interface intuitive et fluide de glisser-d\u00e9poser, associ\u00e9e \u00e0 un vaste assortiment d&rsquo;options de conception \u00e0 votre disposition, vous pouvez \u00e9laborer sans effort des pages de produits visuellement \u00e9tonnantes qui pr\u00e9sentent efficacement votre marchandise de la mani\u00e8re la plus optimale imaginable. Que votre objectif soit de pr\u00e9senter un produit singulier ou de compiler un catalogue complet d&rsquo;\u00e9l\u00e9ments, soyez assur\u00e9 que le constructeur de page WooCommerce pour WPBakery est la solution ultime pour remplir vos aspirations. Ainsi, si vous \u00eates \u00e0 la recherche d&rsquo;un moyen dynamique et adaptable pour fabriquer des pages de produits sur mesure pour votre magasin WooCommerce, il n&rsquo;est pas n\u00e9cessaire de rechercher plus loin que le remarquable Builder WooCommerce pour WPBakery.<\/p>\n","protected":false},"featured_media":145952,"comment_status":"open","ping_status":"open","template":"","meta":[],"product_brand":[2435],"product_cat":[1182,1223,1181],"product_tag":[1231],"class_list":{"0":"post-111584","1":"product","2":"type-product","3":"status-publish","4":"has-post-thumbnail","6":"product_brand-codecanyon","7":"product_cat-commerce-electronique-plugins","8":"product_cat-personnalisation-commerce-electronique-plugins","9":"product_cat-plugins","10":"product_tag-codecanyon","11":"member-discount","12":"discount-restricted","14":"first","15":"instock","16":"sale","17":"downloadable","18":"virtual","19":"sold-individually","20":"purchasable","21":"product-type-simple"},"_links":{"self":[{"href":"https:\/\/gpl-love.com\/fr\/wp-json\/wp\/v2\/product\/111584","targetHints":{"allow":["GET"]}}],"collection":[{"href":"https:\/\/gpl-love.com\/fr\/wp-json\/wp\/v2\/product"}],"about":[{"href":"https:\/\/gpl-love.com\/fr\/wp-json\/wp\/v2\/types\/product"}],"replies":[{"embeddable":true,"href":"https:\/\/gpl-love.com\/fr\/wp-json\/wp\/v2\/comments?post=111584"}],"wp:featuredmedia":[{"embeddable":true,"href":"https:\/\/gpl-love.com\/fr\/wp-json\/wp\/v2\/media\/145952"}],"wp:attachment":[{"href":"https:\/\/gpl-love.com\/fr\/wp-json\/wp\/v2\/media?parent=111584"}],"wp:term":[{"taxonomy":"product_brand","embeddable":true,"href":"https:\/\/gpl-love.com\/fr\/wp-json\/wp\/v2\/product_brand?post=111584"},{"taxonomy":"product_cat","embeddable":true,"href":"https:\/\/gpl-love.com\/fr\/wp-json\/wp\/v2\/product_cat?post=111584"},{"taxonomy":"product_tag","embeddable":true,"href":"https:\/\/gpl-love.com\/fr\/wp-json\/wp\/v2\/product_tag?post=111584"}],"curies":[{"name":"wp","href":"https:\/\/api.w.org\/{rel}","templated":true}]}}