{"id":111578,"date":"2025-11-27T00:00:00","date_gmt":"2025-11-26T23:00:00","guid":{"rendered":"http:\/\/gpl-love.com\/fr\/produit\/trendy-travel-tour-travel-wordpress-agency-theme\/"},"modified":"2026-03-20T23:41:27","modified_gmt":"2026-03-20T22:41:27","slug":"trendy-travel-tour-travel-wordpress-agency-theme","status":"publish","type":"product","link":"https:\/\/gpl-love.com\/fr\/produit\/trendy-travel-tour-travel-wordpress-agency-theme\/","title":{"rendered":"Trendy Travel Tour Travel WordPress Agency Theme 6.7"},"content":{"rendered":"<h3>Trendy Travel Tour Travel WordPress Agency Theme Traits<\/h3>\n<p>Trendy Travel, un th\u00e8me WordPress sp\u00e9cifiquement con\u00e7u pour les agences de visites et de voyages, poss\u00e8de un design tr\u00e8s fonctionnel et visuellement \u00e9tonnant. Ce th\u00e8me offre une pl\u00e9thore de fonctionnalit\u00e9s et d&rsquo;options de personnalisation pour vous aider \u00e0 cr\u00e9er un site Web professionnel et unique pour votre entreprise. Avec son esth\u00e9tique \u00e9l\u00e9gante et moderne, les voyages \u00e0 la mode vous offrent tous les outils n\u00e9cessaires pour pr\u00e9senter efficacement vos visites, destinations et services, y compris la fourniture de forfaits de voyage personnalisables et d&rsquo;options de r\u00e9servation. En outre, ce th\u00e8me est \u00e9quip\u00e9 d&rsquo;un assortiment de mod\u00e8les pr\u00e9-con\u00e7us pour les pages de tourn\u00e9e, les articles de blog, et plus encore, assurant une initiation transparente et sans tracas. B\u00e9n\u00e9ficiant d&rsquo;une conception r\u00e9active et d&rsquo;un panneau d&rsquo;administration navigable sans effort, les voyages \u00e0 la mode sont sans aucun doute le choix optimal pour les personnes cherchant \u00e0 \u00e9tablir un site Web professionnel et captivant de l&rsquo;agence de voyage.<\/p>\n<ul>\n<li>Un th\u00e8me WordPress visuellement \u00e9tonnant con\u00e7u sp\u00e9cifiquement pour les agences de voyages de tourn\u00e9e<\/li>\n<li>Disposages personnalisables de la page d&rsquo;accueil qui pr\u00e9sentent vos destinations et visites en vedette<\/li>\n<li>Syst\u00e8me de r\u00e9servation et de r\u00e9servation facile \u00e0 utiliser int\u00e9gr\u00e9s aux passerelles de paiement populaires<\/li>\n<li>Formulaires de contact int\u00e9gr\u00e9s, int\u00e9gration de cartes et widgets de m\u00e9dias sociaux pour aider les visiteurs \u00e0 se connecter avec votre agence<\/li>\n<li>La conception r\u00e9active mobile garantit que votre site Web est accessible et engageant sur tous les appareils<\/li>\n<li>Options d&rsquo;en-t\u00eate et de pied de page multiples pour vous aider \u00e0 cr\u00e9er un look unique pour votre agence<\/li>\n<li>Documentation approfondie et support client d\u00e9di\u00e9 pour vous aider \u00e0 tirer le meilleur parti de votre th\u00e8me<\/li>\n<li>L&rsquo;installation de d\u00e9monstration en un clic vous permet de commencer rapidement sans aucune connaissance de codage<\/li>\n<li>Des options de conception flexibles vous permettent de personnaliser les couleurs, les polices et les dispositions pour correspondre parfaitement \u00e0 votre marque<\/li>\n<li>Options de r\u00e9f\u00e9rencement avanc\u00e9es pour vous aider \u00e0 augmenter la visibilit\u00e9 et \u00e0 attirer davantage de visiteurs sur votre site Web.<\/li>\n<\/ul>\n","protected":false},"excerpt":{"rendered":"<p>\u00cates-vous \u00e0 la recherche d&rsquo;un site Web moderne et \u00e9l\u00e9gant qui mettra en \u00e9vidence et promouvra efficacement votre agence de tourn\u00e9e et de voyage? Votre recherche se termine ici par l&rsquo;extraordinaire voyage \u00e0 la mode &#8211; un th\u00e8me WordPress in\u00e9gal\u00e9 sp\u00e9cialement con\u00e7u pour les individus de l&rsquo;industrie du voyage. Avec son esth\u00e9tique \u00e9tonnante et ses fonctionnalit\u00e9s conviviales, ce th\u00e8me simplifie le processus de cr\u00e9ation de visites personnalis\u00e9es, de pr\u00e9sentation des visuels captivants de diverses destinations et d&rsquo;\u00e9tablissement de connexions avec des globe-trotters provenant de divers coins du globe. Que vous poss\u00e9diez une vaste exp\u00e9rience en tant qu&rsquo;expert en voyage ou que vous vous lanciez simplement dans votre voyage professionnel, les voyages \u00e0 la mode apparaissent comme la s\u00e9lection id\u00e9ale pour cr\u00e9er un site Web visuellement \u00e9tonnant et tr\u00e8s efficace.<\/p>\n","protected":false},"featured_media":145616,"comment_status":"open","ping_status":"open","template":"","meta":[],"product_brand":[2433],"product_cat":[1558,1212,1213],"product_tag":[1366],"class_list":{"0":"post-111578","1":"product","2":"type-product","3":"status-publish","4":"has-post-thumbnail","6":"product_brand-themeforest","7":"product_cat-hotel-resort","8":"product_cat-themes","9":"product_cat-wordpress-themes","10":"product_tag-themeforest","11":"member-discount","12":"discount-restricted","14":"first","15":"instock","16":"sale","17":"downloadable","18":"virtual","19":"sold-individually","20":"purchasable","21":"product-type-simple"},"_links":{"self":[{"href":"https:\/\/gpl-love.com\/fr\/wp-json\/wp\/v2\/product\/111578","targetHints":{"allow":["GET"]}}],"collection":[{"href":"https:\/\/gpl-love.com\/fr\/wp-json\/wp\/v2\/product"}],"about":[{"href":"https:\/\/gpl-love.com\/fr\/wp-json\/wp\/v2\/types\/product"}],"replies":[{"embeddable":true,"href":"https:\/\/gpl-love.com\/fr\/wp-json\/wp\/v2\/comments?post=111578"}],"wp:featuredmedia":[{"embeddable":true,"href":"https:\/\/gpl-love.com\/fr\/wp-json\/wp\/v2\/media\/145616"}],"wp:attachment":[{"href":"https:\/\/gpl-love.com\/fr\/wp-json\/wp\/v2\/media?parent=111578"}],"wp:term":[{"taxonomy":"product_brand","embeddable":true,"href":"https:\/\/gpl-love.com\/fr\/wp-json\/wp\/v2\/product_brand?post=111578"},{"taxonomy":"product_cat","embeddable":true,"href":"https:\/\/gpl-love.com\/fr\/wp-json\/wp\/v2\/product_cat?post=111578"},{"taxonomy":"product_tag","embeddable":true,"href":"https:\/\/gpl-love.com\/fr\/wp-json\/wp\/v2\/product_tag?post=111578"}],"curies":[{"name":"wp","href":"https:\/\/api.w.org\/{rel}","templated":true}]}}